{"id":7490,"date":"2026-05-01T13:03:10","date_gmt":"2026-05-01T11:03:10","guid":{"rendered":"https:\/\/www.lecha.cz\/?post_type=product&#038;p=7490"},"modified":"2026-05-02T13:26:25","modified_gmt":"2026-05-02T11:26:25","slug":"kabelka-mia-ruzova","status":"publish","type":"product","link":"https:\/\/www.lecha.cz\/index.php\/produkt\/kabelka-mia-ruzova\/","title":{"rendered":"Kabelka &#8211; Mia (R\u016f\u017eov\u00e1)"},"content":{"rendered":"<p>Velk\u00e1 kabelka s magnetick\u00fdm zap\u00edn\u00e1n\u00edm, obsahuje 2 vnit\u0159n\u00ed otev\u0159en\u00e9 kapsi\u010dky a 4 vn\u011bj\u0161\u00ed kapsi\u010dky.<\/p>\n<p>&nbsp;<\/p>\n<p>Lze ji pr\u00e1t.<br \/>\nVhodn\u00e9 i jako d\u00e1rek.<\/p>\n<p>Barvy\u00a0se mohou m\u00edrn\u011b li\u0161it\u00a0dle nastaven\u00ed monitoru.<\/p>\n<p>Autor st\u0159ihu \u2013 B\u00e1ra Mikul\u00e1\u0161kov\u00e1<\/p>\n","protected":false},"excerpt":{"rendered":"<p>Praktick\u00e1 velk\u00e1 kabelka z ko\u010d\u00e1rkoviny s vnit\u0159n\u00edmi kapsami.<\/p>\n","protected":false},"featured_media":7491,"comment_status":"open","ping_status":"closed","template":"","meta":[],"product_brand":[],"product_cat":[333],"product_tag":[382],"class_list":{"0":"post-7490","1":"product","2":"type-product","3":"status-publish","4":"has-post-thumbnail","6":"product_cat-site-kabelky","7":"product_tag-novinka","9":"first","10":"instock","11":"shipping-taxable","12":"purchasable","13":"product-type-simple"},"aioseo_notices":[],"_links":{"self":[{"href":"https:\/\/www.lecha.cz\/index.php\/wp-json\/wp\/v2\/product\/7490","targetHints":{"allow":["GET"]}}],"collection":[{"href":"https:\/\/www.lecha.cz\/index.php\/wp-json\/wp\/v2\/product"}],"about":[{"href":"https:\/\/www.lecha.cz\/index.php\/wp-json\/wp\/v2\/types\/product"}],"replies":[{"embeddable":true,"href":"https:\/\/www.lecha.cz\/index.php\/wp-json\/wp\/v2\/comments?post=7490"}],"wp:featuredmedia":[{"embeddable":true,"href":"https:\/\/www.lecha.cz\/index.php\/wp-json\/wp\/v2\/media\/7491"}],"wp:attachment":[{"href":"https:\/\/www.lecha.cz\/index.php\/wp-json\/wp\/v2\/media?parent=7490"}],"wp:term":[{"taxonomy":"product_brand","embeddable":true,"href":"https:\/\/www.lecha.cz\/index.php\/wp-json\/wp\/v2\/product_brand?post=7490"},{"taxonomy":"product_cat","embeddable":true,"href":"https:\/\/www.lecha.cz\/index.php\/wp-json\/wp\/v2\/product_cat?post=7490"},{"taxonomy":"product_tag","embeddable":true,"href":"https:\/\/www.lecha.cz\/index.php\/wp-json\/wp\/v2\/product_tag?post=7490"}],"curies":[{"name":"wp","href":"https:\/\/api.w.org\/{rel}","templated":true}]}}