{"id":6754,"date":"2026-03-26T12:05:23","date_gmt":"2026-03-26T11:05:23","guid":{"rendered":"https:\/\/www.lecha.cz\/?post_type=product&#038;p=6754"},"modified":"2026-05-02T13:06:27","modified_gmt":"2026-05-02T11:06:27","slug":"klicenka-se-scrapem-satku","status":"publish","type":"product","link":"https:\/\/www.lecha.cz\/index.php\/produkt\/klicenka-se-scrapem-satku\/","title":{"rendered":"Kl\u00ed\u010denka se scrapem \u0161\u00e1tku"},"content":{"rendered":"<p>Kl\u00ed\u010denky v\u00a0t\u00e9to kategorii vznikaj\u00ed ze zbytk\u016f \u0161\u00e1tk\u016f na no\u0161en\u00ed d\u011bt\u00ed. Ka\u017ed\u00fd kousek je origin\u00e1l.<\/p>\n<p>Pou\u017eit\u00edm zbytk\u016f \u0161\u00e1tk\u016f vznik\u00e1 udr\u017eiteln\u00fd v\u00fdrobek, kter\u00fd d\u00e1v\u00e1 materi\u00e1lu nov\u00fd smysl a prodlu\u017euje jeho \u017eivot. Kl\u00ed\u010denka m\u00e1 pevn\u00fd kovov\u00fd krou\u017eek, d\u00edky kter\u00e9mu na ni bezpe\u010dn\u011b uchyt\u00edte kl\u00ed\u010de nebo ji p\u0159ipevn\u00edte nap\u0159. na batoh.<\/p>\n<p>Vhodn\u00e1 na:<br \/>\n&#8211; kl\u00ed\u010de,<br \/>\n&#8211; zav\u011b\u0161en\u00ed na batoh, kabelku, \u010di pen\u011b\u017eenku,<br \/>\n&#8211; zav\u011b\u0161en\u00ed drobn\u00fdch dekorac\u00ed.<\/p>\n<p>&nbsp;<\/p>\n<p>Kl\u00ed\u010denky jsou praktick\u00fdm dopl\u0148kem pro ka\u017edodenn\u00ed pou\u017e\u00edv\u00e1n\u00ed a z\u00e1rove\u0148 drobn\u00fdm d\u00e1rkem, kter\u00fd pot\u011b\u0161\u00ed.<\/p>\n<p>Barvy se mohou m\u00edrn\u011b li\u0161it dle nastaven\u00ed monitoru.<\/p>\n","protected":false},"excerpt":{"rendered":"<p>\u0160it\u00e1 kl\u00ed\u010denka s kovov\u00fdm krou\u017ekem je praktick\u00fdm dopl\u0148kem na kl\u00ed\u010de, batohy nebo ta\u0161ky.<\/p>\n","protected":false},"featured_media":6761,"comment_status":"open","ping_status":"closed","template":"","meta":[],"product_brand":[],"product_cat":[311],"product_tag":[382],"class_list":{"0":"post-6754","1":"product","2":"type-product","3":"status-publish","4":"has-post-thumbnail","6":"product_cat-site-klicenky","7":"product_tag-novinka","9":"first","10":"instock","11":"shipping-taxable","12":"purchasable","13":"product-type-variable"},"aioseo_notices":[],"_links":{"self":[{"href":"https:\/\/www.lecha.cz\/index.php\/wp-json\/wp\/v2\/product\/6754","targetHints":{"allow":["GET"]}}],"collection":[{"href":"https:\/\/www.lecha.cz\/index.php\/wp-json\/wp\/v2\/product"}],"about":[{"href":"https:\/\/www.lecha.cz\/index.php\/wp-json\/wp\/v2\/types\/product"}],"replies":[{"embeddable":true,"href":"https:\/\/www.lecha.cz\/index.php\/wp-json\/wp\/v2\/comments?post=6754"}],"wp:featuredmedia":[{"embeddable":true,"href":"https:\/\/www.lecha.cz\/index.php\/wp-json\/wp\/v2\/media\/6761"}],"wp:attachment":[{"href":"https:\/\/www.lecha.cz\/index.php\/wp-json\/wp\/v2\/media?parent=6754"}],"wp:term":[{"taxonomy":"product_brand","embeddable":true,"href":"https:\/\/www.lecha.cz\/index.php\/wp-json\/wp\/v2\/product_brand?post=6754"},{"taxonomy":"product_cat","embeddable":true,"href":"https:\/\/www.lecha.cz\/index.php\/wp-json\/wp\/v2\/product_cat?post=6754"},{"taxonomy":"product_tag","embeddable":true,"href":"https:\/\/www.lecha.cz\/index.php\/wp-json\/wp\/v2\/product_tag?post=6754"}],"curies":[{"name":"wp","href":"https:\/\/api.w.org\/{rel}","templated":true}]}}