{"id":6311,"date":"2026-03-12T11:36:23","date_gmt":"2026-03-12T10:36:23","guid":{"rendered":"https:\/\/www.lecha.cz\/?post_type=product&#038;p=6311"},"modified":"2026-04-11T19:54:22","modified_gmt":"2026-04-11T17:54:22","slug":"mlyn","status":"publish","type":"product","link":"https:\/\/www.lecha.cz\/index.php\/produkt\/mlyn\/","title":{"rendered":"Ml\u00fdn"},"content":{"rendered":"<p>Obraz ml\u00fdna u lesa zachycuje klid a kouzlo klidn\u00e9 p\u0159\u00edrodn\u00ed atmosf\u00e9ry, kter\u00e9 se p\u0159enese i do va\u0161eho domova.<\/p>\n<p>Obraz je malov\u00e1n olejov\u00fdmi barvami na kvalitn\u00ed pl\u00e1tno o rozm\u011bru 29,7\u00d742 cm, obraz je o\u0161et\u0159en ochrannou vrstvou, kter\u00e1 chr\u00e1n\u00ed barvy a zaji\u0161\u0165uje jejich st\u00e1lost. Ka\u017ed\u00fd tah \u0161t\u011btce je origin\u00e1ln\u00ed \u2013 tento obraz existuje pouze v jednom jedin\u00e9m exempl\u00e1\u0159i.<\/p>\n","protected":false},"excerpt":{"rendered":"<p>Ru\u010dn\u011b malovan\u00fd obraz technikou oleje na pl\u00e1tno. Ml\u00fdn \u2013 origin\u00e1l, jedin\u00fd kus, zafixov\u00e1no ochrannou vrstvou.<\/p>\n","protected":false},"featured_media":6314,"comment_status":"open","ping_status":"closed","template":"","meta":[],"product_brand":[],"product_cat":[153],"product_tag":[],"class_list":{"0":"post-6311","1":"product","2":"type-product","3":"status-publish","4":"has-post-thumbnail","6":"product_cat-malovane-obrazy","8":"first","9":"instock","10":"shipping-taxable","11":"purchasable","12":"product-type-simple"},"aioseo_notices":[],"_links":{"self":[{"href":"https:\/\/www.lecha.cz\/index.php\/wp-json\/wp\/v2\/product\/6311","targetHints":{"allow":["GET"]}}],"collection":[{"href":"https:\/\/www.lecha.cz\/index.php\/wp-json\/wp\/v2\/product"}],"about":[{"href":"https:\/\/www.lecha.cz\/index.php\/wp-json\/wp\/v2\/types\/product"}],"replies":[{"embeddable":true,"href":"https:\/\/www.lecha.cz\/index.php\/wp-json\/wp\/v2\/comments?post=6311"}],"wp:featuredmedia":[{"embeddable":true,"href":"https:\/\/www.lecha.cz\/index.php\/wp-json\/wp\/v2\/media\/6314"}],"wp:attachment":[{"href":"https:\/\/www.lecha.cz\/index.php\/wp-json\/wp\/v2\/media?parent=6311"}],"wp:term":[{"taxonomy":"product_brand","embeddable":true,"href":"https:\/\/www.lecha.cz\/index.php\/wp-json\/wp\/v2\/product_brand?post=6311"},{"taxonomy":"product_cat","embeddable":true,"href":"https:\/\/www.lecha.cz\/index.php\/wp-json\/wp\/v2\/product_cat?post=6311"},{"taxonomy":"product_tag","embeddable":true,"href":"https:\/\/www.lecha.cz\/index.php\/wp-json\/wp\/v2\/product_tag?post=6311"}],"curies":[{"name":"wp","href":"https:\/\/api.w.org\/{rel}","templated":true}]}}