{"id":6310,"date":"2026-03-12T11:36:03","date_gmt":"2026-03-12T10:36:03","guid":{"rendered":"https:\/\/www.lecha.cz\/?post_type=product&#038;p=6310"},"modified":"2026-04-23T12:25:52","modified_gmt":"2026-04-23T10:25:52","slug":"vypletany-kos-zaba-berta","status":"publish","type":"product","link":"https:\/\/www.lecha.cz\/index.php\/produkt\/vypletany-kos-zaba-berta\/","title":{"rendered":"Vypl\u00e9tan\u00fd ko\u0161 &#8211; \u017e\u00e1ba Berta"},"content":{"rendered":"<p data-start=\"588\" data-end=\"930\">Ko\u0161\u00edk s motivem \u017e\u00e1by je ru\u010dn\u011b h\u00e1\u010dkovan\u00fd v\u00fdrobek, kter\u00fd spojuje funk\u010dnost s hrav\u00fdm designem. Je ide\u00e1ln\u00ed na ulo\u017een\u00ed kl\u00ed\u010d\u016f, drobnost\u00ed \u010di dekorac\u00ed a d\u00edky sv\u00e9mu vzhledu rozz\u00e1\u0159\u00ed ka\u017edou m\u00edstnost. Ka\u017ed\u00fd kus je origin\u00e1l, vyroben\u00fd s pe\u010dlivost\u00ed a d\u016frazem na detail.<\/p>\n<p data-start=\"588\" data-end=\"930\">Tento ko\u0161\u00edk je nejen praktick\u00fdm pomocn\u00edkem, ale tak\u00e9 vesel\u00fdm spole\u010dn\u00edkem pro mal\u00e9 i velk\u00e9.<\/p>\n<p data-start=\"932\" data-end=\"994\">\u017d\u00e1ba vznikla podle autorsk\u00e9ho placen\u00e9ho n\u00e1vodu od autorky: modr\u00e1 Koala.<\/p>\n<p data-start=\"932\" data-end=\"994\">Barvy v\u00fdrobku odpov\u00eddaj\u00ed fotografi\u00edm. V p\u0159\u00edpad\u011b jin\u00e9 barevn\u00e9 varianty bude ko\u0161\u00edk v\u017edy nafocen a uveden v odpov\u00eddaj\u00edc\u00ed barv\u011b.<\/p>\n","protected":false},"excerpt":{"rendered":"<p>Ru\u010dn\u011b h\u00e1\u010dkovan\u00fd ko\u0161\u00edk s motivem \u017e\u00e1by. Origin\u00e1ln\u00ed dopln\u011bk i praktick\u00e1 dekorace.<\/p>\n","protected":false},"featured_media":6372,"comment_status":"open","ping_status":"closed","template":"","meta":[],"product_brand":[],"product_cat":[143],"product_tag":[],"class_list":{"0":"post-6310","1":"product","2":"type-product","3":"status-publish","4":"has-post-thumbnail","6":"product_cat-hackovane-kosiky-se-zviratky","8":"first","9":"instock","10":"shipping-taxable","11":"purchasable","12":"product-type-simple"},"aioseo_notices":[],"_links":{"self":[{"href":"https:\/\/www.lecha.cz\/index.php\/wp-json\/wp\/v2\/product\/6310","targetHints":{"allow":["GET"]}}],"collection":[{"href":"https:\/\/www.lecha.cz\/index.php\/wp-json\/wp\/v2\/product"}],"about":[{"href":"https:\/\/www.lecha.cz\/index.php\/wp-json\/wp\/v2\/types\/product"}],"replies":[{"embeddable":true,"href":"https:\/\/www.lecha.cz\/index.php\/wp-json\/wp\/v2\/comments?post=6310"}],"wp:featuredmedia":[{"embeddable":true,"href":"https:\/\/www.lecha.cz\/index.php\/wp-json\/wp\/v2\/media\/6372"}],"wp:attachment":[{"href":"https:\/\/www.lecha.cz\/index.php\/wp-json\/wp\/v2\/media?parent=6310"}],"wp:term":[{"taxonomy":"product_brand","embeddable":true,"href":"https:\/\/www.lecha.cz\/index.php\/wp-json\/wp\/v2\/product_brand?post=6310"},{"taxonomy":"product_cat","embeddable":true,"href":"https:\/\/www.lecha.cz\/index.php\/wp-json\/wp\/v2\/product_cat?post=6310"},{"taxonomy":"product_tag","embeddable":true,"href":"https:\/\/www.lecha.cz\/index.php\/wp-json\/wp\/v2\/product_tag?post=6310"}],"curies":[{"name":"wp","href":"https:\/\/api.w.org\/{rel}","templated":true}]}}