{"id":6249,"date":"2026-03-09T13:52:02","date_gmt":"2026-03-09T12:52:02","guid":{"rendered":"https:\/\/www.lecha.cz\/?post_type=product&#038;p=6249"},"modified":"2026-05-02T13:35:18","modified_gmt":"2026-05-02T11:35:18","slug":"latkovy-penalek-s-korkem-podzimni-vetvicky","status":"publish","type":"product","link":"https:\/\/www.lecha.cz\/index.php\/produkt\/latkovy-penalek-s-korkem-podzimni-vetvicky\/","title":{"rendered":"L\u00e1tkov\u00fd pen\u00e1lek s korkem &#8211; Podzimn\u00ed v\u011btvi\u010dky"},"content":{"rendered":"<p>Prateln\u00fd l\u00e1tkov\u00fd pen\u00e1lek s poutkem je ru\u010dn\u011b \u0161it\u00fd s d\u016frazem na detail a prakti\u010dnost. Je vhodn\u00fd pro ka\u017edodenn\u00ed pou\u017eit\u00ed. Ka\u017ed\u00fd kus je origin\u00e1l.<br \/>\nPen\u00e1lek je u\u0161it z materi\u00e1l\u016f, kter\u00e9 dob\u0159e dr\u017e\u00ed tvar. Je uzav\u00edrateln\u00fd na zip, kter\u00fd spolehliv\u011b chr\u00e1n\u00ed obsah p\u0159ed vysyp\u00e1n\u00edm. Praktick\u00e9 poutko umo\u017e\u0148uje snadn\u00e9 p\u0159en\u00e1\u0161en\u00ed nebo zav\u011b\u0161en\u00ed.<br \/>\nKombinace p\u0159\u00edrodn\u00ed l\u00e1tky a korku dod\u00e1v\u00e1 ta\u0161ti\u010dce jemn\u00fd vzhled, ale z\u00e1rove\u0148 zaji\u0161\u0165uje pevnost. Korek je pevn\u00fd a odoln\u00fd materi\u00e1l, kter\u00fd dob\u0159e dr\u017e\u00ed tvar a dod\u00e1v\u00e1 v\u00fdrobku p\u0159\u00edrodn\u00ed vzhled.<\/p>\n<p>&nbsp;<\/p>\n<p>Vhodn\u00fd na:<br \/>\n&#8211; Psac\u00ed pot\u0159eby,<br \/>\n&#8211; kosmetiku a drobnosti do kabelky,<br \/>\n&#8211; l\u00e9ky,<br \/>\n&#8211; cokoliv, co chcete m\u00edt p\u0159ehledn\u011b uschovan\u00e9.<\/p>\n<p>&nbsp;<\/p>\n<p>Pouzdro p\u0159edstavuje udr\u017eiteln\u011bj\u0161\u00ed alternativu k jednor\u00e1zov\u00fdm obal\u016fm.<br \/>\nVhodn\u00e9 i jako d\u00e1rek.<\/p>\n<p>&nbsp;<\/p>\n<p>Barvy se mohou m\u00edrn\u011b li\u0161it dle nastaven\u00ed monitoru.<\/p>\n","protected":false},"excerpt":{"rendered":"<p>L\u00e1tkov\u00e9 pouzdro je praktick\u00fd pomocn\u00edk pro p\u0159ehledn\u00e9 ulo\u017een\u00ed v\u011bc\u00ed. Dno je u\u0161it\u00e9 z korku, kter\u00fd v\u00fdrobku dod\u00e1v\u00e1 pevnost a p\u0159\u00edrodn\u00ed vzhled.<\/p>\n","protected":false},"featured_media":6250,"comment_status":"open","ping_status":"closed","template":"","meta":[],"product_brand":[],"product_cat":[359],"product_tag":[382],"class_list":{"0":"post-6249","1":"product","2":"type-product","3":"status-publish","4":"has-post-thumbnail","6":"product_cat-site-penalky","7":"product_tag-novinka","9":"first","10":"instock","11":"shipping-taxable","12":"purchasable","13":"product-type-simple"},"aioseo_notices":[],"_links":{"self":[{"href":"https:\/\/www.lecha.cz\/index.php\/wp-json\/wp\/v2\/product\/6249","targetHints":{"allow":["GET"]}}],"collection":[{"href":"https:\/\/www.lecha.cz\/index.php\/wp-json\/wp\/v2\/product"}],"about":[{"href":"https:\/\/www.lecha.cz\/index.php\/wp-json\/wp\/v2\/types\/product"}],"replies":[{"embeddable":true,"href":"https:\/\/www.lecha.cz\/index.php\/wp-json\/wp\/v2\/comments?post=6249"}],"wp:featuredmedia":[{"embeddable":true,"href":"https:\/\/www.lecha.cz\/index.php\/wp-json\/wp\/v2\/media\/6250"}],"wp:attachment":[{"href":"https:\/\/www.lecha.cz\/index.php\/wp-json\/wp\/v2\/media?parent=6249"}],"wp:term":[{"taxonomy":"product_brand","embeddable":true,"href":"https:\/\/www.lecha.cz\/index.php\/wp-json\/wp\/v2\/product_brand?post=6249"},{"taxonomy":"product_cat","embeddable":true,"href":"https:\/\/www.lecha.cz\/index.php\/wp-json\/wp\/v2\/product_cat?post=6249"},{"taxonomy":"product_tag","embeddable":true,"href":"https:\/\/www.lecha.cz\/index.php\/wp-json\/wp\/v2\/product_tag?post=6249"}],"curies":[{"name":"wp","href":"https:\/\/api.w.org\/{rel}","templated":true}]}}