{"id":6239,"date":"2026-03-09T13:23:45","date_gmt":"2026-03-09T12:23:45","guid":{"rendered":"https:\/\/www.lecha.cz\/?post_type=product&#038;p=6239"},"modified":"2026-05-02T13:37:21","modified_gmt":"2026-05-02T11:37:21","slug":"latkova-kosmeticka-tasticka-s-korkem-podzimni-vetvicky","status":"publish","type":"product","link":"https:\/\/www.lecha.cz\/index.php\/produkt\/latkova-kosmeticka-tasticka-s-korkem-podzimni-vetvicky\/","title":{"rendered":"L\u00e1tkov\u00e1 kosmetick\u00e1 ta\u0161ti\u010dka s korkem &#8211; Podzimn\u00ed v\u011btvi\u010dky"},"content":{"rendered":"<p>Prateln\u00e1 l\u00e1tkov\u00e1 kosmetick\u00e1 ta\u0161ti\u010dka s poutkem je ru\u010dn\u011b \u0161it\u00e1 s d\u016frazem na detail a prakti\u010dnost. Je vhodn\u00e1 pro ka\u017edodenn\u00ed pou\u017eit\u00ed doma i na cest\u00e1ch a ka\u017ed\u00fd kus je origin\u00e1l.<br \/>\nTa\u0161ti\u010dka je u\u0161ita z materi\u00e1l\u016f, kter\u00e9 dob\u0159e dr\u017e\u00ed tvar. Je uzav\u00edrateln\u00e1 na zip, kter\u00fd spolehliv\u011b chr\u00e1n\u00ed obsah p\u0159ed vysyp\u00e1n\u00edm. Praktick\u00e9 poutko umo\u017e\u0148uje snadn\u00e9 p\u0159en\u00e1\u0161en\u00ed nebo zav\u011b\u0161en\u00ed.<\/p>\n<p>Kombinace p\u0159\u00edrodn\u00ed l\u00e1tky a korku dod\u00e1v\u00e1 ta\u0161ti\u010dce jemn\u00fd vzhled, ale z\u00e1rove\u0148 zaji\u0161\u0165uje pevnost. Korek je pevn\u00fd a odoln\u00fd materi\u00e1l, kter\u00fd dob\u0159e dr\u017e\u00ed tvar a dod\u00e1v\u00e1 v\u00fdrobku p\u0159\u00edrodn\u00ed vzhled.<\/p>\n<p>&nbsp;<\/p>\n<p>Vhodn\u00e1 na:<br \/>\n&#8211; kosmetiku a drobnosti do kabelky,<br \/>\n&#8211; cestovn\u00ed hygienu,<br \/>\n&#8211; l\u00e9ky,<br \/>\n&#8211; cokoliv, co chcete m\u00edt p\u0159ehledn\u011b uschovan\u00e9.<\/p>\n<p>&nbsp;<\/p>\n<p>Ta\u0161ti\u010dka p\u0159edstavuje udr\u017eiteln\u011bj\u0161\u00ed alternativu k jednor\u00e1zov\u00fdm obal\u016fm.<br \/>\nVhodn\u00e1 i jako d\u00e1rek.<\/p>\n<p>&nbsp;<\/p>\n<p>Barvy se mohou m\u00edrn\u011b li\u0161it dle nastaven\u00ed monitoru.<\/p>\n","protected":false},"excerpt":{"rendered":"<p>V\u011bt\u0161\u00ed l\u00e1tkov\u00e1 kosmetick\u00e1 ta\u0161ti\u010dka je praktick\u00fd pomocn\u00edk pro p\u0159ehledn\u00e9 ulo\u017een\u00ed v\u011bc\u00ed.<\/p>\n","protected":false},"featured_media":6240,"comment_status":"open","ping_status":"closed","template":"","meta":[],"product_brand":[],"product_cat":[308],"product_tag":[382],"class_list":{"0":"post-6239","1":"product","2":"type-product","3":"status-publish","4":"has-post-thumbnail","6":"product_cat-site-kosmeticke-tasky","7":"product_tag-novinka","9":"first","10":"instock","11":"shipping-taxable","12":"purchasable","13":"product-type-simple"},"aioseo_notices":[],"_links":{"self":[{"href":"https:\/\/www.lecha.cz\/index.php\/wp-json\/wp\/v2\/product\/6239","targetHints":{"allow":["GET"]}}],"collection":[{"href":"https:\/\/www.lecha.cz\/index.php\/wp-json\/wp\/v2\/product"}],"about":[{"href":"https:\/\/www.lecha.cz\/index.php\/wp-json\/wp\/v2\/types\/product"}],"replies":[{"embeddable":true,"href":"https:\/\/www.lecha.cz\/index.php\/wp-json\/wp\/v2\/comments?post=6239"}],"wp:featuredmedia":[{"embeddable":true,"href":"https:\/\/www.lecha.cz\/index.php\/wp-json\/wp\/v2\/media\/6240"}],"wp:attachment":[{"href":"https:\/\/www.lecha.cz\/index.php\/wp-json\/wp\/v2\/media?parent=6239"}],"wp:term":[{"taxonomy":"product_brand","embeddable":true,"href":"https:\/\/www.lecha.cz\/index.php\/wp-json\/wp\/v2\/product_brand?post=6239"},{"taxonomy":"product_cat","embeddable":true,"href":"https:\/\/www.lecha.cz\/index.php\/wp-json\/wp\/v2\/product_cat?post=6239"},{"taxonomy":"product_tag","embeddable":true,"href":"https:\/\/www.lecha.cz\/index.php\/wp-json\/wp\/v2\/product_tag?post=6239"}],"curies":[{"name":"wp","href":"https:\/\/api.w.org\/{rel}","templated":true}]}}