{"id":6052,"date":"2026-02-22T16:47:25","date_gmt":"2026-02-22T15:47:25","guid":{"rendered":"https:\/\/www.lecha.cz\/?post_type=product&#038;p=6052"},"modified":"2026-02-22T16:50:36","modified_gmt":"2026-02-22T15:50:36","slug":"kabelkobatoh","status":"publish","type":"product","link":"https:\/\/www.lecha.cz\/index.php\/produkt\/kabelkobatoh\/","title":{"rendered":"Kabelkobatoh"},"content":{"rendered":"<p>Lze ho pr\u00e1t.<br \/>\nVhodn\u00e9 jako \u0159e\u0161en\u00ed pro maminky, 3 v 1.<\/p>\n<p>Vhodn\u00e9 i jako d\u00e1rek.<\/p>\n<p>&nbsp;<\/p>\n<p>Barvy\u00a0se mohou m\u00edrn\u011b li\u0161it\u00a0dle nastaven\u00ed monitoru.<\/p>\n<p>Autor st\u0159ihu \u2013 B\u00e1ra Mikul\u00e1\u0161kov\u00e1<\/p>\n","protected":false},"excerpt":{"rendered":"<p>Praktick\u00fd kabelkobatoh 3 v 1 z ko\u010d\u00e1rkoviny, vhodn\u00fd jako ide\u00e1ln\u00ed \u0159e\u0161en\u00ed pro maminky.<\/p>\n","protected":false},"featured_media":6053,"comment_status":"open","ping_status":"closed","template":"","meta":[],"product_brand":[],"product_cat":[334,333],"product_tag":[],"class_list":{"0":"post-6052","1":"product","2":"type-product","3":"status-publish","4":"has-post-thumbnail","6":"product_cat-site-batohy","7":"product_cat-site-kabelky","9":"first","10":"outofstock","11":"shipping-taxable","12":"purchasable","13":"product-type-simple"},"aioseo_notices":[],"_links":{"self":[{"href":"https:\/\/www.lecha.cz\/index.php\/wp-json\/wp\/v2\/product\/6052","targetHints":{"allow":["GET"]}}],"collection":[{"href":"https:\/\/www.lecha.cz\/index.php\/wp-json\/wp\/v2\/product"}],"about":[{"href":"https:\/\/www.lecha.cz\/index.php\/wp-json\/wp\/v2\/types\/product"}],"replies":[{"embeddable":true,"href":"https:\/\/www.lecha.cz\/index.php\/wp-json\/wp\/v2\/comments?post=6052"}],"wp:featuredmedia":[{"embeddable":true,"href":"https:\/\/www.lecha.cz\/index.php\/wp-json\/wp\/v2\/media\/6053"}],"wp:attachment":[{"href":"https:\/\/www.lecha.cz\/index.php\/wp-json\/wp\/v2\/media?parent=6052"}],"wp:term":[{"taxonomy":"product_brand","embeddable":true,"href":"https:\/\/www.lecha.cz\/index.php\/wp-json\/wp\/v2\/product_brand?post=6052"},{"taxonomy":"product_cat","embeddable":true,"href":"https:\/\/www.lecha.cz\/index.php\/wp-json\/wp\/v2\/product_cat?post=6052"},{"taxonomy":"product_tag","embeddable":true,"href":"https:\/\/www.lecha.cz\/index.php\/wp-json\/wp\/v2\/product_tag?post=6052"}],"curies":[{"name":"wp","href":"https:\/\/api.w.org\/{rel}","templated":true}]}}