{"id":6001,"date":"2026-01-03T13:57:08","date_gmt":"2026-01-03T12:57:08","guid":{"rendered":"https:\/\/www.lecha.cz\/?post_type=product&#038;p=6001"},"modified":"2026-05-02T13:20:14","modified_gmt":"2026-05-02T11:20:14","slug":"klicenka-uzsi","status":"publish","type":"product","link":"https:\/\/www.lecha.cz\/index.php\/produkt\/klicenka-uzsi\/","title":{"rendered":"Kl\u00ed\u010denka &#8211; u\u017e\u0161\u00ed"},"content":{"rendered":"<p>L\u00e1tkov\u00e1 kl\u00ed\u010denka je u\u0161ita s d\u016frazem na detail &#8211; ka\u017ed\u00fd kus je origin\u00e1l. Kl\u00ed\u010denka m\u00e1 pevn\u00fd kovov\u00fd krou\u017eek, d\u00edky kter\u00e9mu na ni bezpe\u010dn\u011b uchyt\u00edte kl\u00ed\u010de nebo ji p\u0159ipevn\u00edte nap\u0159. na batoh.<\/p>\n<p>Vhodn\u00e1 na:<br \/>\n&#8211; kl\u00ed\u010de,<br \/>\n&#8211; zav\u011b\u0161en\u00ed na batoh, kabelku, \u010di pen\u011b\u017eenku,<br \/>\n&#8211; zav\u011b\u0161en\u00ed drobn\u00fdch dekorac\u00ed.<\/p>\n<p>&nbsp;<\/p>\n<p>Skv\u011bl\u00fd n\u00e1pad na mal\u00fd d\u00e1rek nebo dopln\u011bk k jin\u00fdm handmade v\u00fdrobk\u016fm.<\/p>\n<p>Barvy se mohou m\u00edrn\u011b li\u0161it dle nastaven\u00ed monitoru.<\/p>\n","protected":false},"excerpt":{"rendered":"<p>\u0160it\u00e1 kl\u00ed\u010denka s kovov\u00fdm krou\u017ekem je praktick\u00fdm dopl\u0148kem na kl\u00ed\u010de, batohy nebo ta\u0161ky.<\/p>\n","protected":false},"featured_media":5958,"comment_status":"open","ping_status":"closed","template":"","meta":[],"product_brand":[],"product_cat":[311],"product_tag":[382],"class_list":{"0":"post-6001","1":"product","2":"type-product","3":"status-publish","4":"has-post-thumbnail","6":"product_cat-site-klicenky","7":"product_tag-novinka","9":"first","10":"instock","11":"shipping-taxable","12":"purchasable","13":"product-type-variable"},"aioseo_notices":[],"_links":{"self":[{"href":"https:\/\/www.lecha.cz\/index.php\/wp-json\/wp\/v2\/product\/6001","targetHints":{"allow":["GET"]}}],"collection":[{"href":"https:\/\/www.lecha.cz\/index.php\/wp-json\/wp\/v2\/product"}],"about":[{"href":"https:\/\/www.lecha.cz\/index.php\/wp-json\/wp\/v2\/types\/product"}],"replies":[{"embeddable":true,"href":"https:\/\/www.lecha.cz\/index.php\/wp-json\/wp\/v2\/comments?post=6001"}],"wp:featuredmedia":[{"embeddable":true,"href":"https:\/\/www.lecha.cz\/index.php\/wp-json\/wp\/v2\/media\/5958"}],"wp:attachment":[{"href":"https:\/\/www.lecha.cz\/index.php\/wp-json\/wp\/v2\/media?parent=6001"}],"wp:term":[{"taxonomy":"product_brand","embeddable":true,"href":"https:\/\/www.lecha.cz\/index.php\/wp-json\/wp\/v2\/product_brand?post=6001"},{"taxonomy":"product_cat","embeddable":true,"href":"https:\/\/www.lecha.cz\/index.php\/wp-json\/wp\/v2\/product_cat?post=6001"},{"taxonomy":"product_tag","embeddable":true,"href":"https:\/\/www.lecha.cz\/index.php\/wp-json\/wp\/v2\/product_tag?post=6001"}],"curies":[{"name":"wp","href":"https:\/\/api.w.org\/{rel}","templated":true}]}}