{"id":5970,"date":"2026-01-02T22:21:57","date_gmt":"2026-01-02T21:21:57","guid":{"rendered":"https:\/\/www.lecha.cz\/?post_type=product&#038;p=5970"},"modified":"2026-02-22T16:45:32","modified_gmt":"2026-02-22T15:45:32","slug":"kabelka-nutne-kvuli-nastaveni-stranky","status":"publish","type":"product","link":"https:\/\/www.lecha.cz\/index.php\/produkt\/kabelka-nutne-kvuli-nastaveni-stranky\/","title":{"rendered":"Kabelka &#8211; Aura"},"content":{"rendered":"<p>Velk\u00e1 kabelka s otev\u00edr\u00e1n\u00edm z p\u0159edn\u00ed strany, obsahuje 2 vnit\u0159n\u00ed otev\u0159en\u00e9 kapsi\u010dky a 1 vnit\u0159n\u00ed kapsi\u010dku na zip.<\/p>\n<p>&nbsp;<\/p>\n<p>Lze ji pr\u00e1t.<br \/>\nVhodn\u00e9 i jako d\u00e1rek.<\/p>\n<p>Barvy\u00a0se mohou m\u00edrn\u011b li\u0161it\u00a0dle nastaven\u00ed monitoru.<\/p>\n<p>Autor st\u0159ihu \u2013 B\u00e1ra Mikul\u00e1\u0161kov\u00e1<\/p>\n","protected":false},"excerpt":{"rendered":"<p>Praktick\u00e1 velk\u00e1 kabelka z ko\u010d\u00e1rkoviny s vnit\u0159n\u00edmi kapsami.<\/p>\n","protected":false},"featured_media":6046,"comment_status":"open","ping_status":"closed","template":"","meta":[],"product_brand":[],"product_cat":[333],"product_tag":[],"class_list":{"0":"post-5970","1":"product","2":"type-product","3":"status-publish","4":"has-post-thumbnail","6":"product_cat-site-kabelky","8":"first","9":"outofstock","10":"shipping-taxable","11":"purchasable","12":"product-type-simple"},"aioseo_notices":[],"_links":{"self":[{"href":"https:\/\/www.lecha.cz\/index.php\/wp-json\/wp\/v2\/product\/5970","targetHints":{"allow":["GET"]}}],"collection":[{"href":"https:\/\/www.lecha.cz\/index.php\/wp-json\/wp\/v2\/product"}],"about":[{"href":"https:\/\/www.lecha.cz\/index.php\/wp-json\/wp\/v2\/types\/product"}],"replies":[{"embeddable":true,"href":"https:\/\/www.lecha.cz\/index.php\/wp-json\/wp\/v2\/comments?post=5970"}],"wp:featuredmedia":[{"embeddable":true,"href":"https:\/\/www.lecha.cz\/index.php\/wp-json\/wp\/v2\/media\/6046"}],"wp:attachment":[{"href":"https:\/\/www.lecha.cz\/index.php\/wp-json\/wp\/v2\/media?parent=5970"}],"wp:term":[{"taxonomy":"product_brand","embeddable":true,"href":"https:\/\/www.lecha.cz\/index.php\/wp-json\/wp\/v2\/product_brand?post=5970"},{"taxonomy":"product_cat","embeddable":true,"href":"https:\/\/www.lecha.cz\/index.php\/wp-json\/wp\/v2\/product_cat?post=5970"},{"taxonomy":"product_tag","embeddable":true,"href":"https:\/\/www.lecha.cz\/index.php\/wp-json\/wp\/v2\/product_tag?post=5970"}],"curies":[{"name":"wp","href":"https:\/\/api.w.org\/{rel}","templated":true}]}}