{"id":5963,"date":"2026-01-02T22:08:24","date_gmt":"2026-01-02T21:08:24","guid":{"rendered":"https:\/\/www.lecha.cz\/?post_type=product&#038;p=5963"},"modified":"2026-05-02T13:29:16","modified_gmt":"2026-05-02T11:29:16","slug":"latkovy-svacinovy-sacek-kvetinovy","status":"publish","type":"product","link":"https:\/\/www.lecha.cz\/index.php\/produkt\/latkovy-svacinovy-sacek-kvetinovy\/","title":{"rendered":"L\u00e1tkov\u00fd sva\u010dinov\u00fd s\u00e1\u010dek &#8211; Kv\u011btinov\u00fd"},"content":{"rendered":"<p>Prateln\u00fd l\u00e1tkov\u00fd sva\u010dinov\u00fd s\u00e1\u010dek je ru\u010dn\u011b \u0161it\u00fd s d\u016frazem na detail \u2013 ka\u017ed\u00fd kus je origin\u00e1l. S\u00e1\u010dek je vybaven\u00a0<b>praktick\u00fdm zap\u00edn\u00e1n\u00edm na knofl\u00edk<\/b>, kter\u00e9 bezpe\u010dn\u011b udr\u017e\u00ed obsah uvnit\u0159 a z\u00e1rove\u0148 je snadn\u00e9 jej otev\u00edrat.<\/p>\n<p>&nbsp;<\/p>\n<p>Vhodn\u00fd na:<br \/>\n&#8211; ovoce,<br \/>\n&#8211; drobn\u00e9 sva\u010diny,<br \/>\n&#8211; d\u00e1msk\u00e9 hygienick\u00e9 pom\u016fcky \u010di kosmetiku,<br \/>\n&#8211; men\u0161\u00ed pen\u011b\u017eenku a kl\u00ed\u010de.<\/p>\n<p>&nbsp;<\/p>\n<p>Lze jej pr\u00e1t a opakovan\u011b pou\u017e\u00edvat, \u010d\u00edm\u017e \u0161et\u0159\u00edte p\u0159\u00edrodu oproti jednor\u00e1zov\u00fdm obal\u016fm.<br \/>\nVhodn\u00e9 i jako d\u00e1rek.<\/p>\n<p>&nbsp;<\/p>\n<p>Barvy\u00a0se mohou m\u00edrn\u011b li\u0161it\u00a0dle nastaven\u00ed monitoru.<\/p>\n<p>Autor st\u0159ihu &#8211; B\u00e1ra Mikul\u00e1\u0161kov\u00e1<\/p>\n","protected":false},"excerpt":{"rendered":"<p>L\u00e1tkov\u00fd sva\u010dinov\u00fd s\u00e1\u010dek se zap\u00edn\u00e1n\u00edm na knofl\u00edk je ide\u00e1ln\u00ed na ovoce nebo drobn\u00e9 sva\u010diny.<\/p>\n","protected":false},"featured_media":6213,"comment_status":"open","ping_status":"closed","template":"","meta":[],"product_brand":[],"product_cat":[307],"product_tag":[382],"class_list":{"0":"post-5963","1":"product","2":"type-product","3":"status-publish","4":"has-post-thumbnail","6":"product_cat-site-svacinove-sacky","7":"product_tag-novinka","9":"first","10":"instock","11":"shipping-taxable","12":"purchasable","13":"product-type-simple"},"aioseo_notices":[],"_links":{"self":[{"href":"https:\/\/www.lecha.cz\/index.php\/wp-json\/wp\/v2\/product\/5963","targetHints":{"allow":["GET"]}}],"collection":[{"href":"https:\/\/www.lecha.cz\/index.php\/wp-json\/wp\/v2\/product"}],"about":[{"href":"https:\/\/www.lecha.cz\/index.php\/wp-json\/wp\/v2\/types\/product"}],"replies":[{"embeddable":true,"href":"https:\/\/www.lecha.cz\/index.php\/wp-json\/wp\/v2\/comments?post=5963"}],"wp:featuredmedia":[{"embeddable":true,"href":"https:\/\/www.lecha.cz\/index.php\/wp-json\/wp\/v2\/media\/6213"}],"wp:attachment":[{"href":"https:\/\/www.lecha.cz\/index.php\/wp-json\/wp\/v2\/media?parent=5963"}],"wp:term":[{"taxonomy":"product_brand","embeddable":true,"href":"https:\/\/www.lecha.cz\/index.php\/wp-json\/wp\/v2\/product_brand?post=5963"},{"taxonomy":"product_cat","embeddable":true,"href":"https:\/\/www.lecha.cz\/index.php\/wp-json\/wp\/v2\/product_cat?post=5963"},{"taxonomy":"product_tag","embeddable":true,"href":"https:\/\/www.lecha.cz\/index.php\/wp-json\/wp\/v2\/product_tag?post=5963"}],"curies":[{"name":"wp","href":"https:\/\/api.w.org\/{rel}","templated":true}]}}