{"id":5962,"date":"2026-01-02T22:03:01","date_gmt":"2026-01-02T21:03:01","guid":{"rendered":"https:\/\/www.lecha.cz\/?post_type=product&#038;p=5962"},"modified":"2026-05-02T13:33:36","modified_gmt":"2026-05-02T11:33:36","slug":"latkovy-obal-na-boty-plavky-kvetinovy","status":"publish","type":"product","link":"https:\/\/www.lecha.cz\/index.php\/produkt\/latkovy-obal-na-boty-plavky-kvetinovy\/","title":{"rendered":"L\u00e1tkov\u00fd obal na boty\/plavky &#8211; Kv\u011btinov\u00fd"},"content":{"rendered":"<p><b>Prateln\u00fd l\u00e1tkov\u00fd obal z vod\u011bodoln\u00e9ho materi\u00e1lu s pod\u0161\u00edvkou<\/b>\u00a0a poutkem\u00a0je ru\u010dn\u011b \u0161it\u00fd s d\u016frazem na detail a ka\u017ed\u00fd kus je origin\u00e1l. U t\u00e9to kv\u011btinov\u00e9 varianty v\u00fdrobku jsou ru\u010dn\u011b na\u0161it\u00e9 kv\u011btiny. D\u00edky vod\u011bodoln\u00e9mu povrchu ochr\u00e1n\u00ed obsah p\u0159ed vlhkost\u00ed\u00a0a ne\u010distotami, zat\u00edmco pod\u0161\u00edvka dod\u00e1v\u00e1 obalu p\u0159\u00edjemn\u00fd vzhled.<\/p>\n<p>&nbsp;<\/p>\n<p>Obal je vhodn\u00fd na:<br \/>\n&#8211; boty (do batohu nebo kufru),<br \/>\n&#8211; mokr\u00e9 plavky,<br \/>\n&#8211; cestovn\u00ed drogerii nebo kosmetiku,<br \/>\n&#8211; cokoliv jin\u00e9ho.<\/p>\n<p>&nbsp;<\/p>\n<p>&#8211; do pytle se pohodln\u011b vejdou d\u00e1msk\u00e9 tenisky vel. 40<\/p>\n<p>&nbsp;<\/p>\n<p>Lze jej pr\u00e1t, je znovupou\u017eiteln\u00fd a \u0161etrn\u011bj\u0161\u00ed k p\u0159\u00edrod\u011b ne\u017e igelitov\u00e9 obaly.<br \/>\nVhodn\u00e9 i jako d\u00e1rek.<\/p>\n<p>&nbsp;<\/p>\n<p>Barvy\u00a0se mohou m\u00edrn\u011b li\u0161it\u00a0dle nastaven\u00ed monitoru.<\/p>\n<p>Autor st\u0159ihu &#8211; B\u00e1ra Mikul\u00e1\u0161kov\u00e1<\/p>\n","protected":false},"excerpt":{"rendered":"<p>Prateln\u00fd l\u00e1tkov\u00fd obal z ko\u010d\u00e1rkoviny je praktick\u00fd pomocn\u00edk na boty, plavky i cestovn\u00ed drogerii.<\/p>\n","protected":false},"featured_media":6037,"comment_status":"open","ping_status":"closed","template":"","meta":[],"product_brand":[],"product_cat":[306],"product_tag":[382],"class_list":{"0":"post-5962","1":"product","2":"type-product","3":"status-publish","4":"has-post-thumbnail","6":"product_cat-site-pytle-na-boty","7":"product_tag-novinka","9":"first","10":"instock","11":"shipping-taxable","12":"purchasable","13":"product-type-simple"},"aioseo_notices":[],"_links":{"self":[{"href":"https:\/\/www.lecha.cz\/index.php\/wp-json\/wp\/v2\/product\/5962","targetHints":{"allow":["GET"]}}],"collection":[{"href":"https:\/\/www.lecha.cz\/index.php\/wp-json\/wp\/v2\/product"}],"about":[{"href":"https:\/\/www.lecha.cz\/index.php\/wp-json\/wp\/v2\/types\/product"}],"replies":[{"embeddable":true,"href":"https:\/\/www.lecha.cz\/index.php\/wp-json\/wp\/v2\/comments?post=5962"}],"wp:featuredmedia":[{"embeddable":true,"href":"https:\/\/www.lecha.cz\/index.php\/wp-json\/wp\/v2\/media\/6037"}],"wp:attachment":[{"href":"https:\/\/www.lecha.cz\/index.php\/wp-json\/wp\/v2\/media?parent=5962"}],"wp:term":[{"taxonomy":"product_brand","embeddable":true,"href":"https:\/\/www.lecha.cz\/index.php\/wp-json\/wp\/v2\/product_brand?post=5962"},{"taxonomy":"product_cat","embeddable":true,"href":"https:\/\/www.lecha.cz\/index.php\/wp-json\/wp\/v2\/product_cat?post=5962"},{"taxonomy":"product_tag","embeddable":true,"href":"https:\/\/www.lecha.cz\/index.php\/wp-json\/wp\/v2\/product_tag?post=5962"}],"curies":[{"name":"wp","href":"https:\/\/api.w.org\/{rel}","templated":true}]}}