{"id":5948,"date":"2026-01-02T21:53:30","date_gmt":"2026-01-02T20:53:30","guid":{"rendered":"https:\/\/www.lecha.cz\/?post_type=product&#038;p=5948"},"modified":"2026-05-02T13:33:14","modified_gmt":"2026-05-02T11:33:14","slug":"latkovy-obal-na-boty-plavky-duhova-sada","status":"publish","type":"product","link":"https:\/\/www.lecha.cz\/index.php\/produkt\/latkovy-obal-na-boty-plavky-duhova-sada\/","title":{"rendered":"L\u00e1tkov\u00fd obal na boty\/plavky &#8211; Sada duhov\u00e1"},"content":{"rendered":"<p><b>Prateln\u00e9 l\u00e1tkov\u00e9 obaly z vod\u011bodoln\u00e9ho materi\u00e1lu s pod\u0161\u00edvkou\u00a0<\/b>a poutkem jsou ru\u010dn\u011b \u0161it\u00e9 s d\u016frazem na detail a ka\u017ed\u00fd kus je origin\u00e1l.<br \/>\nD\u00edky vod\u011bodoln\u00e9mu povrchu ochr\u00e1n\u00ed obsah p\u0159ed vlhkost\u00ed\u00a0a ne\u010distotami, zat\u00edmco pod\u0161\u00edvka dod\u00e1v\u00e1 obalu p\u0159\u00edjemn\u00fd vzhled.<\/p>\n<p>&nbsp;<\/p>\n<p>Obaly jsou vhodn\u00e9 na:<br \/>\n&#8211; boty (do batohu nebo kufru),<br \/>\n&#8211; mokr\u00e9 plavky,<br \/>\n&#8211; cestovn\u00ed drogerii nebo kosmetiku,<br \/>\n&#8211; cokoliv jin\u00e9ho.<\/p>\n<p>&nbsp;<\/p>\n<p>&#8211; v\u011bt\u0161\u00ed obal &#8211; pohodln\u011b se vejdou d\u00e1msk\u00e9 tenisky vel. 40<br \/>\n&#8211; men\u0161\u00ed obal &#8211; pro d\u011btsk\u00e9 celoro\u010dn\u00ed boty vel. 27<\/p>\n<p>&nbsp;<\/p>\n<p>Lze je pr\u00e1t, jsou znovupou\u017eiteln\u00e9 a \u0161etrn\u011bj\u0161\u00ed k p\u0159\u00edrod\u011b ne\u017e igelitov\u00e9 obaly.<br \/>\nVhodn\u00e9 i jako d\u00e1rek.<\/p>\n<p>&nbsp;<\/p>\n<p>Barvy\u00a0se mohou m\u00edrn\u011b li\u0161it\u00a0dle nastaven\u00ed monitoru.<\/p>\n<p>&nbsp;<\/p>\n<p>Autor st\u0159ihu &#8211; B\u00e1ra Mikul\u00e1\u0161kov\u00e1<\/p>\n","protected":false},"excerpt":{"rendered":"<p>Prateln\u00fd l\u00e1tkov\u00fd obal z ko\u010d\u00e1rkoviny je k dispozici jako sada &#8211; mal\u00fd a velk\u00fd pytel. Praktick\u00fd pomocn\u00edk na boty, plavky i cestovn\u00ed drogerii.<\/p>\n","protected":false},"featured_media":5956,"comment_status":"open","ping_status":"closed","template":"","meta":[],"product_brand":[],"product_cat":[306],"product_tag":[382],"class_list":{"0":"post-5948","1":"product","2":"type-product","3":"status-publish","4":"has-post-thumbnail","6":"product_cat-site-pytle-na-boty","7":"product_tag-novinka","9":"first","10":"instock","11":"shipping-taxable","12":"purchasable","13":"product-type-simple"},"aioseo_notices":[],"_links":{"self":[{"href":"https:\/\/www.lecha.cz\/index.php\/wp-json\/wp\/v2\/product\/5948","targetHints":{"allow":["GET"]}}],"collection":[{"href":"https:\/\/www.lecha.cz\/index.php\/wp-json\/wp\/v2\/product"}],"about":[{"href":"https:\/\/www.lecha.cz\/index.php\/wp-json\/wp\/v2\/types\/product"}],"replies":[{"embeddable":true,"href":"https:\/\/www.lecha.cz\/index.php\/wp-json\/wp\/v2\/comments?post=5948"}],"wp:featuredmedia":[{"embeddable":true,"href":"https:\/\/www.lecha.cz\/index.php\/wp-json\/wp\/v2\/media\/5956"}],"wp:attachment":[{"href":"https:\/\/www.lecha.cz\/index.php\/wp-json\/wp\/v2\/media?parent=5948"}],"wp:term":[{"taxonomy":"product_brand","embeddable":true,"href":"https:\/\/www.lecha.cz\/index.php\/wp-json\/wp\/v2\/product_brand?post=5948"},{"taxonomy":"product_cat","embeddable":true,"href":"https:\/\/www.lecha.cz\/index.php\/wp-json\/wp\/v2\/product_cat?post=5948"},{"taxonomy":"product_tag","embeddable":true,"href":"https:\/\/www.lecha.cz\/index.php\/wp-json\/wp\/v2\/product_tag?post=5948"}],"curies":[{"name":"wp","href":"https:\/\/api.w.org\/{rel}","templated":true}]}}