{"id":5684,"date":"2025-10-07T12:01:02","date_gmt":"2025-10-07T10:01:02","guid":{"rendered":"https:\/\/www.lecha.cz\/?post_type=product&#038;p=5684"},"modified":"2026-04-11T19:45:42","modified_gmt":"2026-04-11T17:45:42","slug":"hackovany-kos-jezevcik-fred","status":"publish","type":"product","link":"https:\/\/www.lecha.cz\/index.php\/produkt\/hackovany-kos-jezevcik-fred\/","title":{"rendered":"H\u00e1\u010dkovan\u00fd ko\u0161 &#8211; jezev\u010d\u00edk Fred"},"content":{"rendered":"<p data-start=\"271\" data-end=\"637\">Ko\u0161\u00edk s motivem jezev\u010d\u00edka je ru\u010dn\u011b h\u00e1\u010dkovan\u00fd v\u00fdrobek, kter\u00fd spojuje funk\u010dnost s hrav\u00fdm designem. Je ide\u00e1ln\u00ed na ulo\u017een\u00ed kl\u00ed\u010d\u016f, drobnost\u00ed \u010di dekorac\u00ed a d\u00edky sv\u00e9mu vzhledu rozz\u00e1\u0159\u00ed ka\u017edou m\u00edstnost. Tento ko\u0161\u00edk je nejen praktick\u00fdm pomocn\u00edkem, ale tak\u00e9 vesel\u00fdm spole\u010dn\u00edkem pro mal\u00e9 i velk\u00e9.<\/p>\n<p data-start=\"639\" data-end=\"826\">Jezev\u010d\u00edk Fred vznikl podle \u010d\u00e1st\u00ed n\u00e1vodu H\u00e1\u010dkovan\u00fd jezev\u010d\u00edk od autorky Kamlin, s \u00fapravami.<\/p>\n<p data-start=\"639\" data-end=\"826\">Barvy v\u00fdrobku odpov\u00eddaj\u00ed fotografi\u00edm. V p\u0159\u00edpad\u011b jin\u00e9 barevn\u00e9 varianty bude ko\u0161\u00edk v\u017edy nafocen a uveden v odpov\u00eddaj\u00edc\u00ed barv\u011b.<\/p>\n","protected":false},"excerpt":{"rendered":"<p>Ru\u010dn\u011b h\u00e1\u010dkovan\u00fd ko\u0161\u00edk s motivem jezev\u010d\u00edka. Origin\u00e1ln\u00ed dopln\u011bk i praktick\u00e1 dekorace.<\/p>\n","protected":false},"featured_media":5685,"comment_status":"open","ping_status":"closed","template":"","meta":[],"product_brand":[],"product_cat":[143],"product_tag":[],"class_list":{"0":"post-5684","1":"product","2":"type-product","3":"status-publish","4":"has-post-thumbnail","6":"product_cat-hackovane-kosiky-se-zviratky","8":"first","9":"outofstock","10":"shipping-taxable","11":"purchasable","12":"product-type-simple"},"aioseo_notices":[],"_links":{"self":[{"href":"https:\/\/www.lecha.cz\/index.php\/wp-json\/wp\/v2\/product\/5684","targetHints":{"allow":["GET"]}}],"collection":[{"href":"https:\/\/www.lecha.cz\/index.php\/wp-json\/wp\/v2\/product"}],"about":[{"href":"https:\/\/www.lecha.cz\/index.php\/wp-json\/wp\/v2\/types\/product"}],"replies":[{"embeddable":true,"href":"https:\/\/www.lecha.cz\/index.php\/wp-json\/wp\/v2\/comments?post=5684"}],"wp:featuredmedia":[{"embeddable":true,"href":"https:\/\/www.lecha.cz\/index.php\/wp-json\/wp\/v2\/media\/5685"}],"wp:attachment":[{"href":"https:\/\/www.lecha.cz\/index.php\/wp-json\/wp\/v2\/media?parent=5684"}],"wp:term":[{"taxonomy":"product_brand","embeddable":true,"href":"https:\/\/www.lecha.cz\/index.php\/wp-json\/wp\/v2\/product_brand?post=5684"},{"taxonomy":"product_cat","embeddable":true,"href":"https:\/\/www.lecha.cz\/index.php\/wp-json\/wp\/v2\/product_cat?post=5684"},{"taxonomy":"product_tag","embeddable":true,"href":"https:\/\/www.lecha.cz\/index.php\/wp-json\/wp\/v2\/product_tag?post=5684"}],"curies":[{"name":"wp","href":"https:\/\/api.w.org\/{rel}","templated":true}]}}