{"id":5639,"date":"2025-10-03T14:04:50","date_gmt":"2025-10-03T12:04:50","guid":{"rendered":"https:\/\/www.lecha.cz\/?post_type=product&#038;p=5639"},"modified":"2026-04-11T19:45:22","modified_gmt":"2026-04-11T17:45:22","slug":"snek-reprodukce-kresby","status":"publish","type":"product","link":"https:\/\/www.lecha.cz\/index.php\/produkt\/snek-reprodukce-kresby\/","title":{"rendered":"\u0160nek &#8211; reprodukce kresby"},"content":{"rendered":"<p data-start=\"908\" data-end=\"1118\">Reprodukce autorsk\u00e9 kresby &#8211; \u0160nek, vytvo\u0159en\u00e9 technikou kresba tu\u017ekou v roce 2025. Tisk je proveden na kvalitn\u00ed pap\u00edr, kter\u00fd zaji\u0161\u0165uje dlouhou \u017eivotnost a v\u011brnost barev.<\/p>\n<p data-start=\"1120\" data-end=\"1290\">Reprodukce je nab\u00edzena ve form\u00e1tu A4, standardn\u011b bez r\u00e1mu. Ka\u017ed\u00fd kus je autorsky signov\u00e1n.<br data-start=\"1210\" data-end=\"1213\" \/>Jedn\u00e1 se o otev\u0159en\u00fd tisk \u2013 reprodukce jsou dostupn\u00e9 bez omezen\u00ed po\u010dtu kus\u016f.<\/p>\n<p data-start=\"1292\" data-end=\"1347\">Origin\u00e1l kresby nen\u00ed sou\u010d\u00e1st\u00ed nab\u00eddky.<\/p>\n<p data-start=\"1292\" data-end=\"1347\">Reprodukce tiskneme v\u017edy \u010derstv\u011b podle objedn\u00e1vek, proto pros\u00edme o trp\u011blivost s odesl\u00e1n\u00edm. Standardn\u00ed doba v\u00fdroby a odesl\u00e1n\u00ed je 3\u20137 pracovn\u00edch dn\u016f.<\/p>\n","protected":false},"excerpt":{"rendered":"<p>Reprodukce autorsk\u00e9 kresby &#8211; \u0160nek. Tisk na kvalitn\u00ed pap\u00edr ve form\u00e1tu A4 v neomezen\u00e9m mno\u017estv\u00ed.<\/p>\n","protected":false},"featured_media":5645,"comment_status":"open","ping_status":"closed","template":"","meta":[],"product_brand":[],"product_cat":[154],"product_tag":[],"class_list":{"0":"post-5639","1":"product","2":"type-product","3":"status-publish","4":"has-post-thumbnail","6":"product_cat-kresby-a-reprodukce","8":"first","9":"instock","10":"shipping-taxable","11":"purchasable","12":"product-type-simple"},"aioseo_notices":[],"_links":{"self":[{"href":"https:\/\/www.lecha.cz\/index.php\/wp-json\/wp\/v2\/product\/5639","targetHints":{"allow":["GET"]}}],"collection":[{"href":"https:\/\/www.lecha.cz\/index.php\/wp-json\/wp\/v2\/product"}],"about":[{"href":"https:\/\/www.lecha.cz\/index.php\/wp-json\/wp\/v2\/types\/product"}],"replies":[{"embeddable":true,"href":"https:\/\/www.lecha.cz\/index.php\/wp-json\/wp\/v2\/comments?post=5639"}],"wp:featuredmedia":[{"embeddable":true,"href":"https:\/\/www.lecha.cz\/index.php\/wp-json\/wp\/v2\/media\/5645"}],"wp:attachment":[{"href":"https:\/\/www.lecha.cz\/index.php\/wp-json\/wp\/v2\/media?parent=5639"}],"wp:term":[{"taxonomy":"product_brand","embeddable":true,"href":"https:\/\/www.lecha.cz\/index.php\/wp-json\/wp\/v2\/product_brand?post=5639"},{"taxonomy":"product_cat","embeddable":true,"href":"https:\/\/www.lecha.cz\/index.php\/wp-json\/wp\/v2\/product_cat?post=5639"},{"taxonomy":"product_tag","embeddable":true,"href":"https:\/\/www.lecha.cz\/index.php\/wp-json\/wp\/v2\/product_tag?post=5639"}],"curies":[{"name":"wp","href":"https:\/\/api.w.org\/{rel}","templated":true}]}}