{"id":5626,"date":"2025-10-02T11:04:37","date_gmt":"2025-10-02T09:04:37","guid":{"rendered":"https:\/\/www.lecha.cz\/?post_type=product&#038;p=5626"},"modified":"2026-04-07T10:36:50","modified_gmt":"2026-04-07T08:36:50","slug":"dodatek-k-navodu-blechy","status":"publish","type":"product","link":"https:\/\/www.lecha.cz\/index.php\/produkt\/dodatek-k-navodu-blechy\/","title":{"rendered":"Dodatek k n\u00e1vodu &#8211; Blechy"},"content":{"rendered":"<p data-start=\"677\" data-end=\"844\">Tento dokument je <strong data-start=\"696\" data-end=\"773\">dodatek k p\u016fvodn\u00edmu autorsk\u00e9mu n\u00e1vodu na h\u00e1\u010dkovan\u00e9 blechy od autorky Iriny Nevelskaya &#8211; Ginger the flea<\/strong>. Origin\u00e1ln\u00ed n\u00e1vod najdete zde: Funny Flea Amigurumi H\u00e4kel Crochet Flea Pattern Tutorial Beetle Crochet Crochet Pattern Flea Amigurumi PDF Crochet Toy Amigurumi Pattern &#8211; Etsy Australia.<\/p>\n<p data-start=\"846\" data-end=\"1042\">Dodatek je zpracov\u00e1n formou PDF souboru a obsahuje jednotliv\u00e9 popsan\u00e9 vychyt\u00e1vky a \u00fapravy. D\u00edky tomuto dodatku zvl\u00e1dnou jednoduchou blechu uh\u00e1\u010dkovat i h\u00e1\u010dka\u0159ky za\u010d\u00e1te\u010dnice.<\/p>\n<p data-start=\"1044\" data-end=\"1193\">\u26a0\ufe0f <strong data-start=\"1047\" data-end=\"1062\">Upozorn\u011bn\u00ed:<\/strong> Dodatek nenahrazuje p\u016fvodn\u00ed n\u00e1vod \u2013 bez n\u011bj nen\u00ed mo\u017en\u00e9 blechu uh\u00e1\u010dkovat. Je nutn\u00e9 m\u00edt k dispozici origin\u00e1ln\u00ed n\u00e1vod od pan\u00ed Iriny Nevelskaya.<\/p>\n<p data-start=\"1195\" data-end=\"1343\">Jedn\u00e1 se o elektronick\u00fd produkt \u2013 po zaplacen\u00ed obdr\u017e\u00edte e-mail s odkazem ke sta\u017een\u00ed souboru, p\u0159\u00edpadn\u011b si jej m\u016f\u017eete st\u00e1hnout i v sekci <em data-start=\"1330\" data-end=\"1340\">M\u016fj \u00fa\u010det<\/em>.<\/p>\n<p data-start=\"1345\" data-end=\"1423\">Hotov\u00fd v\u00fdrobek nen\u00ed sou\u010d\u00e1st\u00ed na\u0161\u00ed nab\u00eddky.<\/p>\n","protected":false},"excerpt":{"rendered":"<p>Dodatek k h\u00e1\u010dkovan\u00e9mu autorsk\u00e9mu n\u00e1vodu Ginger the flea od pan\u00ed Iriny Nevelskaya. Elektronick\u00fd soubor ve form\u00e1tu PDF s tipy a upraven\u00fdm postupem, kter\u00fd usnadn\u00ed pr\u00e1ci i m\u00e9n\u011b zku\u0161en\u00fdm h\u00e1\u010dka\u0159k\u00e1m.<\/p>\n","protected":false},"featured_media":5629,"comment_status":"open","ping_status":"closed","template":"","meta":[],"product_brand":[],"product_cat":[158],"product_tag":[389],"class_list":{"0":"post-5626","1":"product","2":"type-product","3":"status-publish","4":"has-post-thumbnail","6":"product_cat-navody","7":"product_tag-digitalni-produkt","9":"first","10":"instock","11":"downloadable","12":"virtual","13":"purchasable","14":"product-type-simple"},"aioseo_notices":[],"_links":{"self":[{"href":"https:\/\/www.lecha.cz\/index.php\/wp-json\/wp\/v2\/product\/5626","targetHints":{"allow":["GET"]}}],"collection":[{"href":"https:\/\/www.lecha.cz\/index.php\/wp-json\/wp\/v2\/product"}],"about":[{"href":"https:\/\/www.lecha.cz\/index.php\/wp-json\/wp\/v2\/types\/product"}],"replies":[{"embeddable":true,"href":"https:\/\/www.lecha.cz\/index.php\/wp-json\/wp\/v2\/comments?post=5626"}],"wp:featuredmedia":[{"embeddable":true,"href":"https:\/\/www.lecha.cz\/index.php\/wp-json\/wp\/v2\/media\/5629"}],"wp:attachment":[{"href":"https:\/\/www.lecha.cz\/index.php\/wp-json\/wp\/v2\/media?parent=5626"}],"wp:term":[{"taxonomy":"product_brand","embeddable":true,"href":"https:\/\/www.lecha.cz\/index.php\/wp-json\/wp\/v2\/product_brand?post=5626"},{"taxonomy":"product_cat","embeddable":true,"href":"https:\/\/www.lecha.cz\/index.php\/wp-json\/wp\/v2\/product_cat?post=5626"},{"taxonomy":"product_tag","embeddable":true,"href":"https:\/\/www.lecha.cz\/index.php\/wp-json\/wp\/v2\/product_tag?post=5626"}],"curies":[{"name":"wp","href":"https:\/\/api.w.org\/{rel}","templated":true}]}}