{"id":5615,"date":"2025-10-02T10:55:52","date_gmt":"2025-10-02T08:55:52","guid":{"rendered":"https:\/\/www.lecha.cz\/?post_type=product&#038;p=5615"},"modified":"2026-04-07T10:37:47","modified_gmt":"2026-04-07T08:37:47","slug":"navod-hackovana-klicenka-kapka","status":"publish","type":"product","link":"https:\/\/www.lecha.cz\/index.php\/produkt\/navod-hackovana-klicenka-kapka\/","title":{"rendered":"N\u00e1vod &#8211; h\u00e1\u010dkovan\u00e1 kl\u00ed\u010denka Kapka"},"content":{"rendered":"<p data-start=\"314\" data-end=\"524\">N\u00e1vod na h\u00e1\u010dkovanou kl\u00ed\u010denku Kapku je zpracov\u00e1n formou PDF souboru. Obsahuje podrobn\u00fd postup krok za krokem, kter\u00fd usnadn\u00ed pr\u00e1ci i m\u00e9n\u011b zku\u0161en\u00fdm h\u00e1\u010dka\u0159k\u00e1m.<\/p>\n<p data-start=\"562\" data-end=\"725\">N\u00e1vod je vhodn\u00fd i pro za\u010d\u00e1te\u010dn\u00edky a vede k vytvo\u0159en\u00ed origin\u00e1ln\u00edho v\u00fdrobku, kter\u00fd m\u016f\u017ee slou\u017eit jako p\u0159\u00edv\u011bsek na kl\u00ed\u010de, na batoh nebo jako drobn\u00fd d\u00e1rek pro bl\u00edzk\u00e9.<\/p>\n<p data-start=\"727\" data-end=\"877\">Jedn\u00e1 se o elektronick\u00fd produkt \u2013 po zaplacen\u00ed obdr\u017e\u00edte e-mail s odkazem ke sta\u017een\u00ed souboru, p\u0159\u00edpadn\u011b si m\u016f\u017eete n\u00e1vod st\u00e1hnout i v sekci <em data-start=\"864\" data-end=\"874\">M\u016fj \u00fa\u010det<\/em>.<\/p>\n<p data-start=\"879\" data-end=\"960\">Hotov\u00fd v\u00fdrobek najdete v kategorii: H\u00e1\u010dkovan\u00e9 v\u00fdrobky \u2013 H\u00e1\u010dkovan\u00e9 kl\u00ed\u010denky.<\/p>\n","protected":false},"excerpt":{"rendered":"<p>N\u00e1vod na h\u00e1\u010dkovanou kl\u00ed\u010denku Kapku. Elektronick\u00fd soubor ve form\u00e1tu PDF s podrobn\u00fdm postupem krok za krokem.<\/p>\n","protected":false},"featured_media":5487,"comment_status":"open","ping_status":"closed","template":"","meta":[],"product_brand":[],"product_cat":[158],"product_tag":[389],"class_list":{"0":"post-5615","1":"product","2":"type-product","3":"status-publish","4":"has-post-thumbnail","6":"product_cat-navody","7":"product_tag-digitalni-produkt","9":"first","10":"instock","11":"downloadable","12":"virtual","13":"purchasable","14":"product-type-simple"},"aioseo_notices":[],"_links":{"self":[{"href":"https:\/\/www.lecha.cz\/index.php\/wp-json\/wp\/v2\/product\/5615","targetHints":{"allow":["GET"]}}],"collection":[{"href":"https:\/\/www.lecha.cz\/index.php\/wp-json\/wp\/v2\/product"}],"about":[{"href":"https:\/\/www.lecha.cz\/index.php\/wp-json\/wp\/v2\/types\/product"}],"replies":[{"embeddable":true,"href":"https:\/\/www.lecha.cz\/index.php\/wp-json\/wp\/v2\/comments?post=5615"}],"wp:featuredmedia":[{"embeddable":true,"href":"https:\/\/www.lecha.cz\/index.php\/wp-json\/wp\/v2\/media\/5487"}],"wp:attachment":[{"href":"https:\/\/www.lecha.cz\/index.php\/wp-json\/wp\/v2\/media?parent=5615"}],"wp:term":[{"taxonomy":"product_brand","embeddable":true,"href":"https:\/\/www.lecha.cz\/index.php\/wp-json\/wp\/v2\/product_brand?post=5615"},{"taxonomy":"product_cat","embeddable":true,"href":"https:\/\/www.lecha.cz\/index.php\/wp-json\/wp\/v2\/product_cat?post=5615"},{"taxonomy":"product_tag","embeddable":true,"href":"https:\/\/www.lecha.cz\/index.php\/wp-json\/wp\/v2\/product_tag?post=5615"}],"curies":[{"name":"wp","href":"https:\/\/api.w.org\/{rel}","templated":true}]}}