{"id":5591,"date":"2025-09-30T14:06:50","date_gmt":"2025-09-30T12:06:50","guid":{"rendered":"https:\/\/www.lecha.cz\/?post_type=product&#038;p=5591"},"modified":"2026-04-07T09:47:52","modified_gmt":"2026-04-07T07:47:52","slug":"chaloupka-v-lese","status":"publish","type":"product","link":"https:\/\/www.lecha.cz\/index.php\/produkt\/chaloupka-v-lese\/","title":{"rendered":"Chaloupka v lese (Malov\u00e1n\u00ed podle \u010d\u00edsel)"},"content":{"rendered":"<p>Obraz Chaloupka v lese byl vytvo\u0159en technikou Malov\u00e1n\u00ed podle \u010d\u00edsel. Tento konkr\u00e9tn\u00ed obraz slou\u017e\u00ed jako uk\u00e1zkov\u00fd kus a nen\u00ed k prodeji. Jeho \u00fa\u010delem je p\u0159edstavit techniku, kter\u00e1 se zakl\u00e1d\u00e1 na vybarven\u00ed r\u016fzn\u011b velk\u00fdch a mal\u00fdch pol\u00ed\u010dek ozna\u010den\u00fdch \u010d\u00edslem p\u0159\u00edslu\u0161nou barvou, na p\u0159edem p\u0159edti\u0161t\u011bn\u00e9m pl\u00e1tn\u011b . Na zak\u00e1zku lze vytvo\u0159it prakticky jak\u00fdkoliv V\u00e1mi vybran\u00fd komer\u010dn\u011b dostupn\u00fd motiv. Barvy odpov\u00eddaj\u00ed fotografii.<\/p>\n","protected":false},"excerpt":{"rendered":"<p>Obraz Chaloupka v lese vznikl technikou Malov\u00e1n\u00ed podle \u010d\u00edsel. Jedn\u00e1 se o uk\u00e1zkov\u00fd kus, kter\u00fd nen\u00ed ur\u010den k prodeji.<\/p>\n","protected":false},"featured_media":5592,"comment_status":"open","ping_status":"closed","template":"","meta":[],"product_brand":[],"product_cat":[156],"product_tag":[386],"class_list":{"0":"post-5591","1":"product","2":"type-product","3":"status-publish","4":"has-post-thumbnail","6":"product_cat-specialni-techniky","7":"product_tag-ukazka-prace","9":"first","10":"outofstock","11":"shipping-taxable","12":"product-type-simple"},"aioseo_notices":[],"_links":{"self":[{"href":"https:\/\/www.lecha.cz\/index.php\/wp-json\/wp\/v2\/product\/5591","targetHints":{"allow":["GET"]}}],"collection":[{"href":"https:\/\/www.lecha.cz\/index.php\/wp-json\/wp\/v2\/product"}],"about":[{"href":"https:\/\/www.lecha.cz\/index.php\/wp-json\/wp\/v2\/types\/product"}],"replies":[{"embeddable":true,"href":"https:\/\/www.lecha.cz\/index.php\/wp-json\/wp\/v2\/comments?post=5591"}],"wp:featuredmedia":[{"embeddable":true,"href":"https:\/\/www.lecha.cz\/index.php\/wp-json\/wp\/v2\/media\/5592"}],"wp:attachment":[{"href":"https:\/\/www.lecha.cz\/index.php\/wp-json\/wp\/v2\/media?parent=5591"}],"wp:term":[{"taxonomy":"product_brand","embeddable":true,"href":"https:\/\/www.lecha.cz\/index.php\/wp-json\/wp\/v2\/product_brand?post=5591"},{"taxonomy":"product_cat","embeddable":true,"href":"https:\/\/www.lecha.cz\/index.php\/wp-json\/wp\/v2\/product_cat?post=5591"},{"taxonomy":"product_tag","embeddable":true,"href":"https:\/\/www.lecha.cz\/index.php\/wp-json\/wp\/v2\/product_tag?post=5591"}],"curies":[{"name":"wp","href":"https:\/\/api.w.org\/{rel}","templated":true}]}}