{"id":5588,"date":"2025-09-30T14:03:31","date_gmt":"2025-09-30T12:03:31","guid":{"rendered":"https:\/\/www.lecha.cz\/?post_type=product&#038;p=5588"},"modified":"2026-04-11T19:38:52","modified_gmt":"2026-04-11T17:38:52","slug":"seriky","status":"publish","type":"product","link":"https:\/\/www.lecha.cz\/index.php\/produkt\/seriky\/","title":{"rendered":"\u0160e\u0159\u00edky (Malov\u00e1n\u00ed podle \u010d\u00edsel)"},"content":{"rendered":"<p data-start=\"197\" data-end=\"443\">Obraz \u0160e\u0159\u00edky byl vytvo\u0159en technikou Malov\u00e1n\u00ed podle \u010d\u00edsel. Na p\u0159edti\u0161t\u011bn\u00e9m pl\u00e1tn\u011b jsou jednotliv\u00e9 \u010d\u00e1sti ozna\u010den\u00e9 \u010d\u00edsly, kter\u00e1 odpov\u00eddaj\u00ed konkr\u00e9tn\u00ed barv\u011b, a d\u00edky pe\u010dliv\u00e9mu vybarvov\u00e1n\u00ed vznik\u00e1 detailn\u00ed a barevn\u011b bohat\u00fd motiv.<\/p>\n<p data-start=\"445\" data-end=\"616\">D\u00edky t\u00e9to technice a precizn\u00edmu zpracov\u00e1n\u00ed p\u016fsob\u00ed obraz v\u00fdrazn\u011b a harmonicky. Skv\u011ble se hod\u00ed do ob\u00fdvac\u00edho pokoje, lo\u017enice, d\u011btsk\u00e9ho pokoje i pracovny, pot\u011b\u0161\u00ed tak\u00e9 jako origin\u00e1ln\u00ed d\u00e1rek.<\/p>\n<p data-start=\"618\" data-end=\"719\">Ka\u017ed\u00fd kus je vyroben ru\u010dn\u011b s d\u016frazem na detail.<br data-start=\"685\" data-end=\"688\" \/>Barvy odpov\u00eddaj\u00ed fotografii.<\/p>\n","protected":false},"excerpt":{"rendered":"<p>Obraz \u0160e\u0159\u00edky vznikl technikou Malov\u00e1n\u00ed podle \u010d\u00edsel. Origin\u00e1ln\u00ed dekorace do va\u0161eho interi\u00e9ru.<\/p>\n","protected":false},"featured_media":5589,"comment_status":"open","ping_status":"closed","template":"","meta":[],"product_brand":[],"product_cat":[156],"product_tag":[],"class_list":{"0":"post-5588","1":"product","2":"type-product","3":"status-publish","4":"has-post-thumbnail","6":"product_cat-specialni-techniky","8":"first","9":"instock","10":"shipping-taxable","11":"purchasable","12":"product-type-simple"},"aioseo_notices":[],"_links":{"self":[{"href":"https:\/\/www.lecha.cz\/index.php\/wp-json\/wp\/v2\/product\/5588","targetHints":{"allow":["GET"]}}],"collection":[{"href":"https:\/\/www.lecha.cz\/index.php\/wp-json\/wp\/v2\/product"}],"about":[{"href":"https:\/\/www.lecha.cz\/index.php\/wp-json\/wp\/v2\/types\/product"}],"replies":[{"embeddable":true,"href":"https:\/\/www.lecha.cz\/index.php\/wp-json\/wp\/v2\/comments?post=5588"}],"wp:featuredmedia":[{"embeddable":true,"href":"https:\/\/www.lecha.cz\/index.php\/wp-json\/wp\/v2\/media\/5589"}],"wp:attachment":[{"href":"https:\/\/www.lecha.cz\/index.php\/wp-json\/wp\/v2\/media?parent=5588"}],"wp:term":[{"taxonomy":"product_brand","embeddable":true,"href":"https:\/\/www.lecha.cz\/index.php\/wp-json\/wp\/v2\/product_brand?post=5588"},{"taxonomy":"product_cat","embeddable":true,"href":"https:\/\/www.lecha.cz\/index.php\/wp-json\/wp\/v2\/product_cat?post=5588"},{"taxonomy":"product_tag","embeddable":true,"href":"https:\/\/www.lecha.cz\/index.php\/wp-json\/wp\/v2\/product_tag?post=5588"}],"curies":[{"name":"wp","href":"https:\/\/api.w.org\/{rel}","templated":true}]}}