{"id":5572,"date":"2025-09-30T13:46:55","date_gmt":"2025-09-30T11:46:55","guid":{"rendered":"https:\/\/www.lecha.cz\/?post_type=product&#038;p=5572"},"modified":"2026-04-11T19:34:23","modified_gmt":"2026-04-11T17:34:23","slug":"kocka-na-mesici","status":"publish","type":"product","link":"https:\/\/www.lecha.cz\/index.php\/produkt\/kocka-na-mesici\/","title":{"rendered":"Ko\u010dka na m\u011bs\u00edci (Diamantov\u00e9 malov\u00e1n\u00ed)"},"content":{"rendered":"<p data-start=\"217\" data-end=\"399\">Obraz Ko\u010dka na m\u011bs\u00edci byl vytvo\u0159en technikou Diamantov\u00e9ho malov\u00e1n\u00ed. Drobn\u00fdmi brou\u0161en\u00fdmi kam\u00ednky je slo\u017een detailn\u00ed motiv, kter\u00fd p\u016fsob\u00ed t\u0159pytiv\u011b a origin\u00e1ln\u011b.<\/p>\n<p data-start=\"401\" data-end=\"564\">D\u00edky pe\u010dliv\u00e9mu zpracov\u00e1n\u00ed a v\u00fdrazn\u00fdm barv\u00e1m se stane jedine\u010dn\u00fdm dopl\u0148kem va\u0161eho domova. Hod\u00ed se do ob\u00fdvac\u00edho pokoje, lo\u017enice, d\u011btsk\u00e9ho pokoje i pracovny, pot\u011b\u0161\u00ed tak\u00e9 jako d\u00e1rek.<\/p>\n<p data-start=\"566\" data-end=\"667\">Ka\u017ed\u00fd kus je vyroben ru\u010dn\u011b s d\u016frazem na detail.<br data-start=\"633\" data-end=\"636\" \/>Barvy odpov\u00eddaj\u00ed fotografii.<\/p>\n","protected":false},"excerpt":{"rendered":"<p>Obraz Ko\u010dka na m\u011bs\u00edci vznikl technikou diamantov\u00e9ho malov\u00e1n\u00ed. Origin\u00e1ln\u00ed dekorace do va\u0161eho interi\u00e9ru.<\/p>\n","protected":false},"featured_media":5573,"comment_status":"open","ping_status":"closed","template":"","meta":[],"product_brand":[],"product_cat":[156],"product_tag":[],"class_list":{"0":"post-5572","1":"product","2":"type-product","3":"status-publish","4":"has-post-thumbnail","6":"product_cat-specialni-techniky","8":"first","9":"instock","10":"shipping-taxable","11":"purchasable","12":"product-type-simple"},"aioseo_notices":[],"_links":{"self":[{"href":"https:\/\/www.lecha.cz\/index.php\/wp-json\/wp\/v2\/product\/5572","targetHints":{"allow":["GET"]}}],"collection":[{"href":"https:\/\/www.lecha.cz\/index.php\/wp-json\/wp\/v2\/product"}],"about":[{"href":"https:\/\/www.lecha.cz\/index.php\/wp-json\/wp\/v2\/types\/product"}],"replies":[{"embeddable":true,"href":"https:\/\/www.lecha.cz\/index.php\/wp-json\/wp\/v2\/comments?post=5572"}],"wp:featuredmedia":[{"embeddable":true,"href":"https:\/\/www.lecha.cz\/index.php\/wp-json\/wp\/v2\/media\/5573"}],"wp:attachment":[{"href":"https:\/\/www.lecha.cz\/index.php\/wp-json\/wp\/v2\/media?parent=5572"}],"wp:term":[{"taxonomy":"product_brand","embeddable":true,"href":"https:\/\/www.lecha.cz\/index.php\/wp-json\/wp\/v2\/product_brand?post=5572"},{"taxonomy":"product_cat","embeddable":true,"href":"https:\/\/www.lecha.cz\/index.php\/wp-json\/wp\/v2\/product_cat?post=5572"},{"taxonomy":"product_tag","embeddable":true,"href":"https:\/\/www.lecha.cz\/index.php\/wp-json\/wp\/v2\/product_tag?post=5572"}],"curies":[{"name":"wp","href":"https:\/\/api.w.org\/{rel}","templated":true}]}}