{"id":5491,"date":"2025-09-30T10:15:00","date_gmt":"2025-09-30T08:15:00","guid":{"rendered":"https:\/\/www.lecha.cz\/?post_type=product&#038;p=5491"},"modified":"2026-04-11T19:23:34","modified_gmt":"2026-04-11T17:23:34","slug":"hackovana-klicenka-hvezda","status":"publish","type":"product","link":"https:\/\/www.lecha.cz\/index.php\/produkt\/hackovana-klicenka-hvezda\/","title":{"rendered":"H\u00e1\u010dkovan\u00e1 kl\u00ed\u010denka &#8211; Hv\u011bzda"},"content":{"rendered":"<p data-start=\"422\" data-end=\"653\">Kl\u00ed\u010denka Hv\u011bzda je ru\u010dn\u011b h\u00e1\u010dkovan\u00fd p\u0159\u00edv\u011bsek vytvo\u0159en\u00fd podle autorsk\u00e9ho n\u00e1vodu LeCha. Jemn\u00e1 dekorace, kter\u00e1 ozdob\u00ed va\u0161e kl\u00ed\u010de, kabelku \u010di batoh a p\u0159inese s sebou kousek originality a hravosti.<\/p>\n<p data-start=\"655\" data-end=\"757\">Ka\u017ed\u00fd kus je vyroben s pe\u010dlivost\u00ed a smyslem pro detail. D\u00edky ru\u010dn\u00ed pr\u00e1ci je ka\u017ed\u00e1 kl\u00ed\u010denka origin\u00e1l.<\/p>\n<p data-start=\"759\" data-end=\"927\">Vyrobeno podle autorsk\u00e9ho n\u00e1vodu na h\u00e1\u010dkovanou Hv\u011bzdu (LeCha).<br data-start=\"808\" data-end=\"811\" \/>Barvy odpov\u00eddaj\u00ed fotografi\u00edm. V p\u0159\u00edpad\u011b jin\u00e9 varianty bude kl\u00ed\u010denka v\u017edy nafocena a uvedena v odpov\u00eddaj\u00edc\u00ed barv\u011b.<\/p>\n","protected":false},"excerpt":{"rendered":"<p>Ru\u010dn\u011b h\u00e1\u010dkovan\u00e1 kl\u00ed\u010denka ve tvaru hv\u011bzdi\u010dky. Origin\u00e1ln\u00ed drobnost, kter\u00e1 pot\u011b\u0161\u00ed a ozdob\u00ed va\u0161e kl\u00ed\u010de \u010di batoh.<\/p>\n","protected":false},"featured_media":5495,"comment_status":"open","ping_status":"closed","template":"","meta":[],"product_brand":[],"product_cat":[161],"product_tag":[],"class_list":{"0":"post-5491","1":"product","2":"type-product","3":"status-publish","4":"has-post-thumbnail","6":"product_cat-hackovane-klicenky","8":"first","9":"instock","10":"shipping-taxable","11":"purchasable","12":"product-type-simple"},"aioseo_notices":[],"_links":{"self":[{"href":"https:\/\/www.lecha.cz\/index.php\/wp-json\/wp\/v2\/product\/5491","targetHints":{"allow":["GET"]}}],"collection":[{"href":"https:\/\/www.lecha.cz\/index.php\/wp-json\/wp\/v2\/product"}],"about":[{"href":"https:\/\/www.lecha.cz\/index.php\/wp-json\/wp\/v2\/types\/product"}],"replies":[{"embeddable":true,"href":"https:\/\/www.lecha.cz\/index.php\/wp-json\/wp\/v2\/comments?post=5491"}],"wp:featuredmedia":[{"embeddable":true,"href":"https:\/\/www.lecha.cz\/index.php\/wp-json\/wp\/v2\/media\/5495"}],"wp:attachment":[{"href":"https:\/\/www.lecha.cz\/index.php\/wp-json\/wp\/v2\/media?parent=5491"}],"wp:term":[{"taxonomy":"product_brand","embeddable":true,"href":"https:\/\/www.lecha.cz\/index.php\/wp-json\/wp\/v2\/product_brand?post=5491"},{"taxonomy":"product_cat","embeddable":true,"href":"https:\/\/www.lecha.cz\/index.php\/wp-json\/wp\/v2\/product_cat?post=5491"},{"taxonomy":"product_tag","embeddable":true,"href":"https:\/\/www.lecha.cz\/index.php\/wp-json\/wp\/v2\/product_tag?post=5491"}],"curies":[{"name":"wp","href":"https:\/\/api.w.org\/{rel}","templated":true}]}}