{"id":5482,"date":"2025-09-30T08:44:27","date_gmt":"2025-09-30T06:44:27","guid":{"rendered":"https:\/\/www.lecha.cz\/?post_type=product&#038;p=5482"},"modified":"2026-04-11T19:06:35","modified_gmt":"2026-04-11T17:06:35","slug":"hackovane-hodiny-alwira","status":"publish","type":"product","link":"https:\/\/www.lecha.cz\/index.php\/produkt\/hackovane-hodiny-alwira\/","title":{"rendered":"H\u00e1\u010dkovan\u00e9 hodiny &#8211; Alwira"},"content":{"rendered":"<p data-start=\"479\" data-end=\"748\">Hodiny Alwira jsou ru\u010dn\u011b h\u00e1\u010dkovan\u00fd v\u00fdrobek, jemn\u00fd h\u00e1\u010dkovan\u00fd vzor napnut\u00fd v kovov\u00e9m kruhu a dopln\u011bn\u00fd o hodinov\u00fd strojek s ru\u010di\u010dkami tvo\u0159\u00ed jedine\u010dnou kombinaci u\u017eitku a dekorace, kter\u00e1 rozz\u00e1\u0159\u00ed v\u00e1\u0161 interi\u00e9r.<\/p>\n<p data-start=\"750\" data-end=\"932\">Vyrobeno podle n\u00e1vodu Alwira (autorka: Zuzana Hejdrychov\u00e1 \u2013 Z-art).<br data-start=\"817\" data-end=\"820\" \/>Barva odpov\u00edd\u00e1 fotografii. V p\u0159\u00edpad\u011b jin\u00e9 varianty budou hodiny v\u017edy nafoceny a uvedeny v odpov\u00eddaj\u00edc\u00ed barv\u011b.<\/p>\n","protected":false},"excerpt":{"rendered":"<p>Ru\u010dn\u011b h\u00e1\u010dkovan\u00e9 hodiny podle n\u00e1vodu Alwira. Origin\u00e1ln\u00ed spojen\u00ed jemn\u00e9 dekorace a praktick\u00e9ho dopl\u0148ku. Pr\u016fm\u011br 45 cm.<\/p>\n","protected":false},"featured_media":5535,"comment_status":"open","ping_status":"closed","template":"","meta":[],"product_brand":[],"product_cat":[147],"product_tag":[],"class_list":{"0":"post-5482","1":"product","2":"type-product","3":"status-publish","4":"has-post-thumbnail","6":"product_cat-hackovane-dekorace","8":"first","9":"outofstock","10":"shipping-taxable","11":"purchasable","12":"product-type-simple"},"aioseo_notices":[],"_links":{"self":[{"href":"https:\/\/www.lecha.cz\/index.php\/wp-json\/wp\/v2\/product\/5482","targetHints":{"allow":["GET"]}}],"collection":[{"href":"https:\/\/www.lecha.cz\/index.php\/wp-json\/wp\/v2\/product"}],"about":[{"href":"https:\/\/www.lecha.cz\/index.php\/wp-json\/wp\/v2\/types\/product"}],"replies":[{"embeddable":true,"href":"https:\/\/www.lecha.cz\/index.php\/wp-json\/wp\/v2\/comments?post=5482"}],"wp:featuredmedia":[{"embeddable":true,"href":"https:\/\/www.lecha.cz\/index.php\/wp-json\/wp\/v2\/media\/5535"}],"wp:attachment":[{"href":"https:\/\/www.lecha.cz\/index.php\/wp-json\/wp\/v2\/media?parent=5482"}],"wp:term":[{"taxonomy":"product_brand","embeddable":true,"href":"https:\/\/www.lecha.cz\/index.php\/wp-json\/wp\/v2\/product_brand?post=5482"},{"taxonomy":"product_cat","embeddable":true,"href":"https:\/\/www.lecha.cz\/index.php\/wp-json\/wp\/v2\/product_cat?post=5482"},{"taxonomy":"product_tag","embeddable":true,"href":"https:\/\/www.lecha.cz\/index.php\/wp-json\/wp\/v2\/product_tag?post=5482"}],"curies":[{"name":"wp","href":"https:\/\/api.w.org\/{rel}","templated":true}]}}