{"id":5474,"date":"2025-09-30T08:37:07","date_gmt":"2025-09-30T06:37:07","guid":{"rendered":"https:\/\/www.lecha.cz\/?post_type=product&#038;p=5474"},"modified":"2026-04-11T19:06:09","modified_gmt":"2026-04-11T17:06:09","slug":"mandala-alwira","status":"publish","type":"product","link":"https:\/\/www.lecha.cz\/index.php\/produkt\/mandala-alwira\/","title":{"rendered":"H\u00e1\u010dkovan\u00e1 mandala &#8211; Alwira"},"content":{"rendered":"<p data-start=\"287\" data-end=\"475\">Mandala Alwira je ru\u010dn\u011b h\u00e1\u010dkovan\u00e1 dekorace, kter\u00e1 d\u00edky jemn\u00e9mu vzoru p\u016fsob\u00ed vzdu\u0161n\u011b a elegantn\u011b. Hod\u00ed se k zav\u011b\u0161en\u00ed na ze\u010f nebo do okna a stane se origin\u00e1ln\u00edm dopl\u0148kem va\u0161eho interi\u00e9ru.<\/p>\n<p data-start=\"477\" data-end=\"659\">Vyrobeno podle n\u00e1vodu Alwira (autorka: Zuzana Hejdrychov\u00e1 \u2013 Z-art).<br data-start=\"544\" data-end=\"547\" \/>Barva odpov\u00edd\u00e1 fotografii. V p\u0159\u00edpad\u011b jin\u00e9 varianty bude mandala v\u017edy nafocena a uvedena v odpov\u00eddaj\u00edc\u00ed barv\u011b.<\/p>\n","protected":false},"excerpt":{"rendered":"<p>Ru\u010dn\u011b h\u00e1\u010dkovan\u00e1 mandala podle n\u00e1vodu Alwira. Jemn\u00e1 dekorace v kovov\u00e9m kruhu o pr\u016fm\u011bru 35 cm.<\/p>\n","protected":false},"featured_media":5712,"comment_status":"open","ping_status":"closed","template":"","meta":[],"product_brand":[],"product_cat":[147],"product_tag":[],"class_list":{"0":"post-5474","1":"product","2":"type-product","3":"status-publish","4":"has-post-thumbnail","6":"product_cat-hackovane-dekorace","8":"first","9":"instock","10":"shipping-taxable","11":"purchasable","12":"product-type-simple"},"aioseo_notices":[],"_links":{"self":[{"href":"https:\/\/www.lecha.cz\/index.php\/wp-json\/wp\/v2\/product\/5474","targetHints":{"allow":["GET"]}}],"collection":[{"href":"https:\/\/www.lecha.cz\/index.php\/wp-json\/wp\/v2\/product"}],"about":[{"href":"https:\/\/www.lecha.cz\/index.php\/wp-json\/wp\/v2\/types\/product"}],"replies":[{"embeddable":true,"href":"https:\/\/www.lecha.cz\/index.php\/wp-json\/wp\/v2\/comments?post=5474"}],"wp:featuredmedia":[{"embeddable":true,"href":"https:\/\/www.lecha.cz\/index.php\/wp-json\/wp\/v2\/media\/5712"}],"wp:attachment":[{"href":"https:\/\/www.lecha.cz\/index.php\/wp-json\/wp\/v2\/media?parent=5474"}],"wp:term":[{"taxonomy":"product_brand","embeddable":true,"href":"https:\/\/www.lecha.cz\/index.php\/wp-json\/wp\/v2\/product_brand?post=5474"},{"taxonomy":"product_cat","embeddable":true,"href":"https:\/\/www.lecha.cz\/index.php\/wp-json\/wp\/v2\/product_cat?post=5474"},{"taxonomy":"product_tag","embeddable":true,"href":"https:\/\/www.lecha.cz\/index.php\/wp-json\/wp\/v2\/product_tag?post=5474"}],"curies":[{"name":"wp","href":"https:\/\/api.w.org\/{rel}","templated":true}]}}