{"id":5471,"date":"2025-09-29T14:17:19","date_gmt":"2025-09-29T12:17:19","guid":{"rendered":"https:\/\/www.lecha.cz\/?post_type=product&#038;p=5471"},"modified":"2026-04-11T19:05:42","modified_gmt":"2026-04-11T17:05:42","slug":"clara","status":"publish","type":"product","link":"https:\/\/www.lecha.cz\/index.php\/produkt\/clara\/","title":{"rendered":"H\u00e1\u010dkovan\u00fd \u0161\u00e1tek &#8211; Clara"},"content":{"rendered":"<p data-start=\"283\" data-end=\"481\">\u0160\u00e1tek Clara je ru\u010dn\u011b h\u00e1\u010dkovan\u00fd v\u00fdrobek, kter\u00fd spojuje p\u0159ednosti bavlny a akrylu. D\u00edky sv\u00e9mu slo\u017een\u00ed je p\u0159\u00edjemn\u00fd na no\u0161en\u00ed, h\u0159ejiv\u00fd a z\u00e1rove\u0148 prody\u0161n\u00fd. Hod\u00ed se k \u0161at\u016fm, kab\u00e1tu i k b\u011b\u017en\u00e9mu outfitu.<\/p>\n<p data-start=\"483\" data-end=\"648\">Vyrobeno podle n\u00e1vodu Clara (autorka: Kirsten Bishop).<br data-start=\"537\" data-end=\"540\" \/>Barva odpov\u00edd\u00e1 fotografii. V p\u0159\u00edpad\u011b jin\u00e9 varianty bude \u0161\u00e1tek v\u017edy nafocen a uveden v odpov\u00eddaj\u00edc\u00ed barv\u011b.<\/p>\n","protected":false},"excerpt":{"rendered":"<p>Ru\u010dn\u011b h\u00e1\u010dkovan\u00fd \u0161\u00e1tek Clara z p\u0159\u00edze s 50% pod\u00edlem bavlny a akrylu. Elegantn\u00ed a origin\u00e1ln\u00ed dopln\u011bk pro v\u0161edn\u00ed den i slavnostn\u00ed p\u0159\u00edle\u017eitost.<\/p>\n","protected":false},"featured_media":5544,"comment_status":"open","ping_status":"closed","template":"","meta":[],"product_brand":[],"product_cat":[146],"product_tag":[],"class_list":{"0":"post-5471","1":"product","2":"type-product","3":"status-publish","4":"has-post-thumbnail","6":"product_cat-hackovane-satky","8":"first","9":"instock","10":"shipping-taxable","11":"purchasable","12":"product-type-simple"},"aioseo_notices":[],"_links":{"self":[{"href":"https:\/\/www.lecha.cz\/index.php\/wp-json\/wp\/v2\/product\/5471","targetHints":{"allow":["GET"]}}],"collection":[{"href":"https:\/\/www.lecha.cz\/index.php\/wp-json\/wp\/v2\/product"}],"about":[{"href":"https:\/\/www.lecha.cz\/index.php\/wp-json\/wp\/v2\/types\/product"}],"replies":[{"embeddable":true,"href":"https:\/\/www.lecha.cz\/index.php\/wp-json\/wp\/v2\/comments?post=5471"}],"wp:featuredmedia":[{"embeddable":true,"href":"https:\/\/www.lecha.cz\/index.php\/wp-json\/wp\/v2\/media\/5544"}],"wp:attachment":[{"href":"https:\/\/www.lecha.cz\/index.php\/wp-json\/wp\/v2\/media?parent=5471"}],"wp:term":[{"taxonomy":"product_brand","embeddable":true,"href":"https:\/\/www.lecha.cz\/index.php\/wp-json\/wp\/v2\/product_brand?post=5471"},{"taxonomy":"product_cat","embeddable":true,"href":"https:\/\/www.lecha.cz\/index.php\/wp-json\/wp\/v2\/product_cat?post=5471"},{"taxonomy":"product_tag","embeddable":true,"href":"https:\/\/www.lecha.cz\/index.php\/wp-json\/wp\/v2\/product_tag?post=5471"}],"curies":[{"name":"wp","href":"https:\/\/api.w.org\/{rel}","templated":true}]}}