{"id":5286,"date":"2025-09-26T12:36:40","date_gmt":"2025-09-26T10:36:40","guid":{"rendered":"https:\/\/www.lecha.cz\/?post_type=product&#038;p=5286"},"modified":"2026-04-11T19:02:41","modified_gmt":"2026-04-11T17:02:41","slug":"silky-merino-dk-hedvabi-merino-vlna","status":"publish","type":"product","link":"https:\/\/www.lecha.cz\/index.php\/produkt\/silky-merino-dk-hedvabi-merino-vlna\/","title":{"rendered":"Lotus Yarns &#8211; Silky Merino DK, 100 g (Hedv\u00e1b\u00ed + Merino)"},"content":{"rendered":"<p>Silky Merino DK od Lotus Yarns je luxusn\u00ed p\u0159\u00edze, kter\u00e1 spojuje jemnost merino vlny s p\u0159irozen\u00fdm leskem hedv\u00e1b\u00ed. D\u00edky sv\u00e9 st\u0159edn\u00ed tlou\u0161\u0165ce (DK) je univerz\u00e1ln\u00ed volbou pro svetry, \u0161\u00e1ly, \u010depice i d\u011btsk\u00e9 v\u00fdrobky, kter\u00e9 maj\u00ed b\u00fdt m\u011bkk\u00e9, h\u0159ejiv\u00e9 a p\u0159itom elegantn\u00ed.<\/p>\n<p>P\u0159adeno v p\u0159\u00edrodn\u00ed, nebarven\u00e9 podob\u011b podtrhuje kr\u00e1su p\u0159\u00edrodn\u00edch vl\u00e1ken a p\u0159in\u00e1\u0161\u00ed noblesu i pohodl\u00ed do ka\u017ed\u00e9ho projektu. Z\u00e1rove\u0148 nab\u00edz\u00ed prostor pro dal\u0161\u00ed \u00fapravy a vlastn\u00ed kreativn\u00ed zpracov\u00e1n\u00ed podle Va\u0161ich p\u0159edstav.<\/p>\n","protected":false},"excerpt":{"rendered":"<p>P\u0159adeno ze sm\u011bsi hedv\u00e1b\u00ed a merino vlny v p\u0159\u00edrodn\u00ed, nebarven\u00e9 podob\u011b. Hebk\u00e9, h\u0159ejiv\u00e9 a s jemn\u00fdm leskem, ide\u00e1ln\u00ed pro svetry i dopl\u0148ky.<\/p>\n<p>Cena je uvedena za 1 p\u0159adeno (350 m \/ 100 g).<\/p>\n","protected":false},"featured_media":5653,"comment_status":"open","ping_status":"closed","template":"","meta":[],"product_brand":[],"product_cat":[152],"product_tag":[],"class_list":{"0":"post-5286","1":"product","2":"type-product","3":"status-publish","4":"has-post-thumbnail","6":"product_cat-smesova-pradena","8":"first","9":"instock","10":"shipping-taxable","11":"purchasable","12":"product-type-simple"},"aioseo_notices":[],"_links":{"self":[{"href":"https:\/\/www.lecha.cz\/index.php\/wp-json\/wp\/v2\/product\/5286","targetHints":{"allow":["GET"]}}],"collection":[{"href":"https:\/\/www.lecha.cz\/index.php\/wp-json\/wp\/v2\/product"}],"about":[{"href":"https:\/\/www.lecha.cz\/index.php\/wp-json\/wp\/v2\/types\/product"}],"replies":[{"embeddable":true,"href":"https:\/\/www.lecha.cz\/index.php\/wp-json\/wp\/v2\/comments?post=5286"}],"wp:featuredmedia":[{"embeddable":true,"href":"https:\/\/www.lecha.cz\/index.php\/wp-json\/wp\/v2\/media\/5653"}],"wp:attachment":[{"href":"https:\/\/www.lecha.cz\/index.php\/wp-json\/wp\/v2\/media?parent=5286"}],"wp:term":[{"taxonomy":"product_brand","embeddable":true,"href":"https:\/\/www.lecha.cz\/index.php\/wp-json\/wp\/v2\/product_brand?post=5286"},{"taxonomy":"product_cat","embeddable":true,"href":"https:\/\/www.lecha.cz\/index.php\/wp-json\/wp\/v2\/product_cat?post=5286"},{"taxonomy":"product_tag","embeddable":true,"href":"https:\/\/www.lecha.cz\/index.php\/wp-json\/wp\/v2\/product_tag?post=5286"}],"curies":[{"name":"wp","href":"https:\/\/api.w.org\/{rel}","templated":true}]}}