{"id":5283,"date":"2025-09-26T12:31:28","date_gmt":"2025-09-26T10:31:28","guid":{"rendered":"https:\/\/www.lecha.cz\/?post_type=product&#038;p=5283"},"modified":"2026-04-11T19:02:15","modified_gmt":"2026-04-11T17:02:15","slug":"silky-merino-fingering-hedvabi-merino-vlna","status":"publish","type":"product","link":"https:\/\/www.lecha.cz\/index.php\/produkt\/silky-merino-fingering-hedvabi-merino-vlna\/","title":{"rendered":"Lotus Yarns &#8211; Silky Merino Fingering, 100 g (Hedv\u00e1b\u00ed + Merino)"},"content":{"rendered":"<p>Silky Merino Fingering od Lotus Yarns je luxusn\u00ed p\u0159\u00edze, kter\u00e1 spojuje hebkost merino vlny s p\u0159irozen\u00fdm leskem hedv\u00e1b\u00ed. D\u00edky sv\u00e9 jemnosti a lehk\u00e9 pru\u017enosti je ide\u00e1ln\u00ed pro pleten\u00ed i h\u00e1\u010dkov\u00e1n\u00ed od\u011bv\u016f, \u0161\u00e1tk\u016f \u010di dopl\u0148k\u016f, kter\u00e9 maj\u00ed b\u00fdt p\u0159\u00edjemn\u00e9 na t\u011ble a z\u00e1rove\u0148 p\u016fsobit elegantn\u011b.<\/p>\n<p>P\u0159adeno v p\u0159\u00edrodn\u00ed, nebarven\u00e9 podob\u011b podtrhuje kr\u00e1su pou\u017eit\u00fdch vl\u00e1ken a p\u0159in\u00e1\u0161\u00ed komfort i noblesn\u00ed vzhled do ka\u017ed\u00e9ho projektu. Z\u00e1rove\u0148 ponech\u00e1v\u00e1 prostor pro vlastn\u00ed kreativn\u00ed zpracov\u00e1n\u00ed i dal\u0161\u00ed \u00fapravy podle Va\u0161ich p\u0159edstav.<\/p>\n","protected":false},"excerpt":{"rendered":"<p>P\u0159adeno ze sm\u011bsi hedv\u00e1b\u00ed a merino vlny v p\u0159\u00edrodn\u00ed, nebarven\u00e9 podob\u011b. Jemn\u00e9, pru\u017en\u00e9 a s decentn\u00edm leskem, vhodn\u00e9 pro od\u011bvy i dopl\u0148ky.<\/p>\n<p>Cena je uvedena za 1 p\u0159adeno (700 m \/ 100 g).<\/p>\n","protected":false},"featured_media":5656,"comment_status":"open","ping_status":"closed","template":"","meta":[],"product_brand":[],"product_cat":[152],"product_tag":[],"class_list":{"0":"post-5283","1":"product","2":"type-product","3":"status-publish","4":"has-post-thumbnail","6":"product_cat-smesova-pradena","8":"first","9":"instock","10":"shipping-taxable","11":"purchasable","12":"product-type-simple"},"aioseo_notices":[],"_links":{"self":[{"href":"https:\/\/www.lecha.cz\/index.php\/wp-json\/wp\/v2\/product\/5283","targetHints":{"allow":["GET"]}}],"collection":[{"href":"https:\/\/www.lecha.cz\/index.php\/wp-json\/wp\/v2\/product"}],"about":[{"href":"https:\/\/www.lecha.cz\/index.php\/wp-json\/wp\/v2\/types\/product"}],"replies":[{"embeddable":true,"href":"https:\/\/www.lecha.cz\/index.php\/wp-json\/wp\/v2\/comments?post=5283"}],"wp:featuredmedia":[{"embeddable":true,"href":"https:\/\/www.lecha.cz\/index.php\/wp-json\/wp\/v2\/media\/5656"}],"wp:attachment":[{"href":"https:\/\/www.lecha.cz\/index.php\/wp-json\/wp\/v2\/media?parent=5283"}],"wp:term":[{"taxonomy":"product_brand","embeddable":true,"href":"https:\/\/www.lecha.cz\/index.php\/wp-json\/wp\/v2\/product_brand?post=5283"},{"taxonomy":"product_cat","embeddable":true,"href":"https:\/\/www.lecha.cz\/index.php\/wp-json\/wp\/v2\/product_cat?post=5283"},{"taxonomy":"product_tag","embeddable":true,"href":"https:\/\/www.lecha.cz\/index.php\/wp-json\/wp\/v2\/product_tag?post=5283"}],"curies":[{"name":"wp","href":"https:\/\/api.w.org\/{rel}","templated":true}]}}