{"id":5280,"date":"2025-09-26T12:23:39","date_gmt":"2025-09-26T10:23:39","guid":{"rendered":"https:\/\/www.lecha.cz\/?post_type=product&#038;p=5280"},"modified":"2026-04-11T19:01:57","modified_gmt":"2026-04-11T17:01:57","slug":"silk-icelandic-hedvabi","status":"publish","type":"product","link":"https:\/\/www.lecha.cz\/index.php\/produkt\/silk-icelandic-hedvabi\/","title":{"rendered":"Lotus Yarns &#8211; Silk Icelandic, 100 g (Hedv\u00e1b\u00ed)"},"content":{"rendered":"<p>Silk Icelandic od Lotus Yarns je luxusn\u00ed p\u0159\u00edze ze 100% hedv\u00e1b\u00ed. Vynik\u00e1 hebkost\u00ed, hladkost\u00ed a p\u0159irozen\u00fdm leskem, d\u00edky nim\u017e se hod\u00ed pro tvorbu od\u011bv\u016f a dopl\u0148k\u016f s noblesn\u00edm charakterem. D\u00edky jemn\u00e9mu vl\u00e1knu je ide\u00e1ln\u00ed pro \u0161\u00e1tky, letn\u00ed svetry \u010di krajkov\u00e9 projekty, kter\u00e9 si \u017e\u00e1daj\u00ed lehkost a eleganci.<\/p>\n<p>P\u0159adeno v p\u0159\u00edrodn\u00ed, nebarven\u00e9 podob\u011b podtrhuje \u010distotu materi\u00e1lu a dod\u00e1v\u00e1 projekt\u016fm nad\u010dasovost. Z\u00e1rove\u0148 nab\u00edz\u00ed prostor pro vlastn\u00ed tvorbu i dal\u0161\u00ed \u00fapravy podle Va\u0161ich p\u0159edstav.<\/p>\n","protected":false},"excerpt":{"rendered":"<p>P\u0159adeno z \u010dist\u00e9ho hedv\u00e1b\u00ed v p\u0159\u00edrodn\u00ed, nebarven\u00e9 podob\u011b. Jemn\u00e9 a s p\u0159irozen\u00fdm leskem, vhodn\u00e9 pro elegantn\u00ed od\u011bvy i jemn\u00e9 dopl\u0148ky.<\/p>\n<p>Cena je uvedena za 1 p\u0159adeno (150 m \/ 100 g).<\/p>\n","protected":false},"featured_media":5661,"comment_status":"open","ping_status":"closed","template":"","meta":[],"product_brand":[],"product_cat":[150],"product_tag":[],"class_list":{"0":"post-5280","1":"product","2":"type-product","3":"status-publish","4":"has-post-thumbnail","6":"product_cat-hedvabna-pradena","8":"first","9":"instock","10":"shipping-taxable","11":"purchasable","12":"product-type-simple"},"aioseo_notices":[],"_links":{"self":[{"href":"https:\/\/www.lecha.cz\/index.php\/wp-json\/wp\/v2\/product\/5280","targetHints":{"allow":["GET"]}}],"collection":[{"href":"https:\/\/www.lecha.cz\/index.php\/wp-json\/wp\/v2\/product"}],"about":[{"href":"https:\/\/www.lecha.cz\/index.php\/wp-json\/wp\/v2\/types\/product"}],"replies":[{"embeddable":true,"href":"https:\/\/www.lecha.cz\/index.php\/wp-json\/wp\/v2\/comments?post=5280"}],"wp:featuredmedia":[{"embeddable":true,"href":"https:\/\/www.lecha.cz\/index.php\/wp-json\/wp\/v2\/media\/5661"}],"wp:attachment":[{"href":"https:\/\/www.lecha.cz\/index.php\/wp-json\/wp\/v2\/media?parent=5280"}],"wp:term":[{"taxonomy":"product_brand","embeddable":true,"href":"https:\/\/www.lecha.cz\/index.php\/wp-json\/wp\/v2\/product_brand?post=5280"},{"taxonomy":"product_cat","embeddable":true,"href":"https:\/\/www.lecha.cz\/index.php\/wp-json\/wp\/v2\/product_cat?post=5280"},{"taxonomy":"product_tag","embeddable":true,"href":"https:\/\/www.lecha.cz\/index.php\/wp-json\/wp\/v2\/product_tag?post=5280"}],"curies":[{"name":"wp","href":"https:\/\/api.w.org\/{rel}","templated":true}]}}