{"id":5277,"date":"2025-09-26T12:17:11","date_gmt":"2025-09-26T10:17:11","guid":{"rendered":"https:\/\/www.lecha.cz\/?post_type=product&#038;p=5277"},"modified":"2026-04-11T19:01:30","modified_gmt":"2026-04-11T17:01:30","slug":"silk-22-hedvabi","status":"publish","type":"product","link":"https:\/\/www.lecha.cz\/index.php\/produkt\/silk-22-hedvabi\/","title":{"rendered":"Lotus Yarns &#8211; Silk 22, 50 g (Hedv\u00e1b\u00ed)"},"content":{"rendered":"<p>Silk 22 od Lotus Yarns je luxusn\u00ed p\u0159\u00edze ze 100% hedv\u00e1b\u00ed. Vynik\u00e1 svou hladkost\u00ed a p\u0159irozen\u00fdm leskem, kter\u00fd dod\u00e1v\u00e1 projekt\u016fm elegantn\u00ed vzhled. D\u00edky jemnosti a univerz\u00e1ln\u00edmu charakteru se d\u00e1 kr\u00e1sn\u011b kombinovat i s dal\u0161\u00edmi p\u0159\u00edrodn\u00edmi p\u0159\u00edzemi, nap\u0159\u00edklad s lnem, a obohatit tak v\u00fdsledn\u00fd vzhled i strukturu.<\/p>\n<p>P\u0159adeno v p\u0159\u00edrodn\u00ed, nebarven\u00e9 podob\u011b podtrhuje kr\u00e1su samotn\u00e9ho materi\u00e1lu a vn\u00e1\u0161\u00ed do Va\u0161\u00ed tvorby noblesu a jemn\u00fd lesk. Z\u00e1rove\u0148 nab\u00edz\u00ed prostor pro vlastn\u00ed tvorbu i dal\u0161\u00ed \u00fapravy podle Va\u0161ich p\u0159edstav.<\/p>\n","protected":false},"excerpt":{"rendered":"<p>P\u0159adeno z \u010dist\u00e9ho hedv\u00e1b\u00ed v p\u0159\u00edrodn\u00ed, nebarven\u00e9 podob\u011b. Jemn\u00e9, hladk\u00e9 a leskl\u00e9, vhodn\u00e9 i ke kombinaci s dal\u0161\u00edmi p\u0159\u00edzemi.<\/p>\n<p>Cena je uvedena za 1 p\u0159adeno (500 m \/ 50 g).<\/p>\n","protected":false},"featured_media":5662,"comment_status":"open","ping_status":"closed","template":"","meta":[],"product_brand":[],"product_cat":[150],"product_tag":[],"class_list":{"0":"post-5277","1":"product","2":"type-product","3":"status-publish","4":"has-post-thumbnail","6":"product_cat-hedvabna-pradena","8":"first","9":"instock","10":"shipping-taxable","11":"purchasable","12":"product-type-simple"},"aioseo_notices":[],"_links":{"self":[{"href":"https:\/\/www.lecha.cz\/index.php\/wp-json\/wp\/v2\/product\/5277","targetHints":{"allow":["GET"]}}],"collection":[{"href":"https:\/\/www.lecha.cz\/index.php\/wp-json\/wp\/v2\/product"}],"about":[{"href":"https:\/\/www.lecha.cz\/index.php\/wp-json\/wp\/v2\/types\/product"}],"replies":[{"embeddable":true,"href":"https:\/\/www.lecha.cz\/index.php\/wp-json\/wp\/v2\/comments?post=5277"}],"wp:featuredmedia":[{"embeddable":true,"href":"https:\/\/www.lecha.cz\/index.php\/wp-json\/wp\/v2\/media\/5662"}],"wp:attachment":[{"href":"https:\/\/www.lecha.cz\/index.php\/wp-json\/wp\/v2\/media?parent=5277"}],"wp:term":[{"taxonomy":"product_brand","embeddable":true,"href":"https:\/\/www.lecha.cz\/index.php\/wp-json\/wp\/v2\/product_brand?post=5277"},{"taxonomy":"product_cat","embeddable":true,"href":"https:\/\/www.lecha.cz\/index.php\/wp-json\/wp\/v2\/product_cat?post=5277"},{"taxonomy":"product_tag","embeddable":true,"href":"https:\/\/www.lecha.cz\/index.php\/wp-json\/wp\/v2\/product_tag?post=5277"}],"curies":[{"name":"wp","href":"https:\/\/api.w.org\/{rel}","templated":true}]}}