{"id":5274,"date":"2025-09-26T12:11:36","date_gmt":"2025-09-26T10:11:36","guid":{"rendered":"https:\/\/www.lecha.cz\/?post_type=product&#038;p=5274"},"modified":"2026-04-11T19:01:00","modified_gmt":"2026-04-11T17:01:00","slug":"silk-8-hedvabi","status":"publish","type":"product","link":"https:\/\/www.lecha.cz\/index.php\/produkt\/silk-8-hedvabi\/","title":{"rendered":"Lotus Yarns &#8211; Silk 8, 100 g (Hedv\u00e1b\u00ed)"},"content":{"rendered":"<p>Silk 8 od Lotus Yarns je luxusn\u00ed p\u0159\u00edze ze 100% hedv\u00e1b\u00ed. Vynik\u00e1 p\u0159irozen\u00fdm leskem, jemnost\u00ed a p\u0159\u00edjemn\u00fdm chladiv\u00fdm dotekem, d\u00edky \u010demu\u017e je ide\u00e1ln\u00ed pro tvorbu elegantn\u00edch od\u011bv\u016f, \u0161\u00e1tk\u016f a lehk\u00fdch dopl\u0148k\u016f.<\/p>\n<p>P\u0159adeno v p\u0159\u00edrodn\u00ed, nebarven\u00e9 podob\u011b podtrhuje kr\u00e1su samotn\u00e9ho materi\u00e1lu a p\u0159in\u00e1\u0161\u00ed va\u0161im projekt\u016fm noblesu a nad\u010dasovost. Z\u00e1rove\u0148 nab\u00edz\u00ed prostor pro vlastn\u00ed tvorbu a dal\u0161\u00ed \u00fapravy podle Va\u0161ich p\u0159edstav.<\/p>\n","protected":false},"excerpt":{"rendered":"<p>P\u0159adeno z \u010dist\u00e9ho hedv\u00e1b\u00ed v p\u0159\u00edrodn\u00ed, nebarven\u00e9 podob\u011b. Jemn\u00e9, s p\u0159irozen\u00fdm leskem a vhodn\u00e9 pro elegantn\u00ed dopl\u0148ky i lehk\u00e9 od\u011bvy.<\/p>\n<p>Cena je uvedena za 1 p\u0159adeno (400 m \/ 100 g).<\/p>\n","protected":false},"featured_media":5666,"comment_status":"open","ping_status":"closed","template":"","meta":[],"product_brand":[],"product_cat":[150],"product_tag":[],"class_list":{"0":"post-5274","1":"product","2":"type-product","3":"status-publish","4":"has-post-thumbnail","6":"product_cat-hedvabna-pradena","8":"first","9":"instock","10":"shipping-taxable","11":"purchasable","12":"product-type-simple"},"aioseo_notices":[],"_links":{"self":[{"href":"https:\/\/www.lecha.cz\/index.php\/wp-json\/wp\/v2\/product\/5274","targetHints":{"allow":["GET"]}}],"collection":[{"href":"https:\/\/www.lecha.cz\/index.php\/wp-json\/wp\/v2\/product"}],"about":[{"href":"https:\/\/www.lecha.cz\/index.php\/wp-json\/wp\/v2\/types\/product"}],"replies":[{"embeddable":true,"href":"https:\/\/www.lecha.cz\/index.php\/wp-json\/wp\/v2\/comments?post=5274"}],"wp:featuredmedia":[{"embeddable":true,"href":"https:\/\/www.lecha.cz\/index.php\/wp-json\/wp\/v2\/media\/5666"}],"wp:attachment":[{"href":"https:\/\/www.lecha.cz\/index.php\/wp-json\/wp\/v2\/media?parent=5274"}],"wp:term":[{"taxonomy":"product_brand","embeddable":true,"href":"https:\/\/www.lecha.cz\/index.php\/wp-json\/wp\/v2\/product_brand?post=5274"},{"taxonomy":"product_cat","embeddable":true,"href":"https:\/\/www.lecha.cz\/index.php\/wp-json\/wp\/v2\/product_cat?post=5274"},{"taxonomy":"product_tag","embeddable":true,"href":"https:\/\/www.lecha.cz\/index.php\/wp-json\/wp\/v2\/product_tag?post=5274"}],"curies":[{"name":"wp","href":"https:\/\/api.w.org\/{rel}","templated":true}]}}