{"id":5271,"date":"2025-09-26T12:03:56","date_gmt":"2025-09-26T10:03:56","guid":{"rendered":"https:\/\/www.lecha.cz\/?post_type=product&#038;p=5271"},"modified":"2026-04-11T19:00:40","modified_gmt":"2026-04-11T17:00:40","slug":"silky-cashmere-lace-kasmir-hedvabi","status":"publish","type":"product","link":"https:\/\/www.lecha.cz\/index.php\/produkt\/silky-cashmere-lace-kasmir-hedvabi\/","title":{"rendered":"Lotus Yarns &#8211; Silky Cashmere Lace, 55 g (Ka\u0161m\u00edr + Hedv\u00e1b\u00ed)"},"content":{"rendered":"<p>Silky Cashmere Lace od Lotus Yarns je luxusn\u00ed p\u0159\u00edze, kter\u00e9 spojuje hebkost mongolsk\u00e9ho ka\u0161m\u00edru s p\u0159irozen\u00fdm leskem hedv\u00e1b\u00ed. D\u00edky sv\u00e9 lehkosti a jemnosti je ide\u00e1ln\u00ed pro krajkov\u00e9 vzory, \u0161\u00e1tky \u010di od\u011bvy, kter\u00e9 maj\u00ed p\u016fsobit vzdu\u0161n\u011b a p\u0159itom h\u0159\u00e1t. P\u0159adeno v p\u0159\u00edrodn\u00ed, nebarven\u00e9 podob\u011b podtrhuje autenticitu materi\u00e1lu a nab\u00edz\u00ed komfort i p\u0159i dlouhodob\u00e9m no\u0161en\u00ed. Z\u00e1rove\u0148 d\u00e1v\u00e1 prostor pro vlastn\u00ed tvorbu a dal\u0161\u00ed \u00fapravy podle Va\u0161ich p\u0159edstav.<\/p>\n","protected":false},"excerpt":{"rendered":"<p>P\u0159adeno z jemn\u00e9 sm\u011bsi ka\u0161m\u00edru a hedv\u00e1b\u00ed v p\u0159\u00edrodn\u00ed, nebarven\u00e9 podob\u011b. Hebk\u00e9, lehce leskl\u00e9 a ide\u00e1ln\u00ed pro vzdu\u0161n\u00e9 krajkov\u00e9 projekty.<\/p>\n<p>Cena je uvedena za 1 p\u0159adeno (365 m \/ 55 g).<\/p>\n","protected":false},"featured_media":5670,"comment_status":"open","ping_status":"closed","template":"","meta":[],"product_brand":[],"product_cat":[152],"product_tag":[],"class_list":{"0":"post-5271","1":"product","2":"type-product","3":"status-publish","4":"has-post-thumbnail","6":"product_cat-smesova-pradena","8":"first","9":"instock","10":"shipping-taxable","11":"purchasable","12":"product-type-simple"},"aioseo_notices":[],"_links":{"self":[{"href":"https:\/\/www.lecha.cz\/index.php\/wp-json\/wp\/v2\/product\/5271","targetHints":{"allow":["GET"]}}],"collection":[{"href":"https:\/\/www.lecha.cz\/index.php\/wp-json\/wp\/v2\/product"}],"about":[{"href":"https:\/\/www.lecha.cz\/index.php\/wp-json\/wp\/v2\/types\/product"}],"replies":[{"embeddable":true,"href":"https:\/\/www.lecha.cz\/index.php\/wp-json\/wp\/v2\/comments?post=5271"}],"wp:featuredmedia":[{"embeddable":true,"href":"https:\/\/www.lecha.cz\/index.php\/wp-json\/wp\/v2\/media\/5670"}],"wp:attachment":[{"href":"https:\/\/www.lecha.cz\/index.php\/wp-json\/wp\/v2\/media?parent=5271"}],"wp:term":[{"taxonomy":"product_brand","embeddable":true,"href":"https:\/\/www.lecha.cz\/index.php\/wp-json\/wp\/v2\/product_brand?post=5271"},{"taxonomy":"product_cat","embeddable":true,"href":"https:\/\/www.lecha.cz\/index.php\/wp-json\/wp\/v2\/product_cat?post=5271"},{"taxonomy":"product_tag","embeddable":true,"href":"https:\/\/www.lecha.cz\/index.php\/wp-json\/wp\/v2\/product_tag?post=5271"}],"curies":[{"name":"wp","href":"https:\/\/api.w.org\/{rel}","templated":true}]}}