{"id":5267,"date":"2025-09-26T11:48:09","date_gmt":"2025-09-26T09:48:09","guid":{"rendered":"https:\/\/www.lecha.cz\/?post_type=product&#038;p=5267"},"modified":"2026-04-11T19:00:25","modified_gmt":"2026-04-11T17:00:25","slug":"cashmere-dk-kasmir","status":"publish","type":"product","link":"https:\/\/www.lecha.cz\/index.php\/produkt\/cashmere-dk-kasmir\/","title":{"rendered":"Lotus Yarns &#8211; Cashmere DK, 55 g (Ka\u0161m\u00edr)"},"content":{"rendered":"<p>Cashmere DK od Lotus Yarns je luxusn\u00ed p\u0159\u00edze z mongolsk\u00e9ho ka\u0161m\u00edru. Spojuje jemnost, lehkost a h\u0159ejivost, d\u00edky nim\u017e je ide\u00e1ln\u00ed pro pleten\u00ed \u010di h\u00e1\u010dkov\u00e1n\u00ed svetr\u016f, \u0161\u00e1l nebo od\u011bv\u016f, kter\u00e9 p\u0159ijdou do p\u0159\u00edm\u00e9ho kontaktu s poko\u017ekou.<\/p>\n<p>D\u00edky sv\u00e9 hebkosti se hod\u00ed i pro tvorbu d\u011btsk\u00fdch v\u00fdrobk\u016f. P\u0159adeno v p\u0159\u00edrodn\u00ed, nebarven\u00e9 podob\u011b podtrhuje \u010distotu a autenticitu materi\u00e1lu a nab\u00edz\u00ed prostor pro vlastn\u00ed tvorbu i dal\u0161\u00ed \u00fapravy podle Va\u0161ich p\u0159edstav.<\/p>\n","protected":false},"excerpt":{"rendered":"<p>P\u0159adeno z \u010dist\u00e9ho mongolsk\u00e9ho ka\u0161m\u00edru v p\u0159\u00edrodn\u00ed, nebarven\u00e9 podob\u011b. Hebk\u00e9, prody\u0161n\u00e9 a h\u0159ejiv\u00e9, ide\u00e1ln\u00ed pro tvorbu od\u011bv\u016f a dopl\u0148k\u016f.<\/p>\n<p>Cena je uvedena za 1 p\u0159adeno (182 m \/ 55 g).<\/p>\n","protected":false},"featured_media":5671,"comment_status":"open","ping_status":"closed","template":"","meta":[],"product_brand":[],"product_cat":[151],"product_tag":[],"class_list":{"0":"post-5267","1":"product","2":"type-product","3":"status-publish","4":"has-post-thumbnail","6":"product_cat-kasmirova-pradena","8":"first","9":"instock","10":"shipping-taxable","11":"purchasable","12":"product-type-simple"},"aioseo_notices":[],"_links":{"self":[{"href":"https:\/\/www.lecha.cz\/index.php\/wp-json\/wp\/v2\/product\/5267","targetHints":{"allow":["GET"]}}],"collection":[{"href":"https:\/\/www.lecha.cz\/index.php\/wp-json\/wp\/v2\/product"}],"about":[{"href":"https:\/\/www.lecha.cz\/index.php\/wp-json\/wp\/v2\/types\/product"}],"replies":[{"embeddable":true,"href":"https:\/\/www.lecha.cz\/index.php\/wp-json\/wp\/v2\/comments?post=5267"}],"wp:featuredmedia":[{"embeddable":true,"href":"https:\/\/www.lecha.cz\/index.php\/wp-json\/wp\/v2\/media\/5671"}],"wp:attachment":[{"href":"https:\/\/www.lecha.cz\/index.php\/wp-json\/wp\/v2\/media?parent=5267"}],"wp:term":[{"taxonomy":"product_brand","embeddable":true,"href":"https:\/\/www.lecha.cz\/index.php\/wp-json\/wp\/v2\/product_brand?post=5267"},{"taxonomy":"product_cat","embeddable":true,"href":"https:\/\/www.lecha.cz\/index.php\/wp-json\/wp\/v2\/product_cat?post=5267"},{"taxonomy":"product_tag","embeddable":true,"href":"https:\/\/www.lecha.cz\/index.php\/wp-json\/wp\/v2\/product_tag?post=5267"}],"curies":[{"name":"wp","href":"https:\/\/api.w.org\/{rel}","templated":true}]}}