{"id":5263,"date":"2025-09-26T11:23:07","date_gmt":"2025-09-26T09:23:07","guid":{"rendered":"https:\/\/www.lecha.cz\/?post_type=product&#038;p=5263"},"modified":"2026-04-11T19:00:06","modified_gmt":"2026-04-11T17:00:06","slug":"cashmere-lace-kasmir","status":"publish","type":"product","link":"https:\/\/www.lecha.cz\/index.php\/produkt\/cashmere-lace-kasmir\/","title":{"rendered":"Lotus Yarns &#8211; Cashmere Lace, 55 g (Ka\u0161m\u00edr)"},"content":{"rendered":"<p>Cashmere Lace od Lotus Yarns je luxusn\u00ed p\u0159\u00edze z \u010dist\u00e9ho mongolsk\u00e9ho ka\u0161m\u00edru. Vynik\u00e1 lehkost\u00ed, prody\u0161nost\u00ed a h\u0159ejivost\u00ed, kter\u00e9 ocen\u00edte p\u0159i ka\u017ed\u00e9m pleten\u00ed \u010di h\u00e1\u010dkov\u00e1n\u00ed.<\/p>\n<p>D\u00edky sv\u00e9 mimo\u0159\u00e1dn\u00e9 hebkosti je tato p\u0159\u00edze vhodn\u00e1 i pro d\u011btsk\u00e9 v\u00fdrobky a jemn\u00e9 projekty, je\u017e vy\u017eaduj\u00ed maxim\u00e1ln\u00ed komfort. P\u0159adeno v p\u0159\u00edrodn\u00ed, nebarven\u00e9 podob\u011b podtrhuje autenticitu a \u010distotu materi\u00e1lu a d\u00e1v\u00e1 prostor pro vlastn\u00ed tvorbu i dal\u0161\u00ed \u00fapravy podle Va\u0161ich p\u0159edstav.<\/p>\n","protected":false},"excerpt":{"rendered":"<p>P\u0159adeno z \u010dist\u00e9ho mongolsk\u00e9ho ka\u0161m\u00edru v p\u0159\u00edrodn\u00ed, nebarven\u00e9 podob\u011b. Jemn\u00e9, lehk\u00e9 a h\u0159ejiv\u00e9, vhodn\u00e9 i pro tvorbu d\u011btsk\u00fdch v\u00fdrobk\u016f.<\/p>\n<p>Cena je uvedena za 1 p\u0159adeno (410 m \/ 55 g).<\/p>\n","protected":false},"featured_media":5675,"comment_status":"open","ping_status":"closed","template":"","meta":[],"product_brand":[],"product_cat":[151],"product_tag":[],"class_list":{"0":"post-5263","1":"product","2":"type-product","3":"status-publish","4":"has-post-thumbnail","6":"product_cat-kasmirova-pradena","8":"first","9":"instock","10":"shipping-taxable","11":"purchasable","12":"product-type-simple"},"aioseo_notices":[],"_links":{"self":[{"href":"https:\/\/www.lecha.cz\/index.php\/wp-json\/wp\/v2\/product\/5263","targetHints":{"allow":["GET"]}}],"collection":[{"href":"https:\/\/www.lecha.cz\/index.php\/wp-json\/wp\/v2\/product"}],"about":[{"href":"https:\/\/www.lecha.cz\/index.php\/wp-json\/wp\/v2\/types\/product"}],"replies":[{"embeddable":true,"href":"https:\/\/www.lecha.cz\/index.php\/wp-json\/wp\/v2\/comments?post=5263"}],"wp:featuredmedia":[{"embeddable":true,"href":"https:\/\/www.lecha.cz\/index.php\/wp-json\/wp\/v2\/media\/5675"}],"wp:attachment":[{"href":"https:\/\/www.lecha.cz\/index.php\/wp-json\/wp\/v2\/media?parent=5263"}],"wp:term":[{"taxonomy":"product_brand","embeddable":true,"href":"https:\/\/www.lecha.cz\/index.php\/wp-json\/wp\/v2\/product_brand?post=5263"},{"taxonomy":"product_cat","embeddable":true,"href":"https:\/\/www.lecha.cz\/index.php\/wp-json\/wp\/v2\/product_cat?post=5263"},{"taxonomy":"product_tag","embeddable":true,"href":"https:\/\/www.lecha.cz\/index.php\/wp-json\/wp\/v2\/product_tag?post=5263"}],"curies":[{"name":"wp","href":"https:\/\/api.w.org\/{rel}","templated":true}]}}