{"id":5136,"date":"2025-07-31T16:22:47","date_gmt":"2025-07-31T14:22:47","guid":{"rendered":"https:\/\/www.lecha.cz\/?post_type=product&#038;p=5136"},"modified":"2026-04-11T18:55:12","modified_gmt":"2026-04-11T16:55:12","slug":"konik","status":"publish","type":"product","link":"https:\/\/www.lecha.cz\/index.php\/produkt\/konik\/","title":{"rendered":"Silueta kon\u011b"},"content":{"rendered":"<p>B\u00edl\u00e1 silueta kon\u011b na tmav\u00e9m pozad\u00ed vyza\u0159uje s\u00edlu, eleganci a svobodu.<\/p>\n<p>Obraz je malov\u00e1n akrylov\u00fdmi barvami na kvalitn\u00ed pl\u00e1tno o rozm\u011bru 20&#215;20 cm, obraz je o\u0161et\u0159en ochrannou vrstvou, kter\u00e1 chr\u00e1n\u00ed barvy a zaji\u0161\u0165uje jejich st\u00e1lost. Ka\u017ed\u00fd tah \u0161t\u011btce je origin\u00e1ln\u00ed \u2013 tento obraz existuje pouze v jednom jedin\u00e9m exempl\u00e1\u0159i.<\/p>\n","protected":false},"excerpt":{"rendered":"<p>Ru\u010dn\u011b malovan\u00fd obraz technikou akrylu na pl\u00e1tno. Silueta kon\u011b \u2013 origin\u00e1l, jedin\u00fd kus, zafixov\u00e1no ochrannou vrstvou.<\/p>\n","protected":false},"featured_media":5130,"comment_status":"open","ping_status":"closed","template":"","meta":[],"product_brand":[],"product_cat":[153],"product_tag":[],"class_list":{"0":"post-5136","1":"product","2":"type-product","3":"status-publish","4":"has-post-thumbnail","6":"product_cat-malovane-obrazy","8":"first","9":"outofstock","10":"shipping-taxable","11":"purchasable","12":"product-type-simple"},"aioseo_notices":[],"_links":{"self":[{"href":"https:\/\/www.lecha.cz\/index.php\/wp-json\/wp\/v2\/product\/5136","targetHints":{"allow":["GET"]}}],"collection":[{"href":"https:\/\/www.lecha.cz\/index.php\/wp-json\/wp\/v2\/product"}],"about":[{"href":"https:\/\/www.lecha.cz\/index.php\/wp-json\/wp\/v2\/types\/product"}],"replies":[{"embeddable":true,"href":"https:\/\/www.lecha.cz\/index.php\/wp-json\/wp\/v2\/comments?post=5136"}],"wp:featuredmedia":[{"embeddable":true,"href":"https:\/\/www.lecha.cz\/index.php\/wp-json\/wp\/v2\/media\/5130"}],"wp:attachment":[{"href":"https:\/\/www.lecha.cz\/index.php\/wp-json\/wp\/v2\/media?parent=5136"}],"wp:term":[{"taxonomy":"product_brand","embeddable":true,"href":"https:\/\/www.lecha.cz\/index.php\/wp-json\/wp\/v2\/product_brand?post=5136"},{"taxonomy":"product_cat","embeddable":true,"href":"https:\/\/www.lecha.cz\/index.php\/wp-json\/wp\/v2\/product_cat?post=5136"},{"taxonomy":"product_tag","embeddable":true,"href":"https:\/\/www.lecha.cz\/index.php\/wp-json\/wp\/v2\/product_tag?post=5136"}],"curies":[{"name":"wp","href":"https:\/\/api.w.org\/{rel}","templated":true}]}}