{"id":5123,"date":"2025-07-31T16:19:38","date_gmt":"2025-07-31T14:19:38","guid":{"rendered":"https:\/\/www.lecha.cz\/?post_type=product&#038;p=5123"},"modified":"2026-04-11T18:54:02","modified_gmt":"2026-04-11T16:54:02","slug":"kocici-sneni","status":"publish","type":"product","link":"https:\/\/www.lecha.cz\/index.php\/produkt\/kocici-sneni\/","title":{"rendered":"Ko\u010di\u010d\u00ed sn\u011bn\u00ed"},"content":{"rendered":"<p>Ko\u010dka sn\u00edc\u00ed na m\u011bs\u00edci pod hv\u011bzdnou oblohou symbolizuje volnost, tajemstv\u00ed a kouzlo no\u010dn\u00edch sn\u016f.<\/p>\n<p>Obraz je malov\u00e1n akrylov\u00fdmi barvami na kvalitn\u00ed pl\u00e1tno o rozm\u011bru 30\u00d730 cm, obraz je o\u0161et\u0159en ochrannou vrstvou, kter\u00e1 chr\u00e1n\u00ed barvy a zaji\u0161\u0165uje jejich st\u00e1lost. Ka\u017ed\u00fd tah \u0161t\u011btce je origin\u00e1ln\u00ed \u2013 tento obraz existuje pouze v jednom jedin\u00e9m exempl\u00e1\u0159i.<\/p>\n<p>Obraz je vyhotoven ve tmav\u00fdch barv\u00e1ch.<\/p>\n","protected":false},"excerpt":{"rendered":"<p>Ru\u010dn\u011b malovan\u00fd obraz technikou akrylu na pl\u00e1tno. Ko\u010di\u010d\u00ed sn\u011bn\u00ed \u2013 origin\u00e1l, jedin\u00fd kus, zafixov\u00e1no ochrannou vrstvou.<\/p>\n","protected":false},"featured_media":5129,"comment_status":"open","ping_status":"closed","template":"","meta":[],"product_brand":[],"product_cat":[153],"product_tag":[],"class_list":{"0":"post-5123","1":"product","2":"type-product","3":"status-publish","4":"has-post-thumbnail","6":"product_cat-malovane-obrazy","8":"first","9":"outofstock","10":"shipping-taxable","11":"purchasable","12":"product-type-simple"},"aioseo_notices":[],"_links":{"self":[{"href":"https:\/\/www.lecha.cz\/index.php\/wp-json\/wp\/v2\/product\/5123","targetHints":{"allow":["GET"]}}],"collection":[{"href":"https:\/\/www.lecha.cz\/index.php\/wp-json\/wp\/v2\/product"}],"about":[{"href":"https:\/\/www.lecha.cz\/index.php\/wp-json\/wp\/v2\/types\/product"}],"replies":[{"embeddable":true,"href":"https:\/\/www.lecha.cz\/index.php\/wp-json\/wp\/v2\/comments?post=5123"}],"wp:featuredmedia":[{"embeddable":true,"href":"https:\/\/www.lecha.cz\/index.php\/wp-json\/wp\/v2\/media\/5129"}],"wp:attachment":[{"href":"https:\/\/www.lecha.cz\/index.php\/wp-json\/wp\/v2\/media?parent=5123"}],"wp:term":[{"taxonomy":"product_brand","embeddable":true,"href":"https:\/\/www.lecha.cz\/index.php\/wp-json\/wp\/v2\/product_brand?post=5123"},{"taxonomy":"product_cat","embeddable":true,"href":"https:\/\/www.lecha.cz\/index.php\/wp-json\/wp\/v2\/product_cat?post=5123"},{"taxonomy":"product_tag","embeddable":true,"href":"https:\/\/www.lecha.cz\/index.php\/wp-json\/wp\/v2\/product_tag?post=5123"}],"curies":[{"name":"wp","href":"https:\/\/api.w.org\/{rel}","templated":true}]}}