{"id":998,"date":"2022-06-20T07:47:07","date_gmt":"2022-06-20T05:47:07","guid":{"rendered":"https:\/\/nicktesting.kinsta.cloud\/shopdiko2\/?page_id=12"},"modified":"2025-11-01T14:10:32","modified_gmt":"2025-11-01T13:10:32","slug":"muj-ucet","status":"publish","type":"page","link":"https:\/\/www.lecha.cz\/index.php\/muj-ucet\/","title":{"rendered":"M\u016fj \u00fa\u010det"},"content":{"rendered":"\t\t<div data-elementor-type=\"wp-page\" data-elementor-id=\"998\" class=\"elementor elementor-998\">\n\t\t\t\t<div class=\"elementor-element elementor-element-4865fb5 e-flex e-con-boxed wpr-particle-no wpr-jarallax-no wpr-parallax-no wpr-sticky-section-no wpr-equal-height-no e-con e-parent\" data-id=\"4865fb5\" data-element_type=\"container\" data-e-type=\"container\">\n\t\t\t\t\t<div class=\"e-con-inner\">\n\t\t<div class=\"elementor-element elementor-element-9072e91 e-con-full e-flex wpr-particle-no wpr-jarallax-no wpr-parallax-no wpr-sticky-section-no wpr-equal-height-no e-con e-child\" data-id=\"9072e91\" data-element_type=\"container\" data-e-type=\"container\">\n\t\t\t\t<div class=\"elementor-element elementor-element-0d4a4fa elementor-widget elementor-widget-heading\" data-id=\"0d4a4fa\" data-element_type=\"widget\" data-e-type=\"widget\" data-widget_type=\"heading.default\">\n\t\t\t\t<div class=\"elementor-widget-container\">\n\t\t\t\t\t<h2 class=\"elementor-heading-title elementor-size-default\">M\u016fj \u00fa\u010det<\/h2>\t\t\t\t<\/div>\n\t\t\t\t<\/div>\n\t\t\t\t<div class=\"elementor-element elementor-element-ebe6ace elementor-widget elementor-widget-text-editor\" data-id=\"ebe6ace\" data-element_type=\"widget\" data-e-type=\"widget\" data-widget_type=\"text-editor.default\">\n\t\t\t\t<div class=\"elementor-widget-container\">\n\t\t\t\t\t\t\t\t\t<p data-pm-slice=\"1 1 []\">Tady najdete p\u0159ehled sv\u00fdch objedn\u00e1vek, adresy a \u00fadaje k Va\u0161emu \u00fa\u010dtu. Pokud si s\u202fn\u011b\u010d\u00edm nev\u00edte rady, napi\u0161te n\u00e1m \u2013 jsme tu pro V\u00e1s a r\u00e1di V\u00e1m pom\u016f\u017eeme.<\/p><p>D\u011bkujeme, \u017ee podporujete ru\u010dn\u00ed pr\u00e1ci \u2665<\/p>\t\t\t\t\t\t\t\t<\/div>\n\t\t\t\t<\/div>\n\t\t\t\t<\/div>\n\t\t\t\t\t<\/div>\n\t\t\t\t<\/div>\n\t\t<div class=\"elementor-element elementor-element-cdd53e0 e-flex e-con-boxed wpr-particle-no wpr-jarallax-no wpr-parallax-no wpr-sticky-section-no wpr-equal-height-no e-con e-parent\" data-id=\"cdd53e0\" data-element_type=\"container\" data-e-type=\"container\">\n\t\t\t\t\t<div class=\"e-con-inner\">\n\t\t\t\t<div class=\"elementor-element elementor-element-2f6d603 elementor-widget elementor-widget-shortcode\" data-id=\"2f6d603\" data-element_type=\"widget\" data-e-type=\"widget\" data-widget_type=\"shortcode.default\">\n\t\t\t\t<div class=\"elementor-widget-container\">\n\t\t\t\t\t\t\t<div class=\"elementor-shortcode\"><div class=\"woocommerce\"><\/div>\n<\/div>\n\t\t\t\t\t\t<\/div>\n\t\t\t\t<\/div>\n\t\t\t\t\t<\/div>\n\t\t\t\t<\/div>\n\t\t\t\t<\/div>\n\t\t","protected":false},"excerpt":{"rendered":"<p>M\u016fj \u00fa\u010det Tady najdete p\u0159ehled sv\u00fdch objedn\u00e1vek, adresy a \u00fadaje k Va\u0161emu \u00fa\u010dtu. Pokud si s\u202fn\u011b\u010d\u00edm nev\u00edte rady, napi\u0161te n\u00e1m \u2013 jsme tu pro V\u00e1s a r\u00e1di V\u00e1m pom\u016f\u017eeme. D\u011bkujeme, \u017ee podporujete ru\u010dn\u00ed pr\u00e1ci \u2665<\/p>\n","protected":false},"author":1,"featured_media":0,"parent":0,"menu_order":0,"comment_status":"closed","ping_status":"closed","template":"elementor_canvas","meta":{"footnotes":""},"class_list":["post-998","page","type-page","status-publish","hentry"],"aioseo_notices":[],"_links":{"self":[{"href":"https:\/\/www.lecha.cz\/index.php\/wp-json\/wp\/v2\/pages\/998","targetHints":{"allow":["GET"]}}],"collection":[{"href":"https:\/\/www.lecha.cz\/index.php\/wp-json\/wp\/v2\/pages"}],"about":[{"href":"https:\/\/www.lecha.cz\/index.php\/wp-json\/wp\/v2\/types\/page"}],"author":[{"embeddable":true,"href":"https:\/\/www.lecha.cz\/index.php\/wp-json\/wp\/v2\/users\/1"}],"replies":[{"embeddable":true,"href":"https:\/\/www.lecha.cz\/index.php\/wp-json\/wp\/v2\/comments?post=998"}],"version-history":[{"count":46,"href":"https:\/\/www.lecha.cz\/index.php\/wp-json\/wp\/v2\/pages\/998\/revisions"}],"predecessor-version":[{"id":5089,"href":"https:\/\/www.lecha.cz\/index.php\/wp-json\/wp\/v2\/pages\/998\/revisions\/5089"}],"wp:attachment":[{"href":"https:\/\/www.lecha.cz\/index.php\/wp-json\/wp\/v2\/media?parent=998"}],"curies":[{"name":"wp","href":"https:\/\/api.w.org\/{rel}","templated":true}]}}