{"id":996,"date":"2022-06-20T07:47:07","date_gmt":"2022-06-20T05:47:07","guid":{"rendered":"https:\/\/nicktesting.kinsta.cloud\/shopdiko2\/?page_id=10"},"modified":"2026-03-23T09:14:56","modified_gmt":"2026-03-23T08:14:56","slug":"nakupni-kosik","status":"publish","type":"page","link":"https:\/\/www.lecha.cz\/index.php\/nakupni-kosik\/","title":{"rendered":"N\u00e1kupn\u00ed ko\u0161\u00edk"},"content":{"rendered":"\t\t<div data-elementor-type=\"wp-page\" data-elementor-id=\"996\" class=\"elementor elementor-996\">\n\t\t\t\t\t\t<section class=\"elementor-section elementor-top-section elementor-element elementor-element-a78041c elementor-section-boxed elementor-section-height-default elementor-section-height-default wpr-particle-no wpr-jarallax-no wpr-parallax-no wpr-sticky-section-no wpr-equal-height-no\" data-id=\"a78041c\" data-element_type=\"section\" data-e-type=\"section\">\n\t\t\t\t\t\t<div class=\"elementor-container elementor-column-gap-default\">\n\t\t\t\t\t<div class=\"elementor-column elementor-col-100 elementor-top-column elementor-element elementor-element-cc872a4\" data-id=\"cc872a4\" data-element_type=\"column\" data-e-type=\"column\">\n\t\t\t<div class=\"elementor-widget-wrap elementor-element-populated\">\n\t\t\t\t\t\t<div class=\"elementor-element elementor-element-1f2de91 elementor-widget elementor-widget-heading\" data-id=\"1f2de91\" data-element_type=\"widget\" data-e-type=\"widget\" data-widget_type=\"heading.default\">\n\t\t\t\t<div class=\"elementor-widget-container\">\n\t\t\t\t\t<h2 class=\"elementor-heading-title elementor-size-default\">N\u00e1kupn\u00ed ko\u0161\u00edk<\/h2>\t\t\t\t<\/div>\n\t\t\t\t<\/div>\n\t\t\t\t<div class=\"elementor-element elementor-element-a4aefb5 elementor-widget elementor-widget-text-editor\" data-id=\"a4aefb5\" data-element_type=\"widget\" data-e-type=\"widget\" data-widget_type=\"text-editor.default\">\n\t\t\t\t<div class=\"elementor-widget-container\">\n\t\t\t\t\t\t\t\t\t<p>P\u0159ed odesl\u00e1n\u00edm objedn\u00e1vky si pros\u00edm p\u0159ekontrolujte, \u017ee m\u00e1te v ko\u0161\u00edku v\u0161echny V\u00e1mi vybran\u00e9 kousky, sed\u00ed jejich po\u010det i zvolen\u00e9 varianty a \u017ee jste nastavili spr\u00e1vn\u00fd zp\u016fsob dopravy a platby. Pokud je v\u0161e v po\u0159\u00e1dku, m\u016f\u017eete se p\u0159esunout k pokladn\u011b. D\u011bkujeme, \u017ee podporujete ru\u010dn\u00ed pr\u00e1ci.<\/p>\t\t\t\t\t\t\t\t<\/div>\n\t\t\t\t<\/div>\n\t\t\t\t\t<\/div>\n\t\t<\/div>\n\t\t\t\t\t<\/div>\n\t\t<\/section>\n\t\t\t\t<\/div>\n\t\t","protected":false},"excerpt":{"rendered":"<p>N\u00e1kupn\u00ed ko\u0161\u00edk P\u0159ed odesl\u00e1n\u00edm objedn\u00e1vky si pros\u00edm p\u0159ekontrolujte, \u017ee m\u00e1te v ko\u0161\u00edku v\u0161echny V\u00e1mi vybran\u00e9 kousky, sed\u00ed jejich po\u010det i zvolen\u00e9 varianty a \u017ee jste nastavili spr\u00e1vn\u00fd zp\u016fsob dopravy a platby. Pokud je v\u0161e v po\u0159\u00e1dku, m\u016f\u017eete se p\u0159esunout k pokladn\u011b. D\u011bkujeme, \u017ee podporujete ru\u010dn\u00ed pr\u00e1ci. &nbsp; Produkt &nbsp; Cena Mno\u017estv\u00ed Mezisou\u010det &times; Ov\u010d\u00e1k Nara 1 650,00&nbsp;&#75;&#269; Ov\u010d\u00e1k Nara mno\u017estv\u00ed 1 650,00&nbsp;&#75;&#269; Aktualizovat ko\u0161\u00edk Uplatnit kup\u00f3n Souhrn ko\u0161\u00edku Mezisou\u010det 1 650,00&nbsp;&#75;&#269; Doprava Doru\u010den\u00ed na adresu: 79,00&nbsp;&#75;&#269; Doprava zdarma P\u0159eprava do K Rybn\u00edku 21, 252 61 Dobrov\u00edz. Zm\u011bnit adresu Zem\u011b \/ region Vyberte zemi \/ region&hellip;Afgh\u00e1nist\u00e1n\u00c5landsk\u00e9 ostrovyAlb\u00e1nieAl\u017e\u00edrskoAmerick\u00e1 SamoaAndorraAngolaAnguillaAntarktidaAntigua a BarbudaArgentinaArm\u00e9nieArubaAustr\u00e1lie\u00c1zerb\u00e1jd\u017e\u00e1nBahamyBahrainBanglad\u00e9\u0161BarbadosBelauBelgieBelizeB\u011bloruskoBeninBermudyBol\u00edvieBonaire, Saint Eustatius a SabaBosna a HerzegovinaBotswanaBouvet\u016fv ostrovBraz\u00edlieBritsk\u00e9 indickooce\u00e1nsk\u00e9 \u00fazem\u00edBrunejBulharskoBurkina FasoBurundiB\u00fat\u00e1nCamerunCape VerdeComorosCookovy ostrovyCura&Ccedil;ao\u010cad\u010cern\u00e1 Hora\u010cesk\u00e1 republika\u010c\u00ednaD\u00e1nskoDominicaDominik\u00e1nsk\u00e1 RepublikaD\u017eibutskoEgyptEkv\u00e1dorEquatorial GuineaEritreaEstonskoEtiopieFalklandsk\u00e9 ostrovyFaroe IslandsFederativn\u00ed st\u00e1ty Mikron\u00e9sieFijiFilip\u00ednyFinskoFrancieFrancouzsk\u00e1 GuyanaFrancouzsk\u00e1 PolynesieFrancouzsk\u00e9 Ji\u017en\u00ed TeritoriumGabonGambiaGeorgiaGhanaGibraltarGrenadaGr\u00f3nskoGuadeloupeGuamGuatemalaGuernseyGuineaGuinea-BissauGuyanaHaitiHeard\u016fv ostrov a McDonaldovy ostrovyHondurasHong KongChileChorvatskoIndieIndonesiaIr\u00e1kIranIrskoIslandIt\u00e1lieIzraelJamajkaJaponskoJemenJerseyJi\u017en\u00ed AfrikaJi\u017en\u00ed KoreaJi\u017en\u00ed S\u00fad\u00e1nJordanKajmansk\u00e9 ostrovyKambod\u017eaKanadaKatarKazachst\u00e1nKe\u0148aKiribatiKokosov\u00e9 ostrovyKolumbieKongo (Brazzaville)Kongo (Kin\u0161asa)KostarikaKubaKuwaitKyprKyrgist\u00e1nLaosLesothoLibanonLiberieLibyeLichten\u0161tejnskoLitvaLoty\u0161skoLucemburskoMacaoMadagaskarMa\u010farskoMalajsieMalawiMaledivyMaliMaltaMarokoMarshallovy ostrovyMartinikMaurit\u00e1nieMauritiusMayotteMexikoMoldavskoMonakoMongolskoMontserratMosambikMyanmarNamibiaNauruN\u011bmeckoNepalNew CaledoniaNew ZealandNicaraguaNigerNigeriaNiueNizozemskoNorfolk IslandNorskoNorth KoreaNorth MacedoniaNorthern Mariana IslandsOm\u00e1nOstrov ManP\u00e1kist\u00e1nPalestinsk\u00e9 TeritoriumPanamaPanensk\u00e9 ostrovy (US)Papua Nov\u00e1 GuineaParaguayPeruPitcairnPob\u0159e\u017e\u00ed slonovinyPolskoPorto RicoPortugalskoRakouskoReunionRumunskoRuskoRwanda\u0158eckoS&atilde;o Tom&eacute; and Pr&iacute;ncipeSaint Barth&eacute;lemySaint Kitts and NevisSaint LuciaSaint Martin (Dutch part)Saint Martin (French part)Saint Pierre a MiquelonSalvadorSamoaSan MarinoSaudsk\u00e1 Ar\u00e1bieSenegalSey\u0161elySierra LeoneSingapurSlovensk\u00e1 republikaSlovinskoSom\u00e1lskoSouth Georgia\/Sandwich IslandsSpojen\u00e9 Arabsk\u00e9 Emir\u00e1tySpojen\u00e9 kr\u00e1lovstv\u00ed (UK)Spojen\u00e9 st\u00e1ty americk\u00e9 (US)Spojen\u00e9 St\u00e1ty Americk\u00e9 (US) Minor Outlying IslandsSrbskoSri LankaSt\u0159edn\u00ed Africk\u00e1 republikaS\u00fad\u00e1nSurinamSvalbard a Jan MayenSvat\u00e1 HelenaSvat\u00fd Vincent a GrenadinySvazijskoS\u00fdrie\u0160alamounovy ostrovy\u0160pan\u011blsko\u0160v\u00e9dsko\u0160v\u00fdcarskoTaiwanTajikistanTanzanieThajskoTimor-LesteTogoTokelauTongaTrinidad a TobagoTuniskoT\u00fcrkiyeTurkmenist\u00e1nTurks a CaicosTuvaluUgandaUkrajinaUruguayUzbekist\u00e1nV\u00e1no\u010dn\u00ed ostrovyVanuatuVatik\u00e1nVenezuelaVietnamVirgin Islands (British)Wallis a FutunaZambieZ\u00e1padn\u00ed SaharaZimbabwe M\u011bsto: PS\u010c: Aktualizovat Cena celkem 1 729,00&nbsp;&#75;&#269; P\u0159ej\u00edt k pokladn\u011b<\/p>\n","protected":false},"author":1,"featured_media":0,"parent":0,"menu_order":0,"comment_status":"closed","ping_status":"closed","template":"elementor_header_footer","meta":{"footnotes":""},"class_list":["post-996","page","type-page","status-publish","hentry"],"aioseo_notices":[],"_links":{"self":[{"href":"https:\/\/www.lecha.cz\/index.php\/wp-json\/wp\/v2\/pages\/996","targetHints":{"allow":["GET"]}}],"collection":[{"href":"https:\/\/www.lecha.cz\/index.php\/wp-json\/wp\/v2\/pages"}],"about":[{"href":"https:\/\/www.lecha.cz\/index.php\/wp-json\/wp\/v2\/types\/page"}],"author":[{"embeddable":true,"href":"https:\/\/www.lecha.cz\/index.php\/wp-json\/wp\/v2\/users\/1"}],"replies":[{"embeddable":true,"href":"https:\/\/www.lecha.cz\/index.php\/wp-json\/wp\/v2\/comments?post=996"}],"version-history":[{"count":74,"href":"https:\/\/www.lecha.cz\/index.php\/wp-json\/wp\/v2\/pages\/996\/revisions"}],"predecessor-version":[{"id":4968,"href":"https:\/\/www.lecha.cz\/index.php\/wp-json\/wp\/v2\/pages\/996\/revisions\/4968"}],"wp:attachment":[{"href":"https:\/\/www.lecha.cz\/index.php\/wp-json\/wp\/v2\/media?parent=996"}],"curies":[{"name":"wp","href":"https:\/\/api.w.org\/{rel}","templated":true}]}}