{"id":816,"date":"2022-06-29T11:51:46","date_gmt":"2022-06-29T09:51:46","guid":{"rendered":"https:\/\/nicktesting.kinsta.cloud\/shopdiko2\/?page_id=816"},"modified":"2026-02-23T17:29:18","modified_gmt":"2026-02-23T16:29:18","slug":"kontakt","status":"publish","type":"page","link":"https:\/\/www.lecha.cz\/index.php\/kontakt\/","title":{"rendered":"Kontakt"},"content":{"rendered":"\t\t<div data-elementor-type=\"wp-page\" data-elementor-id=\"816\" class=\"elementor elementor-816\">\n\t\t\t\t<div class=\"elementor-element elementor-element-2149ad1 e-flex e-con-boxed wpr-particle-no wpr-jarallax-no wpr-parallax-no wpr-sticky-section-no wpr-equal-height-no e-con e-parent\" data-id=\"2149ad1\" data-element_type=\"container\" data-e-type=\"container\">\n\t\t\t\t\t<div class=\"e-con-inner\">\n\t\t<div class=\"elementor-element elementor-element-090779e e-con-full e-flex wpr-particle-no wpr-jarallax-no wpr-parallax-no wpr-sticky-section-no wpr-equal-height-no e-con e-child\" data-id=\"090779e\" data-element_type=\"container\" data-e-type=\"container\">\n\t\t\t\t<div class=\"elementor-element elementor-element-a3e589e elementor-widget elementor-widget-heading\" data-id=\"a3e589e\" data-element_type=\"widget\" data-e-type=\"widget\" data-widget_type=\"heading.default\">\n\t\t\t\t<div class=\"elementor-widget-container\">\n\t\t\t\t\t<h2 class=\"elementor-heading-title elementor-size-default\">Kontakt<\/h2>\t\t\t\t<\/div>\n\t\t\t\t<\/div>\n\t\t\t\t<div class=\"elementor-element elementor-element-2858650 elementor-widget elementor-widget-text-editor\" data-id=\"2858650\" data-element_type=\"widget\" data-e-type=\"widget\" data-widget_type=\"text-editor.default\">\n\t\t\t\t<div class=\"elementor-widget-container\">\n\t\t\t\t\t\t\t\t\t<p data-start=\"648\" data-end=\"792\">M\u00e1te ot\u00e1zku nebo p\u0159\u00e1n\u00ed?<br data-start=\"671\" data-end=\"674\" \/>Budeme r\u00e1di za ka\u017edou zpr\u00e1vu \u2013 a\u0165 u\u017e hled\u00e1te odpov\u011b\u010f, p\u0159em\u00fd\u0161l\u00edte nad zak\u00e1zkou nebo se jen chcete pod\u011blit o radost. Napi\u0161te n\u00e1m p\u0159es formul\u00e1\u0159 n\u00ed\u017ee nebo p\u0159\u00edmo na e-mail.<\/p><p data-start=\"648\" data-end=\"792\">Ozveme se co nejd\u0159\u00edve,\u00a0zpravidla do 48 hodin.<\/p>\t\t\t\t\t\t\t\t<\/div>\n\t\t\t\t<\/div>\n\t\t\t\t<\/div>\n\t\t\t\t\t<\/div>\n\t\t\t\t<\/div>\n\t\t<div class=\"elementor-element elementor-element-ac713ef e-flex e-con-boxed wpr-particle-no wpr-jarallax-no wpr-parallax-no wpr-sticky-section-no wpr-equal-height-no e-con e-parent\" data-id=\"ac713ef\" data-element_type=\"container\" data-e-type=\"container\">\n\t\t\t\t\t<div class=\"e-con-inner\">\n\t\t\t\t<div class=\"elementor-element elementor-element-7db9f80 elementor-widget elementor-widget-heading\" data-id=\"7db9f80\" data-element_type=\"widget\" data-e-type=\"widget\" data-widget_type=\"heading.default\">\n\t\t\t\t<div class=\"elementor-widget-container\">\n\t\t\t\t\t<h2 class=\"elementor-heading-title elementor-size-default\">Kontaktn\u00ed \u00fadaje<\/h2>\t\t\t\t<\/div>\n\t\t\t\t<\/div>\n\t\t\t\t\t<\/div>\n\t\t\t\t<\/div>\n\t\t<div class=\"elementor-element elementor-element-857a7d9 e-flex e-con-boxed wpr-particle-no wpr-jarallax-no wpr-parallax-no wpr-sticky-section-no wpr-equal-height-no e-con e-parent\" data-id=\"857a7d9\" data-element_type=\"container\" data-e-type=\"container\">\n\t\t\t\t\t<div class=\"e-con-inner\">\n\t\t\t\t<div class=\"elementor-element elementor-element-8743f7d elementor-widget elementor-widget-text-editor\" data-id=\"8743f7d\" data-element_type=\"widget\" data-e-type=\"widget\" data-widget_type=\"text-editor.default\">\n\t\t\t\t<div class=\"elementor-widget-container\">\n\t\t\t\t\t\t\t\t\t<p><strong>E-mail: <\/strong><\/p><p><em>dotazy \/ reklamace a vr\u00e1cen\u00ed zbo\u017e\u00ed<\/em><\/p><ul><li>e-mail: <a href=\"mailto:pavel@lecha.cz\">pavel@lecha.cz<\/a><\/li><\/ul><p><em>zak\u00e1zky, produkty<\/em><\/p><ul><li>e-mail: <a href=\"mailto:lenka@lecha.cz\">lenka@lecha.cz<\/a><\/li><\/ul><p>\u00a0<\/p><p><strong>Telefon:<\/strong><\/p><p><em>pro reklamace a vr\u00e1cen\u00ed zbo\u017e\u00ed<\/em><\/p><ul><li>tel.: <a href=\"tel:+420775486272\">775\u00a0486\u00a0272<\/a><\/li><\/ul><p>\u00a0<\/p><p><strong>Provozovatel:<\/strong><\/p><p>No Nonsense Holding s.r.o.<br data-start=\"806\" data-end=\"809\" \/>I\u010cO: 19656068<br data-start=\"815\" data-end=\"818\" \/>S\u00eddlo: Na Folimance 2155\/15, Vinohrady (Praha 2), 120 00 Praha<\/p><p>\u00a0<\/p><p><strong>Adresa pro vr\u00e1cen\u00ed zbo\u017e\u00ed:<\/strong><\/p><p>Doln\u00ed Vinice 393, Kly, 277 41<\/p><p><span style=\"text-decoration: underline;\"><em>P\u0159ed odesl\u00e1n\u00edm zbo\u017e\u00ed n\u00e1s pros\u00edm v\u017edy nejprve kontaktujte e-mailem.<\/em><\/span><\/p>\t\t\t\t\t\t\t\t<\/div>\n\t\t\t\t<\/div>\n\t\t\t\t\t<\/div>\n\t\t\t\t<\/div>\n\t\t<div class=\"elementor-element elementor-element-7815050 e-flex e-con-boxed wpr-particle-no wpr-jarallax-no wpr-parallax-no wpr-sticky-section-no wpr-equal-height-no e-con e-parent\" data-id=\"7815050\" data-element_type=\"container\" data-e-type=\"container\">\n\t\t\t\t\t<div class=\"e-con-inner\">\n\t\t\t\t<div class=\"elementor-element elementor-element-0956bf6 elementor-widget elementor-widget-heading\" data-id=\"0956bf6\" data-element_type=\"widget\" data-e-type=\"widget\" data-widget_type=\"heading.default\">\n\t\t\t\t<div class=\"elementor-widget-container\">\n\t\t\t\t\t<h2 class=\"elementor-heading-title elementor-size-default\">Kontaktn\u00ed formul\u00e1\u0159<\/h2>\t\t\t\t<\/div>\n\t\t\t\t<\/div>\n\t\t\t\t\t<\/div>\n\t\t\t\t<\/div>\n\t\t<div class=\"elementor-element elementor-element-10794e0 e-flex e-con-boxed wpr-particle-no wpr-jarallax-no wpr-parallax-no wpr-sticky-section-no wpr-equal-height-no e-con e-parent\" data-id=\"10794e0\" data-element_type=\"container\" data-e-type=\"container\">\n\t\t\t\t\t<div class=\"e-con-inner\">\n\t\t\t\t<div class=\"elementor-element elementor-element-7e701d4 elementor-widget elementor-widget-text-editor\" data-id=\"7e701d4\" data-element_type=\"widget\" data-e-type=\"widget\" data-widget_type=\"text-editor.default\">\n\t\t\t\t<div class=\"elementor-widget-container\">\n\t\t\t\t\t\t\t\t\t<p>Nebo n\u00e1m m\u016f\u017eete napsat p\u0159\u00edmo zde:<\/p>\t\t\t\t\t\t\t\t<\/div>\n\t\t\t\t<\/div>\n\t\t\t\t\t<\/div>\n\t\t\t\t<\/div>\n\t\t<div class=\"elementor-element elementor-element-aa2def6 e-flex e-con-boxed wpr-particle-no wpr-jarallax-no wpr-parallax-no wpr-sticky-section-no wpr-equal-height-no e-con e-parent\" data-id=\"aa2def6\" data-element_type=\"container\" data-e-type=\"container\">\n\t\t\t\t\t<div class=\"e-con-inner\">\n\t\t\t\t<div class=\"elementor-element elementor-element-99efac5 elementor-widget elementor-widget-shortcode\" data-id=\"99efac5\" data-element_type=\"widget\" data-e-type=\"widget\" data-widget_type=\"shortcode.default\">\n\t\t\t\t<div class=\"elementor-widget-container\">\n\t\t\t\t\t\t\t<div class=\"elementor-shortcode\"><div class=\"wpforms-container wpforms-render-modern\" id=\"wpforms-2920\"><form id=\"wpforms-form-2920\" class=\"wpforms-validate wpforms-form wpforms-ajax-form\" data-formid=\"2920\" method=\"post\" enctype=\"multipart\/form-data\" action=\"\/index.php\/wp-json\/wp\/v2\/pages\/816\" data-token=\"8cb946ffe680afdb07071d561a8d77d8\" data-token-time=\"1777999685\"><noscript class=\"wpforms-error-noscript\">Chcete-li vyplnit tento formul\u00e1\u0159, pros\u00edm povolte v prohl\u00ed\u017ee\u010di JavaScript.<\/noscript><div id=\"wpforms-error-noscript\" style=\"display: none;\">Chcete-li vyplnit tento formul\u00e1\u0159, pros\u00edm povolte v prohl\u00ed\u017ee\u010di JavaScript.<\/div><div class=\"wpforms-field-container\"><div id=\"wpforms-2920-field_4-container\" class=\"wpforms-field wpforms-field-name\" data-field-id=\"4\"><fieldset><legend class=\"wpforms-field-label\">Jm\u00e9no <span class=\"wpforms-required-label\" aria-hidden=\"true\">*<\/span><\/legend><div class=\"wpforms-field-row wpforms-field-medium\"><div class=\"wpforms-field-row-block wpforms-first wpforms-one-half\"><input type=\"text\" id=\"wpforms-2920-field_4\" class=\"wpforms-field-name-first wpforms-field-required\" name=\"wpforms[fields][4][first]\" aria-errormessage=\"wpforms-2920-field_4-error\" required><label for=\"wpforms-2920-field_4\" class=\"wpforms-field-sublabel after\">K\u0159estn\u00ed jm\u00e9no<\/label><\/div><div class=\"wpforms-field-row-block wpforms-one-half\"><input type=\"text\" id=\"wpforms-2920-field_4-last\" class=\"wpforms-field-name-last wpforms-field-required\" name=\"wpforms[fields][4][last]\" aria-errormessage=\"wpforms-2920-field_4-last-error\" required><label for=\"wpforms-2920-field_4-last\" class=\"wpforms-field-sublabel after\">P\u0159\u00edjmen\u00ed<\/label><\/div><\/div><\/fieldset><\/div>\t\t<div id=\"wpforms-2920-field_1-container\"\n\t\t\tclass=\"wpforms-field wpforms-field-text\"\n\t\t\tdata-field-type=\"text\"\n\t\t\tdata-field-id=\"1\"\n\t\t\t>\n\t\t\t<label class=\"wpforms-field-label\" for=\"wpforms-2920-field_1\" >E-mail objedn\u00e1vky \u010c\u00edslo<\/label>\n\t\t\t<input type=\"text\" id=\"wpforms-2920-field_1\" class=\"wpforms-field-medium\" name=\"wpforms[fields][1]\" >\n\t\t<\/div>\n\t\t<div id=\"wpforms-2920-field_2-container\" class=\"wpforms-field wpforms-field-email\" data-field-id=\"2\"><label class=\"wpforms-field-label\" for=\"wpforms-2920-field_2\">E-mail <span class=\"wpforms-required-label\" aria-hidden=\"true\">*<\/span><\/label><input type=\"email\" id=\"wpforms-2920-field_2\" class=\"wpforms-field-medium wpforms-field-required\" name=\"wpforms[fields][2]\" spellcheck=\"false\" aria-errormessage=\"wpforms-2920-field_2-error\" aria-describedby=\"wpforms-2920-field_2-description\" required><div id=\"wpforms-2920-field_2-description\" class=\"wpforms-field-description\">Na tento e-mail V\u00e1m p\u0159ijde odpov\u011b\u010f<\/div><\/div><div id=\"wpforms-2920-field_5-container\" class=\"wpforms-field wpforms-field-text\" data-field-id=\"5\"><label class=\"wpforms-field-label\" for=\"wpforms-2920-field_5\">\u010c\u00edslo objedn\u00e1vky<\/label><input type=\"text\" id=\"wpforms-2920-field_5\" class=\"wpforms-field-medium\" name=\"wpforms[fields][5]\" aria-errormessage=\"wpforms-2920-field_5-error\" aria-describedby=\"wpforms-2920-field_5-description\" ><div id=\"wpforms-2920-field_5-description\" class=\"wpforms-field-description\">Pokud p\u00ed\u0161ete kv\u016fli objedn\u00e1vce, napi\u0161te pros\u00edm jej\u00ed \u010d\u00edslo<\/div><\/div><div id=\"wpforms-2920-field_3-container\" class=\"wpforms-field wpforms-field-textarea\" data-field-id=\"3\"><label class=\"wpforms-field-label\" for=\"wpforms-2920-field_3\">V\u00e1\u0161 text<\/label><textarea id=\"wpforms-2920-field_3\" class=\"wpforms-field-medium\" name=\"wpforms[fields][3]\" aria-errormessage=\"wpforms-2920-field_3-error\" ><\/textarea><\/div><div id=\"wpforms-2920-field_6-container\" class=\"wpforms-field wpforms-field-checkbox\" data-field-id=\"6\"><fieldset><legend class=\"wpforms-field-label\"> <span class=\"wpforms-required-label\" aria-hidden=\"true\">*<\/span><\/legend><ul id=\"wpforms-2920-field_6\" class=\"wpforms-field-required\"><li class=\"choice-1 depth-1\"><input type=\"checkbox\" id=\"wpforms-2920-field_6_1\" name=\"wpforms[fields][6][]\" value=\"Souhlas\u00edm se zpracov\u00e1n\u00edm osobn\u00edch \u00fadaj\u016f za \u00fa\u010delem vy\u0159\u00edzen\u00ed dotazu. V\u00edce informac\u00ed naleznete v &lt;a href=&quot;https:\/\/www.lecha.cz\/index.php\/ochrana-osobnich-udaju\/&quot; target=&quot;_blank&quot;&gt;Z\u00e1sad\u00e1ch ochrany osobn\u00edch \u00fadaj\u016f&lt;\/a&gt;.\" aria-errormessage=\"wpforms-2920-field_6_1-error\" required ><label class=\"wpforms-field-label-inline\" for=\"wpforms-2920-field_6_1\">Souhlas\u00edm se zpracov\u00e1n\u00edm osobn\u00edch \u00fadaj\u016f za \u00fa\u010delem vy\u0159\u00edzen\u00ed dotazu. V\u00edce informac\u00ed naleznete v <a href=\"https:\/\/www.lecha.cz\/index.php\/ochrana-osobnich-udaju\/\" target=\"_blank\">Z\u00e1sad\u00e1ch ochrany osobn\u00edch \u00fadaj\u016f<\/a>.<\/label><\/li><\/ul><\/fieldset><\/div><script>\n\t\t\t\t( function() {\n\t\t\t\t\tconst style = document.createElement( 'style' );\n\t\t\t\t\tstyle.appendChild( document.createTextNode( '#wpforms-2920-field_1-container { position: absolute !important; overflow: hidden !important; display: inline !important; height: 1px !important; width: 1px !important; z-index: -1000 !important; padding: 0 !important; } #wpforms-2920-field_1-container input { visibility: hidden; } #wpforms-conversational-form-page #wpforms-2920-field_1-container label { counter-increment: none; }' ) );\n\t\t\t\t\tdocument.head.appendChild( style );\n\t\t\t\t\tdocument.currentScript?.remove();\n\t\t\t\t} )();\n\t\t\t<\/script><\/div><!-- .wpforms-field-container --><div class=\"wpforms-submit-container\" ><input type=\"hidden\" name=\"wpforms[id]\" value=\"2920\"><input type=\"hidden\" name=\"page_title\" value=\"\"><input type=\"hidden\" name=\"page_url\" value=\"https:\/\/www.lecha.cz\/index.php\/wp-json\/wp\/v2\/pages\/816\"><input type=\"hidden\" name=\"url_referer\" value=\"\"><button type=\"submit\" name=\"wpforms[submit]\" id=\"wpforms-submit-2920\" class=\"wpforms-submit\" data-alt-text=\"Odes\u00edl\u00e1ni...\" data-submit-text=\"Odeslat\" aria-live=\"assertive\" value=\"wpforms-submit\">Odeslat<\/button><img decoding=\"async\" src=\"https:\/\/www.lecha.cz\/wp-content\/plugins\/wpforms-lite\/assets\/images\/submit-spin.svg\" class=\"wpforms-submit-spinner\" style=\"display: none;\" width=\"26\" height=\"26\" alt=\"Na\u010d\u00edt\u00e1n\u00ed\"><\/div><\/form><\/div>  <!-- .wpforms-container --><\/div>\n\t\t\t\t\t\t<\/div>\n\t\t\t\t<\/div>\n\t\t\t\t\t<\/div>\n\t\t\t\t<\/div>\n\t\t<div class=\"elementor-element elementor-element-7a39c31 e-flex e-con-boxed wpr-particle-no wpr-jarallax-no wpr-parallax-no wpr-sticky-section-no wpr-equal-height-no e-con e-parent\" data-id=\"7a39c31\" data-element_type=\"container\" data-e-type=\"container\">\n\t\t\t\t\t<div class=\"e-con-inner\">\n\t\t\t\t<div class=\"elementor-element elementor-element-961835a elementor-widget elementor-widget-spacer\" data-id=\"961835a\" data-element_type=\"widget\" data-e-type=\"widget\" data-widget_type=\"spacer.default\">\n\t\t\t\t<div class=\"elementor-widget-container\">\n\t\t\t\t\t\t\t<div class=\"elementor-spacer\">\n\t\t\t<div class=\"elementor-spacer-inner\"><\/div>\n\t\t<\/div>\n\t\t\t\t\t\t<\/div>\n\t\t\t\t<\/div>\n\t\t\t\t\t<\/div>\n\t\t\t\t<\/div>\n\t\t\t\t<\/div>\n\t\t","protected":false},"excerpt":{"rendered":"<p>Kontakt M\u00e1te ot\u00e1zku nebo p\u0159\u00e1n\u00ed?Budeme r\u00e1di za ka\u017edou zpr\u00e1vu \u2013 a\u0165 u\u017e hled\u00e1te odpov\u011b\u010f, p\u0159em\u00fd\u0161l\u00edte nad zak\u00e1zkou nebo se jen chcete pod\u011blit o radost. Napi\u0161te n\u00e1m p\u0159es formul\u00e1\u0159 n\u00ed\u017ee nebo p\u0159\u00edmo na e-mail. Ozveme se co nejd\u0159\u00edve,\u00a0zpravidla do 48 hodin. Kontaktn\u00ed \u00fadaje E-mail: dotazy \/ reklamace a vr\u00e1cen\u00ed zbo\u017e\u00ed e-mail: pavel@lecha.cz zak\u00e1zky, produkty e-mail: lenka@lecha.cz \u00a0 Telefon: pro reklamace a vr\u00e1cen\u00ed zbo\u017e\u00ed tel.: 775\u00a0486\u00a0272 \u00a0 Provozovatel: No Nonsense Holding s.r.o.I\u010cO: 19656068S\u00eddlo: Na Folimance 2155\/15, Vinohrady (Praha 2), 120 00 Praha \u00a0 Adresa pro vr\u00e1cen\u00ed zbo\u017e\u00ed: Doln\u00ed Vinice 393, Kly, 277 41 P\u0159ed odesl\u00e1n\u00edm zbo\u017e\u00ed n\u00e1s pros\u00edm v\u017edy nejprve kontaktujte e-mailem. Kontaktn\u00ed formul\u00e1\u0159 Nebo n\u00e1m m\u016f\u017eete napsat p\u0159\u00edmo zde:<\/p>\n","protected":false},"author":1,"featured_media":0,"parent":0,"menu_order":0,"comment_status":"closed","ping_status":"closed","template":"elementor_header_footer","meta":{"footnotes":""},"class_list":["post-816","page","type-page","status-publish","hentry"],"aioseo_notices":[],"_links":{"self":[{"href":"https:\/\/www.lecha.cz\/index.php\/wp-json\/wp\/v2\/pages\/816","targetHints":{"allow":["GET"]}}],"collection":[{"href":"https:\/\/www.lecha.cz\/index.php\/wp-json\/wp\/v2\/pages"}],"about":[{"href":"https:\/\/www.lecha.cz\/index.php\/wp-json\/wp\/v2\/types\/page"}],"author":[{"embeddable":true,"href":"https:\/\/www.lecha.cz\/index.php\/wp-json\/wp\/v2\/users\/1"}],"replies":[{"embeddable":true,"href":"https:\/\/www.lecha.cz\/index.php\/wp-json\/wp\/v2\/comments?post=816"}],"version-history":[{"count":109,"href":"https:\/\/www.lecha.cz\/index.php\/wp-json\/wp\/v2\/pages\/816\/revisions"}],"predecessor-version":[{"id":6182,"href":"https:\/\/www.lecha.cz\/index.php\/wp-json\/wp\/v2\/pages\/816\/revisions\/6182"}],"wp:attachment":[{"href":"https:\/\/www.lecha.cz\/index.php\/wp-json\/wp\/v2\/media?parent=816"}],"curies":[{"name":"wp","href":"https:\/\/api.w.org\/{rel}","templated":true}]}}