{"id":5897,"date":"2026-01-02T13:35:52","date_gmt":"2026-01-02T12:35:52","guid":{"rendered":"https:\/\/www.lecha.cz\/?page_id=5897"},"modified":"2026-04-14T13:24:22","modified_gmt":"2026-04-14T11:24:22","slug":"site-kose-a-misky","status":"publish","type":"page","link":"https:\/\/www.lecha.cz\/index.php\/site-kose-a-misky\/","title":{"rendered":"\u0160it\u00e9 ko\u0161e a misky"},"content":{"rendered":"\t\t<div data-elementor-type=\"wp-page\" data-elementor-id=\"5897\" class=\"elementor elementor-5897\">\n\t\t\t\t<div class=\"elementor-element elementor-element-bd75fce e-flex e-con-boxed wpr-particle-no wpr-jarallax-no wpr-parallax-no wpr-sticky-section-no wpr-equal-height-no e-con e-parent\" data-id=\"bd75fce\" data-element_type=\"container\" data-e-type=\"container\">\n\t\t\t\t\t<div class=\"e-con-inner\">\n\t\t\t\t<div class=\"elementor-element elementor-element-478dd5f elementor-widget elementor-widget-heading\" data-id=\"478dd5f\" data-element_type=\"widget\" data-e-type=\"widget\" data-widget_type=\"heading.default\">\n\t\t\t\t<div class=\"elementor-widget-container\">\n\t\t\t\t\t<h2 class=\"elementor-heading-title elementor-size-default\">\u0160it\u00e9 ko\u0161e a misky<\/h2>\t\t\t\t<\/div>\n\t\t\t\t<\/div>\n\t\t\t\t<div class=\"elementor-element elementor-element-96afcad elementor-widget elementor-widget-text-editor\" data-id=\"96afcad\" data-element_type=\"widget\" data-e-type=\"widget\" data-widget_type=\"text-editor.default\">\n\t\t\t\t<div class=\"elementor-widget-container\">\n\t\t\t\t\t\t\t\t\t<p data-start=\"195\" data-end=\"470\">Tuto kategorii produkt\u016f pro V\u00e1s moment\u00e1ln\u011b p\u0159ipravujeme.<\/p>\t\t\t\t\t\t\t\t<\/div>\n\t\t\t\t<\/div>\n\t\t\t\t\t<\/div>\n\t\t\t\t<\/div>\n\t\t<div class=\"elementor-element elementor-element-af75c04 e-flex e-con-boxed wpr-particle-no wpr-jarallax-no wpr-parallax-no wpr-sticky-section-no wpr-equal-height-no e-con e-parent\" data-id=\"af75c04\" data-element_type=\"container\" data-e-type=\"container\">\n\t\t\t\t\t<div class=\"e-con-inner\">\n\t\t<div class=\"elementor-element elementor-element-f39cbf9 e-con-full e-flex wpr-particle-no wpr-jarallax-no wpr-parallax-no wpr-sticky-section-no wpr-equal-height-no e-con e-child\" data-id=\"f39cbf9\" data-element_type=\"container\" data-e-type=\"container\">\n\t\t\t\t<div class=\"elementor-element elementor-element-cfd096f ekit-equal-height-enable elementor-widget elementor-widget-elementskit-image-box\" data-id=\"cfd096f\" data-element_type=\"widget\" data-e-type=\"widget\" data-widget_type=\"elementskit-image-box.default\">\n\t\t\t\t<div class=\"elementor-widget-container\">\n\t\t\t\t\t<div class=\"ekit-wid-con\" >\n            <div class=\"elementskit-info-image-box ekit-image-box text-center simple-card\" >\n\n                <a >\n                <div class=\"elementskit-box-header image-box-img-center\">\n\n                    <img decoding=\"async\" width=\"150\" height=\"150\" src=\"https:\/\/www.lecha.cz\/wp-content\/uploads\/2026\/01\/Snimek-obrazovky-2026-01-02-110720-150x150.png\" class=\"attachment-thumbnail size-thumbnail wp-image-5847\" alt=\"Symbol \u0161it\u00e9 v\u00fdrobky - ko\u0161\" srcset=\"https:\/\/www.lecha.cz\/wp-content\/uploads\/2026\/01\/Snimek-obrazovky-2026-01-02-110720-150x150.png 150w, https:\/\/www.lecha.cz\/wp-content\/uploads\/2026\/01\/Snimek-obrazovky-2026-01-02-110720-300x300.png 300w, https:\/\/www.lecha.cz\/wp-content\/uploads\/2026\/01\/Snimek-obrazovky-2026-01-02-110720-100x100.png 100w\" sizes=\"(max-width: 150px) 100vw, 150px\" \/>\n                <\/div>\n                <\/a>\n                <div class=\"elementskit-box-body ekit-image-box-body\">\n                    <div class=\"elementskit-box-content ekit-image-box-body-inner\">\n                                                            <\/div>\n\n                                <div class=\"elementskit-box-footer\">\n                    <div class=\"box-footer\">\n                        <div class=\"btn-wraper\">\n                                                            <a href=\"https:\/\/www.lecha.cz\/index.php\/kategorie-produktu\/site-kose\/\" class=\"elementskit-btn whitespace--normal\">\n                                    \n                                    \n                                    \u0160it\u00e9 ko\u0161e                                <\/a>\n                                                        <\/div>\n                    <\/div>\n                <\/div>\n                            <\/div>\n            <\/div>\n    <\/div>\t\t\t\t<\/div>\n\t\t\t\t<\/div>\n\t\t\t\t<\/div>\n\t\t<div class=\"elementor-element elementor-element-ef269fb e-con-full e-flex wpr-particle-no wpr-jarallax-no wpr-parallax-no wpr-sticky-section-no wpr-equal-height-no e-con e-child\" data-id=\"ef269fb\" data-element_type=\"container\" data-e-type=\"container\">\n\t\t\t\t<div class=\"elementor-element elementor-element-7cfeb31 ekit-equal-height-enable elementor-widget elementor-widget-elementskit-image-box\" data-id=\"7cfeb31\" data-element_type=\"widget\" data-e-type=\"widget\" data-widget_type=\"elementskit-image-box.default\">\n\t\t\t\t<div class=\"elementor-widget-container\">\n\t\t\t\t\t<div class=\"ekit-wid-con\" >\n            <div class=\"elementskit-info-image-box ekit-image-box text-center simple-card\" >\n\n                <a >\n                <div class=\"elementskit-box-header image-box-img-center\">\n\n                    <img decoding=\"async\" width=\"150\" height=\"150\" src=\"https:\/\/www.lecha.cz\/wp-content\/uploads\/2026\/01\/Snimek-obrazovky-2026-01-02-110743-150x150.png\" class=\"attachment-thumbnail size-thumbnail wp-image-5849\" alt=\"Symbol \u0161it\u00e9 v\u00fdrobky - miska\" srcset=\"https:\/\/www.lecha.cz\/wp-content\/uploads\/2026\/01\/Snimek-obrazovky-2026-01-02-110743-150x150.png 150w, https:\/\/www.lecha.cz\/wp-content\/uploads\/2026\/01\/Snimek-obrazovky-2026-01-02-110743-300x300.png 300w, https:\/\/www.lecha.cz\/wp-content\/uploads\/2026\/01\/Snimek-obrazovky-2026-01-02-110743-100x100.png 100w\" sizes=\"(max-width: 150px) 100vw, 150px\" \/>\n                <\/div>\n                <\/a>\n                <div class=\"elementskit-box-body ekit-image-box-body\">\n                    <div class=\"elementskit-box-content ekit-image-box-body-inner\">\n                                                            <\/div>\n\n                                <div class=\"elementskit-box-footer\">\n                    <div class=\"box-footer\">\n                        <div class=\"btn-wraper\">\n                                                            <a href=\"https:\/\/www.lecha.cz\/index.php\/kategorie-produktu\/site-misky\/\" class=\"elementskit-btn whitespace--normal\">\n                                    \n                                    \n                                    \u0160it\u00e9 misky                                <\/a>\n                                                        <\/div>\n                    <\/div>\n                <\/div>\n                            <\/div>\n            <\/div>\n    <\/div>\t\t\t\t<\/div>\n\t\t\t\t<\/div>\n\t\t\t\t<\/div>\n\t\t\t\t\t<\/div>\n\t\t\t\t<\/div>\n\t\t<div class=\"elementor-element elementor-element-ff35413 e-flex e-con-boxed wpr-particle-no wpr-jarallax-no wpr-parallax-no wpr-sticky-section-no wpr-equal-height-no e-con e-parent\" data-id=\"ff35413\" data-element_type=\"container\" data-e-type=\"container\">\n\t\t\t\t\t<div class=\"e-con-inner\">\n\t\t<div class=\"elementor-element elementor-element-ea0f0e4 e-con-full e-flex wpr-particle-no wpr-jarallax-no wpr-parallax-no wpr-sticky-section-no wpr-equal-height-no e-con e-child\" data-id=\"ea0f0e4\" data-element_type=\"container\" data-e-type=\"container\">\n\t\t\t\t<div class=\"elementor-element elementor-element-fa34fdd elementor-widget-divider--view-line elementor-widget elementor-widget-divider\" data-id=\"fa34fdd\" data-element_type=\"widget\" data-e-type=\"widget\" data-widget_type=\"divider.default\">\n\t\t\t\t<div class=\"elementor-widget-container\">\n\t\t\t\t\t\t\t<div class=\"elementor-divider\">\n\t\t\t<span class=\"elementor-divider-separator\">\n\t\t\t\t\t\t<\/span>\n\t\t<\/div>\n\t\t\t\t\t\t<\/div>\n\t\t\t\t<\/div>\n\t\t\t\t<\/div>\n\t\t\t\t\t<\/div>\n\t\t\t\t<\/div>\n\t\t<div class=\"elementor-element elementor-element-3298d32 e-flex e-con-boxed wpr-particle-no wpr-jarallax-no wpr-parallax-no wpr-sticky-section-no wpr-equal-height-no e-con e-parent\" data-id=\"3298d32\" data-element_type=\"container\" data-e-type=\"container\">\n\t\t\t\t\t<div class=\"e-con-inner\">\n\t\t<div class=\"elementor-element elementor-element-35ab3fa e-con-full e-flex wpr-particle-no wpr-jarallax-no wpr-parallax-no wpr-sticky-section-no wpr-equal-height-no e-con e-child\" data-id=\"35ab3fa\" data-element_type=\"container\" data-e-type=\"container\">\n\t\t\t\t<div class=\"elementor-element elementor-element-a5804f4 elementor-widget elementor-widget-heading\" data-id=\"a5804f4\" data-element_type=\"widget\" data-e-type=\"widget\" data-widget_type=\"heading.default\">\n\t\t\t\t<div class=\"elementor-widget-container\">\n\t\t\t\t\t<h2 class=\"elementor-heading-title elementor-size-default\">Produkty v kategorii: \u0160it\u00e9 ko\u0161e a misky<\/h2>\t\t\t\t<\/div>\n\t\t\t\t<\/div>\n\t\t\t\t<\/div>\n\t\t\t\t\t<\/div>\n\t\t\t\t<\/div>\n\t\t<div class=\"elementor-element elementor-element-8f8d687 e-flex e-con-boxed wpr-particle-no wpr-jarallax-no wpr-parallax-no wpr-sticky-section-no wpr-equal-height-no e-con e-parent\" data-id=\"8f8d687\" data-element_type=\"container\" data-e-type=\"container\">\n\t\t\t\t\t<div class=\"e-con-inner\">\n\t\t\t\t<div class=\"elementor-element elementor-element-e7c6909 wpr-grid-columns-4 wpr-grid-columns--tablet3 wpr-grid-columns--mobile2 wpr-grid-pagination-center wpr-item-styles-inner wpr-atc-popup-bottom elementor-widget elementor-widget-wpr-woo-grid\" data-id=\"e7c6909\" data-element_type=\"widget\" data-e-type=\"widget\" data-widget_type=\"wpr-woo-grid.default\">\n\t\t\t\t<div class=\"elementor-widget-container\">\n\t\t\t\t\t<h2>Produkty nebyly nalezeny<\/h2>\t\t\t\t<\/div>\n\t\t\t\t<\/div>\n\t\t\t\t\t<\/div>\n\t\t\t\t<\/div>\n\t\t\t\t<\/div>\n\t\t","protected":false},"excerpt":{"rendered":"<p>\u0160it\u00e9 ko\u0161e a misky Tuto kategorii produkt\u016f pro V\u00e1s moment\u00e1ln\u011b p\u0159ipravujeme. \u0160it\u00e9 ko\u0161e \u0160it\u00e9 misky Produkty v kategorii: \u0160it\u00e9 ko\u0161e a misky Produkty nebyly nalezeny<\/p>\n","protected":false},"author":1,"featured_media":0,"parent":0,"menu_order":0,"comment_status":"closed","ping_status":"closed","template":"elementor_header_footer","meta":{"footnotes":""},"class_list":["post-5897","page","type-page","status-publish","hentry"],"aioseo_notices":[],"_links":{"self":[{"href":"https:\/\/www.lecha.cz\/index.php\/wp-json\/wp\/v2\/pages\/5897","targetHints":{"allow":["GET"]}}],"collection":[{"href":"https:\/\/www.lecha.cz\/index.php\/wp-json\/wp\/v2\/pages"}],"about":[{"href":"https:\/\/www.lecha.cz\/index.php\/wp-json\/wp\/v2\/types\/page"}],"author":[{"embeddable":true,"href":"https:\/\/www.lecha.cz\/index.php\/wp-json\/wp\/v2\/users\/1"}],"replies":[{"embeddable":true,"href":"https:\/\/www.lecha.cz\/index.php\/wp-json\/wp\/v2\/comments?post=5897"}],"version-history":[{"count":25,"href":"https:\/\/www.lecha.cz\/index.php\/wp-json\/wp\/v2\/pages\/5897\/revisions"}],"predecessor-version":[{"id":7429,"href":"https:\/\/www.lecha.cz\/index.php\/wp-json\/wp\/v2\/pages\/5897\/revisions\/7429"}],"wp:attachment":[{"href":"https:\/\/www.lecha.cz\/index.php\/wp-json\/wp\/v2\/media?parent=5897"}],"curies":[{"name":"wp","href":"https:\/\/api.w.org\/{rel}","templated":true}]}}