{"id":3173,"date":"2025-06-12T14:16:42","date_gmt":"2025-06-12T12:16:42","guid":{"rendered":"https:\/\/www.lecha.cz\/?page_id=3173"},"modified":"2026-02-23T07:22:47","modified_gmt":"2026-02-23T06:22:47","slug":"spoluprace","status":"publish","type":"page","link":"https:\/\/www.lecha.cz\/index.php\/spoluprace\/","title":{"rendered":"Spolupr\u00e1ce"},"content":{"rendered":"\t\t<div data-elementor-type=\"wp-page\" data-elementor-id=\"3173\" class=\"elementor elementor-3173\">\n\t\t\t\t<div class=\"elementor-element elementor-element-155ad56 e-flex e-con-boxed wpr-particle-no wpr-jarallax-no wpr-parallax-no wpr-sticky-section-no wpr-equal-height-no e-con e-parent\" data-id=\"155ad56\" data-element_type=\"container\" data-e-type=\"container\">\n\t\t\t\t\t<div class=\"e-con-inner\">\n\t\t\t\t<div class=\"elementor-element elementor-element-9f86eb0 elementor-widget elementor-widget-heading\" data-id=\"9f86eb0\" data-element_type=\"widget\" data-e-type=\"widget\" data-widget_type=\"heading.default\">\n\t\t\t\t<div class=\"elementor-widget-container\">\n\t\t\t\t\t<h2 class=\"elementor-heading-title elementor-size-default\">Spolupr\u00e1ce<\/h2>\t\t\t\t<\/div>\n\t\t\t\t<\/div>\n\t\t\t\t<div class=\"elementor-element elementor-element-2684f55 elementor-widget elementor-widget-text-editor\" data-id=\"2684f55\" data-element_type=\"widget\" data-e-type=\"widget\" data-widget_type=\"text-editor.default\">\n\t\t\t\t<div class=\"elementor-widget-container\">\n\t\t\t\t\t\t\t\t\t<p>U n\u00e1s v\u011b\u0159\u00edme, \u017ee v\u0161e co vznikne jako v\u00fdsledek spojen\u00ed srdce s rukama m\u00e1 hlub\u0161\u00ed hodnotu. Proto navazujeme spolupr\u00e1ce s lidmi, kte\u0159\u00ed sd\u00edl\u00ed cit pro detail, smysl pro kr\u00e1su a \u00factu k \u0159emeslu.<\/p>\t\t\t\t\t\t\t\t<\/div>\n\t\t\t\t<\/div>\n\t\t\t\t\t<\/div>\n\t\t\t\t<\/div>\n\t\t<div class=\"elementor-element elementor-element-f3e9ec2 e-flex e-con-boxed wpr-particle-no wpr-jarallax-no wpr-parallax-no wpr-sticky-section-no wpr-equal-height-no e-con e-parent\" data-id=\"f3e9ec2\" data-element_type=\"container\" data-e-type=\"container\">\n\t\t\t\t\t<div class=\"e-con-inner\">\n\t\t\t\t<div class=\"elementor-element elementor-element-7c86a0d elementor-widget elementor-widget-heading\" data-id=\"7c86a0d\" data-element_type=\"widget\" data-e-type=\"widget\" data-widget_type=\"heading.default\">\n\t\t\t\t<div class=\"elementor-widget-container\">\n\t\t\t\t\t<h2 class=\"elementor-heading-title elementor-size-default\">Spolupr\u00e1ce s fotografem<\/h2>\t\t\t\t<\/div>\n\t\t\t\t<\/div>\n\t\t\t\t<div class=\"elementor-element elementor-element-3482637 elementor-widget elementor-widget-text-editor\" data-id=\"3482637\" data-element_type=\"widget\" data-e-type=\"widget\" data-widget_type=\"text-editor.default\">\n\t\t\t\t<div class=\"elementor-widget-container\">\n\t\t\t\t\t\t\t\t\t<p data-start=\"178\" data-end=\"362\">Ka\u017ed\u00fd produkt LeCha m\u00e1 sv\u016fj p\u0159\u00edb\u011bh. A pr\u00e1v\u011b fotografie mu d\u00e1v\u00e1 mo\u017enost promluvit.<br data-start=\"259\" data-end=\"262\" \/>Spolupracujeme s talentovan\u00fdm fotografem, kter\u00fd na\u0161im v\u00fdrobk\u016fm prop\u016fj\u010duje atmosf\u00e9ru, sv\u011btlo a du\u0161i.<\/p><p data-start=\"364\" data-end=\"375\">Pom\u00e1h\u00e1 n\u00e1m:<\/p><ul data-start=\"376\" data-end=\"571\"><li data-start=\"376\" data-end=\"437\"><p data-start=\"378\" data-end=\"437\"><strong data-start=\"378\" data-end=\"398\">vym\u00fd\u0161let aran\u017em\u00e1<\/strong>, kter\u00e1 lad\u00ed s na\u0161\u00edm rukod\u011bln\u00fdm stylem,<\/p><\/li><li data-start=\"438\" data-end=\"501\"><p data-start=\"440\" data-end=\"501\"><strong data-start=\"440\" data-end=\"478\">fotit produkty<\/strong>, v\u010detn\u011b zachycen\u00ed\u00a0 n\u00e1lady sc\u00e9n, kter\u00e9 vypr\u00e1v\u00ed p\u0159\u00edb\u011bh,<\/p><\/li><li data-start=\"502\" data-end=\"571\"><p data-start=\"504\" data-end=\"571\"><strong data-start=\"504\" data-end=\"521\">tvo\u0159it vizu\u00e1l<\/strong>, kter\u00fd citliv\u011b propojuje tvorbu, v\u00fdrobek a detail.<\/p><\/li><\/ul><p data-start=\"573\" data-end=\"749\">D\u00edky jeho pr\u00e1ci o\u017e\u00edvaj\u00ed i ty nejmen\u0161\u00ed detaily \u2013 struktura materi\u00e1lu, odlesk sv\u011btla na povrchu, ka\u017ed\u00fd tah tu\u017eky na pap\u00ed\u0159e.<br data-start=\"673\" data-end=\"676\" \/>Je to v\u00edc ne\u017e focen\u00ed. Je to spole\u010dn\u00e9 lad\u011bn\u00ed detail\u016f v ka\u017ed\u00e9m z\u00e1b\u011bru.<\/p>\t\t\t\t\t\t\t\t<\/div>\n\t\t\t\t<\/div>\n\t\t\t\t\t<\/div>\n\t\t\t\t<\/div>\n\t\t<div class=\"elementor-element elementor-element-a8796f7 e-flex e-con-boxed wpr-particle-no wpr-jarallax-no wpr-parallax-no wpr-sticky-section-no wpr-equal-height-no e-con e-parent\" data-id=\"a8796f7\" data-element_type=\"container\" data-e-type=\"container\">\n\t\t\t\t\t<div class=\"e-con-inner\">\n\t\t\t\t<div class=\"elementor-element elementor-element-c5791bf elementor-widget elementor-widget-image\" data-id=\"c5791bf\" data-element_type=\"widget\" data-e-type=\"widget\" data-widget_type=\"image.default\">\n\t\t\t\t<div class=\"elementor-widget-container\">\n\t\t\t\t\t\t\t\t\t\t\t\t\t\t\t\t<a href=\"https:\/\/www.pavelchabr.cz\">\n\t\t\t\t\t\t\t<img decoding=\"async\" width=\"300\" height=\"152\" src=\"https:\/\/www.lecha.cz\/wp-content\/uploads\/2025\/07\/508156282_122093398088922674_1998408271802308936_n-300x152.png\" class=\"elementor-animation-grow attachment-medium size-medium wp-image-4252\" alt=\"Logo Pavel Chabr Photography\" srcset=\"https:\/\/www.lecha.cz\/wp-content\/uploads\/2025\/07\/508156282_122093398088922674_1998408271802308936_n-300x152.png 300w, https:\/\/www.lecha.cz\/wp-content\/uploads\/2025\/07\/508156282_122093398088922674_1998408271802308936_n-1024x518.png 1024w, https:\/\/www.lecha.cz\/wp-content\/uploads\/2025\/07\/508156282_122093398088922674_1998408271802308936_n-768x388.png 768w, https:\/\/www.lecha.cz\/wp-content\/uploads\/2025\/07\/508156282_122093398088922674_1998408271802308936_n-600x303.png 600w, https:\/\/www.lecha.cz\/wp-content\/uploads\/2025\/07\/508156282_122093398088922674_1998408271802308936_n-64x32.png 64w, https:\/\/www.lecha.cz\/wp-content\/uploads\/2025\/07\/508156282_122093398088922674_1998408271802308936_n.png 1278w\" sizes=\"(max-width: 300px) 100vw, 300px\" \/>\t\t\t\t\t\t\t\t<\/a>\n\t\t\t\t\t\t\t\t\t\t\t\t\t\t\t<\/div>\n\t\t\t\t<\/div>\n\t\t\t\t\t<\/div>\n\t\t\t\t<\/div>\n\t\t<div class=\"elementor-element elementor-element-394c42a e-flex e-con-boxed wpr-particle-no wpr-jarallax-no wpr-parallax-no wpr-sticky-section-no wpr-equal-height-no e-con e-parent\" data-id=\"394c42a\" data-element_type=\"container\" data-e-type=\"container\">\n\t\t\t\t\t<div class=\"e-con-inner\">\n\t\t\t\t<div class=\"elementor-element elementor-element-bc21353 elementor-widget elementor-widget-spacer\" data-id=\"bc21353\" data-element_type=\"widget\" data-e-type=\"widget\" data-widget_type=\"spacer.default\">\n\t\t\t\t<div class=\"elementor-widget-container\">\n\t\t\t\t\t\t\t<div class=\"elementor-spacer\">\n\t\t\t<div class=\"elementor-spacer-inner\"><\/div>\n\t\t<\/div>\n\t\t\t\t\t\t<\/div>\n\t\t\t\t<\/div>\n\t\t\t\t\t<\/div>\n\t\t\t\t<\/div>\n\t\t<div class=\"elementor-element elementor-element-e0d1186 e-flex e-con-boxed wpr-particle-no wpr-jarallax-no wpr-parallax-no wpr-sticky-section-no wpr-equal-height-no e-con e-parent\" data-id=\"e0d1186\" data-element_type=\"container\" data-e-type=\"container\">\n\t\t\t\t\t<div class=\"e-con-inner\">\n\t\t\t\t<div class=\"elementor-element elementor-element-4cc17a8 elementor-widget elementor-widget-heading\" data-id=\"4cc17a8\" data-element_type=\"widget\" data-e-type=\"widget\" data-widget_type=\"heading.default\">\n\t\t\t\t<div class=\"elementor-widget-container\">\n\t\t\t\t\t<h2 class=\"elementor-heading-title elementor-size-default\">Spolupr\u00e1ce se zlatnic\u00ed a grafi\u010dkou v jedn\u00e9 osob\u011b<\/h2>\t\t\t\t<\/div>\n\t\t\t\t<\/div>\n\t\t\t\t<div class=\"elementor-element elementor-element-4ba2fdc elementor-widget elementor-widget-text-editor\" data-id=\"4ba2fdc\" data-element_type=\"widget\" data-e-type=\"widget\" data-widget_type=\"text-editor.default\">\n\t\t\t\t<div class=\"elementor-widget-container\">\n\t\t\t\t\t\t\t\t\t<p data-start=\"213\" data-end=\"362\">Na\u0161e zna\u010dka stoj\u00ed na detailech \u2013 a pr\u00e1v\u011b ty vznikaj\u00ed ve spolupr\u00e1ci s v\u00fdjime\u010dnou \u017eenou, kter\u00e1 propojuje <strong data-start=\"316\" data-end=\"338\">\u0161perka\u0159sk\u00e9 \u0159emeslo<\/strong> a <strong data-start=\"341\" data-end=\"361\">grafickou tvorbu<\/strong>.<\/p><p data-start=\"364\" data-end=\"373\">Spole\u010dn\u011b:<\/p><ul data-start=\"374\" data-end=\"683\"><li data-start=\"374\" data-end=\"493\"><p data-start=\"376\" data-end=\"493\">navrhujeme <strong data-start=\"387\" data-end=\"424\">jemn\u00e9 dopl\u0148ky k h\u00e1\u010dkovan\u00fdm \u0161\u00e1tk\u016fm<\/strong> \u2013 bro\u017ee a spony, kter\u00e9 podtrhnou jedine\u010dnost ka\u017ed\u00e9ho h\u00e1\u010dkovan\u00e9ho nebo pleten\u00e9ho kousku,<\/p><\/li><li data-start=\"494\" data-end=\"616\"><p data-start=\"496\" data-end=\"616\">tvo\u0159\u00edme <strong data-start=\"504\" data-end=\"525\">grafick\u00e9 podklady<\/strong> \u2013 logo, vizitky, vzorn\u00edky a dal\u0161\u00ed pap\u00edrov\u00e9 podklady, kter\u00e9 lad\u00ed s p\u0159\u00edrodn\u00edm duchem,<\/p><\/li><li data-start=\"617\" data-end=\"683\"><p data-start=\"619\" data-end=\"683\">lad\u00edme ka\u017ed\u00fd detail tak, aby v\u0161e p\u016fsobilo <strong data-start=\"661\" data-end=\"682\">jako celek<\/strong>.<\/p><\/li><\/ul><p data-start=\"685\" data-end=\"804\">Jej\u00ed pr\u00e1ce p\u0159in\u00e1\u0161\u00ed\u00a0 k\u0159ehkost, osobn\u00ed otisk a rukod\u011bln\u00fd cit, kter\u00fd by \u017e\u00e1dn\u00e1 tisk\u00e1rna, um\u011bl\u00e1 inteligence ani stroj nikdy nenahradily.<\/p>\t\t\t\t\t\t\t\t<\/div>\n\t\t\t\t<\/div>\n\t\t\t\t\t<\/div>\n\t\t\t\t<\/div>\n\t\t<div class=\"elementor-element elementor-element-8e51de5 e-flex e-con-boxed wpr-particle-no wpr-jarallax-no wpr-parallax-no wpr-sticky-section-no wpr-equal-height-no e-con e-parent\" data-id=\"8e51de5\" data-element_type=\"container\" data-e-type=\"container\">\n\t\t\t\t\t<div class=\"e-con-inner\">\n\t\t\t\t<div class=\"elementor-element elementor-element-8c7e748 elementor-widget elementor-widget-image\" data-id=\"8c7e748\" data-element_type=\"widget\" data-e-type=\"widget\" data-widget_type=\"image.default\">\n\t\t\t\t<div class=\"elementor-widget-container\">\n\t\t\t\t\t\t\t\t\t\t\t\t\t\t\t\t<a href=\"https:\/\/www.keila.cz\/\">\n\t\t\t\t\t\t\t<img fetchpriority=\"high\" decoding=\"async\" width=\"300\" height=\"196\" src=\"https:\/\/www.lecha.cz\/wp-content\/uploads\/2025\/07\/Snimek-obrazovky-2025-07-22-141445-300x196.png\" class=\"attachment-medium size-medium wp-image-4274\" alt=\"Logo Keila Jewelry\" srcset=\"https:\/\/www.lecha.cz\/wp-content\/uploads\/2025\/07\/Snimek-obrazovky-2025-07-22-141445-300x196.png 300w, https:\/\/www.lecha.cz\/wp-content\/uploads\/2025\/07\/Snimek-obrazovky-2025-07-22-141445-1024x669.png 1024w, https:\/\/www.lecha.cz\/wp-content\/uploads\/2025\/07\/Snimek-obrazovky-2025-07-22-141445-768x502.png 768w, https:\/\/www.lecha.cz\/wp-content\/uploads\/2025\/07\/Snimek-obrazovky-2025-07-22-141445-600x392.png 600w, https:\/\/www.lecha.cz\/wp-content\/uploads\/2025\/07\/Snimek-obrazovky-2025-07-22-141445-64x42.png 64w, https:\/\/www.lecha.cz\/wp-content\/uploads\/2025\/07\/Snimek-obrazovky-2025-07-22-141445.png 1128w\" sizes=\"(max-width: 300px) 100vw, 300px\" \/>\t\t\t\t\t\t\t\t<\/a>\n\t\t\t\t\t\t\t\t\t\t\t\t\t\t\t<\/div>\n\t\t\t\t<\/div>\n\t\t\t\t\t<\/div>\n\t\t\t\t<\/div>\n\t\t<div class=\"elementor-element elementor-element-63e33b9 e-flex e-con-boxed wpr-particle-no wpr-jarallax-no wpr-parallax-no wpr-sticky-section-no wpr-equal-height-no e-con e-parent\" data-id=\"63e33b9\" data-element_type=\"container\" data-e-type=\"container\">\n\t\t\t\t\t<div class=\"e-con-inner\">\n\t\t\t\t<div class=\"elementor-element elementor-element-2023c79 elementor-widget elementor-widget-heading\" data-id=\"2023c79\" data-element_type=\"widget\" data-e-type=\"widget\" data-widget_type=\"heading.default\">\n\t\t\t\t<div class=\"elementor-widget-container\">\n\t\t\t\t\t<h2 class=\"elementor-heading-title elementor-size-default\">Spolupr\u00e1ce se \u0161vadlenkou<\/h2>\t\t\t\t<\/div>\n\t\t\t\t<\/div>\n\t\t\t\t<div class=\"elementor-element elementor-element-bef305f elementor-widget elementor-widget-text-editor\" data-id=\"bef305f\" data-element_type=\"widget\" data-e-type=\"widget\" data-widget_type=\"text-editor.default\">\n\t\t\t\t<div class=\"elementor-widget-container\">\n\t\t\t\t\t\t\t\t\t<p data-start=\"177\" data-end=\"372\">Sou\u010d\u00e1st\u00ed LeCha je i <strong data-start=\"197\" data-end=\"216\">hobby \u0161vadlenka<\/strong>, kter\u00e1 tvo\u0159\u00ed srdcem a pod svou vlastn\u00ed zna\u010dkou.<br data-start=\"264\" data-end=\"267\" \/>Z r\u016fzn\u00fdch typ\u016f l\u00e1tek a materi\u00e1l\u016f p\u0159ipravuje <strong data-start=\"305\" data-end=\"329\">men\u0161\u00ed i v\u011bt\u0161\u00ed kousky<\/strong>, kter\u00e9 jsou nejen kr\u00e1sn\u00e9, ale i praktick\u00e9.<\/p><p data-start=\"374\" data-end=\"392\">Jej\u00ed rukou vznikaj\u00ed:<\/p><ul data-start=\"393\" data-end=\"581\"><li data-start=\"393\" data-end=\"445\"><p data-start=\"395\" data-end=\"445\"><strong data-start=\"395\" data-end=\"415\">l\u00e1tkov\u00e9 pytle, s\u00e1\u010dky a kosmetick\u00e9 ta\u0161ky<\/strong>, kter\u00e9 slou\u017e\u00ed nejen jako obaly, ale tak\u00e9 jako dopl\u0148ky k produkt\u016fm,<\/p><\/li><li data-start=\"446\" data-end=\"490\"><p data-start=\"448\" data-end=\"490\"><strong data-start=\"448\" data-end=\"469\">kabelky a batohy, <\/strong>kter\u00e9 ocen\u00ed ka\u017ed\u00fd, kdo sebou nos\u00ed nap\u0159. v\u011bci na tvo\u0159en\u00ed,<\/p><\/li><li><strong data-start=\"448\" data-end=\"469\">\u0161it\u00e9 ko\u0161e a misky, <\/strong>kter\u00e9 si obl\u00edb\u00ed ka\u017ed\u00fd, kdo r\u00e1d ukl\u00e1d\u00e1 v\u011bci bez chaosu<\/li><\/ul><p data-start=\"583\" data-end=\"770\">\u00a0<\/p><p data-start=\"583\" data-end=\"770\">Ka\u017ed\u00fd steh v sob\u011b nese smysl pro detail a ka\u017ed\u00e1 l\u00e1tka je vyb\u00edr\u00e1na s citem pro barvu a jednoduchou kr\u00e1su.<br data-start=\"689\" data-end=\"692\" \/>Na\u0161e spolupr\u00e1ce je jemn\u00e1 jako len a pevn\u00e1 jako nit, kter\u00e1 dr\u017e\u00ed to podstatn\u00e9.<\/p>\t\t\t\t\t\t\t\t<\/div>\n\t\t\t\t<\/div>\n\t\t\t\t\t<\/div>\n\t\t\t\t<\/div>\n\t\t<div class=\"elementor-element elementor-element-ee8b17f e-flex e-con-boxed wpr-particle-no wpr-jarallax-no wpr-parallax-no wpr-sticky-section-no wpr-equal-height-no e-con e-parent\" data-id=\"ee8b17f\" data-element_type=\"container\" data-e-type=\"container\">\n\t\t\t\t\t<div class=\"e-con-inner\">\n\t\t\t\t<div class=\"elementor-element elementor-element-18bf676 elementor-widget elementor-widget-image\" data-id=\"18bf676\" data-element_type=\"widget\" data-e-type=\"widget\" data-widget_type=\"image.default\">\n\t\t\t\t<div class=\"elementor-widget-container\">\n\t\t\t\t\t\t\t\t\t\t\t\t\t\t\t<img decoding=\"async\" width=\"300\" height=\"207\" src=\"https:\/\/www.lecha.cz\/wp-content\/uploads\/2025\/07\/Snimek-obrazovky-2025-07-11-132126-300x207.png\" class=\"attachment-medium size-medium wp-image-4253\" alt=\"Logo TeVa Dekor\" srcset=\"https:\/\/www.lecha.cz\/wp-content\/uploads\/2025\/07\/Snimek-obrazovky-2025-07-11-132126-300x207.png 300w, https:\/\/www.lecha.cz\/wp-content\/uploads\/2025\/07\/Snimek-obrazovky-2025-07-11-132126-1024x706.png 1024w, https:\/\/www.lecha.cz\/wp-content\/uploads\/2025\/07\/Snimek-obrazovky-2025-07-11-132126-768x529.png 768w, https:\/\/www.lecha.cz\/wp-content\/uploads\/2025\/07\/Snimek-obrazovky-2025-07-11-132126-600x413.png 600w, https:\/\/www.lecha.cz\/wp-content\/uploads\/2025\/07\/Snimek-obrazovky-2025-07-11-132126-64x44.png 64w, https:\/\/www.lecha.cz\/wp-content\/uploads\/2025\/07\/Snimek-obrazovky-2025-07-11-132126.png 1254w\" sizes=\"(max-width: 300px) 100vw, 300px\" \/>\t\t\t\t\t\t\t\t\t\t\t\t\t\t\t<\/div>\n\t\t\t\t<\/div>\n\t\t\t\t\t<\/div>\n\t\t\t\t<\/div>\n\t\t<div class=\"elementor-element elementor-element-e613531 e-flex e-con-boxed wpr-particle-no wpr-jarallax-no wpr-parallax-no wpr-sticky-section-no wpr-equal-height-no e-con e-parent\" data-id=\"e613531\" data-element_type=\"container\" data-e-type=\"container\">\n\t\t\t\t\t<div class=\"e-con-inner\">\n\t\t\t\t<div class=\"elementor-element elementor-element-32c0a29 elementor-widget elementor-widget-spacer\" data-id=\"32c0a29\" data-element_type=\"widget\" data-e-type=\"widget\" data-widget_type=\"spacer.default\">\n\t\t\t\t<div class=\"elementor-widget-container\">\n\t\t\t\t\t\t\t<div class=\"elementor-spacer\">\n\t\t\t<div class=\"elementor-spacer-inner\"><\/div>\n\t\t<\/div>\n\t\t\t\t\t\t<\/div>\n\t\t\t\t<\/div>\n\t\t\t\t\t<\/div>\n\t\t\t\t<\/div>\n\t\t<div class=\"elementor-element elementor-element-5bdebe7 e-flex e-con-boxed wpr-particle-no wpr-jarallax-no wpr-parallax-no wpr-sticky-section-no wpr-equal-height-no e-con e-parent\" data-id=\"5bdebe7\" data-element_type=\"container\" data-e-type=\"container\">\n\t\t\t\t\t<div class=\"e-con-inner\">\n\t\t\t\t<div class=\"elementor-element elementor-element-d856042 elementor-widget elementor-widget-heading\" data-id=\"d856042\" data-element_type=\"widget\" data-e-type=\"widget\" data-widget_type=\"heading.default\">\n\t\t\t\t<div class=\"elementor-widget-container\">\n\t\t\t\t\t<h2 class=\"elementor-heading-title elementor-size-default\">Spolupr\u00e1ce s testerkou<\/h2>\t\t\t\t<\/div>\n\t\t\t\t<\/div>\n\t\t\t\t<div class=\"elementor-element elementor-element-c424168 elementor-widget elementor-widget-text-editor\" data-id=\"c424168\" data-element_type=\"widget\" data-e-type=\"widget\" data-widget_type=\"text-editor.default\">\n\t\t\t\t<div class=\"elementor-widget-container\">\n\t\t\t\t\t\t\t\t\t<p data-start=\"155\" data-end=\"278\">Ka\u017ed\u00fd nov\u00fd n\u00e1vod, kter\u00fd tvo\u0159\u00edme, nejprve <strong data-start=\"196\" data-end=\"232\">putuje do rukou \u0161ikovn\u00e9 testerky<\/strong>, kter\u00e1 ho zkus\u00ed, projde a up\u0159\u00edmn\u011b zhodnot\u00ed.<\/p><p data-start=\"280\" data-end=\"330\">Je to nesm\u00edrn\u011b cenn\u00e1 sou\u010d\u00e1st procesu \u2013 pom\u00e1h\u00e1 n\u00e1m:<\/p><ul data-start=\"331\" data-end=\"540\"><li data-start=\"331\" data-end=\"392\"><p data-start=\"333\" data-end=\"392\"><strong data-start=\"333\" data-end=\"364\">vychytat nejasnosti a chyby<\/strong> d\u0159\u00edv, ne\u017e se n\u00e1vod dostane k V\u00e1m,<\/p><\/li><li data-start=\"393\" data-end=\"448\"><p data-start=\"395\" data-end=\"448\"><strong data-start=\"395\" data-end=\"447\">ov\u011b\u0159it, \u017ee se podle n\u011bj tvo\u0159\u00ed hladce a s radost\u00ed <\/strong>tak, aby to zvl\u00e1dl ka\u017ed\u00fd<\/p><\/li><li data-start=\"449\" data-end=\"540\"><p data-start=\"451\" data-end=\"540\"><strong data-start=\"451\" data-end=\"501\">dostat zp\u011btnou vazbu od n\u011bkoho \u201ezven\u010d\u00ed\u201c<\/strong>, kdo m\u00e1 \u0161ikovn\u00e9 ruce a cit pro detail.<\/p><\/li><\/ul><p data-start=\"542\" data-end=\"774\">Spolupracujeme s milou a tvo\u0159ivou pan\u00ed, kter\u00e1 rozum\u00ed nejen h\u00e1\u010dku, ale i tomu, jak m\u00e1 vypadat p\u0159ehledn\u00fd a srozumiteln\u00fd n\u00e1vod.<br data-start=\"670\" data-end=\"673\" \/>D\u00edky n\u00ed k V\u00e1m putuj\u00ed ov\u011b\u0159en\u00e9 a vylad\u011bn\u00e9 n\u00e1vody, kter\u00e9 V\u00e1s podr\u017e\u00ed od prvn\u00edho sloupku a\u017e po posledn\u00ed uzl\u00edk.<\/p>\t\t\t\t\t\t\t\t<\/div>\n\t\t\t\t<\/div>\n\t\t\t\t\t<\/div>\n\t\t\t\t<\/div>\n\t\t<div class=\"elementor-element elementor-element-aedbd11 e-flex e-con-boxed wpr-particle-no wpr-jarallax-no wpr-parallax-no wpr-sticky-section-no wpr-equal-height-no e-con e-parent\" data-id=\"aedbd11\" data-element_type=\"container\" data-e-type=\"container\">\n\t\t\t\t\t<div class=\"e-con-inner\">\n\t\t\t\t<div class=\"elementor-element elementor-element-db734c6 elementor-widget elementor-widget-spacer\" data-id=\"db734c6\" data-element_type=\"widget\" data-e-type=\"widget\" data-widget_type=\"spacer.default\">\n\t\t\t\t<div class=\"elementor-widget-container\">\n\t\t\t\t\t\t\t<div class=\"elementor-spacer\">\n\t\t\t<div class=\"elementor-spacer-inner\"><\/div>\n\t\t<\/div>\n\t\t\t\t\t\t<\/div>\n\t\t\t\t<\/div>\n\t\t\t\t\t<\/div>\n\t\t\t\t<\/div>\n\t\t\t\t<\/div>\n\t\t","protected":false},"excerpt":{"rendered":"<p>Spolupr\u00e1ce U n\u00e1s v\u011b\u0159\u00edme, \u017ee v\u0161e co vznikne jako v\u00fdsledek spojen\u00ed srdce s rukama m\u00e1 hlub\u0161\u00ed hodnotu. Proto navazujeme spolupr\u00e1ce s lidmi, kte\u0159\u00ed sd\u00edl\u00ed cit pro detail, smysl pro kr\u00e1su a \u00factu k \u0159emeslu. Spolupr\u00e1ce s fotografem Ka\u017ed\u00fd produkt LeCha m\u00e1 sv\u016fj p\u0159\u00edb\u011bh. A pr\u00e1v\u011b fotografie mu d\u00e1v\u00e1 mo\u017enost promluvit.Spolupracujeme s talentovan\u00fdm fotografem, kter\u00fd na\u0161im v\u00fdrobk\u016fm prop\u016fj\u010duje atmosf\u00e9ru, sv\u011btlo a du\u0161i. Pom\u00e1h\u00e1 n\u00e1m: vym\u00fd\u0161let aran\u017em\u00e1, kter\u00e1 lad\u00ed s na\u0161\u00edm rukod\u011bln\u00fdm stylem, fotit produkty, v\u010detn\u011b zachycen\u00ed\u00a0 n\u00e1lady sc\u00e9n, kter\u00e9 vypr\u00e1v\u00ed p\u0159\u00edb\u011bh, tvo\u0159it vizu\u00e1l, kter\u00fd citliv\u011b propojuje tvorbu, v\u00fdrobek a detail. D\u00edky jeho pr\u00e1ci o\u017e\u00edvaj\u00ed i ty nejmen\u0161\u00ed detaily \u2013 struktura materi\u00e1lu, odlesk sv\u011btla na povrchu, ka\u017ed\u00fd tah tu\u017eky na pap\u00ed\u0159e.Je to v\u00edc ne\u017e focen\u00ed. Je to spole\u010dn\u00e9 lad\u011bn\u00ed detail\u016f v ka\u017ed\u00e9m z\u00e1b\u011bru. Spolupr\u00e1ce se zlatnic\u00ed a grafi\u010dkou v jedn\u00e9 osob\u011b Na\u0161e zna\u010dka stoj\u00ed na detailech \u2013 a pr\u00e1v\u011b ty vznikaj\u00ed ve spolupr\u00e1ci s v\u00fdjime\u010dnou \u017eenou, kter\u00e1 propojuje \u0161perka\u0159sk\u00e9 \u0159emeslo a grafickou tvorbu. Spole\u010dn\u011b: navrhujeme jemn\u00e9 dopl\u0148ky k h\u00e1\u010dkovan\u00fdm \u0161\u00e1tk\u016fm \u2013 bro\u017ee a spony, kter\u00e9 podtrhnou jedine\u010dnost ka\u017ed\u00e9ho h\u00e1\u010dkovan\u00e9ho nebo pleten\u00e9ho kousku, tvo\u0159\u00edme grafick\u00e9 podklady \u2013 logo, vizitky, vzorn\u00edky a dal\u0161\u00ed pap\u00edrov\u00e9 podklady, kter\u00e9 lad\u00ed s p\u0159\u00edrodn\u00edm duchem, lad\u00edme ka\u017ed\u00fd detail tak, aby v\u0161e p\u016fsobilo jako celek. Jej\u00ed pr\u00e1ce p\u0159in\u00e1\u0161\u00ed\u00a0 k\u0159ehkost, osobn\u00ed otisk a rukod\u011bln\u00fd cit, kter\u00fd by \u017e\u00e1dn\u00e1 tisk\u00e1rna, um\u011bl\u00e1 inteligence ani stroj nikdy nenahradily. Spolupr\u00e1ce se \u0161vadlenkou Sou\u010d\u00e1st\u00ed LeCha je i hobby \u0161vadlenka, kter\u00e1 tvo\u0159\u00ed srdcem a pod svou vlastn\u00ed zna\u010dkou.Z r\u016fzn\u00fdch typ\u016f l\u00e1tek a materi\u00e1l\u016f p\u0159ipravuje men\u0161\u00ed i v\u011bt\u0161\u00ed kousky, kter\u00e9 jsou nejen kr\u00e1sn\u00e9, ale i praktick\u00e9. Jej\u00ed rukou vznikaj\u00ed: l\u00e1tkov\u00e9 pytle, s\u00e1\u010dky a kosmetick\u00e9 ta\u0161ky, kter\u00e9 slou\u017e\u00ed nejen jako obaly, ale tak\u00e9 jako dopl\u0148ky k produkt\u016fm, kabelky a batohy, kter\u00e9 ocen\u00ed ka\u017ed\u00fd, kdo sebou nos\u00ed nap\u0159. v\u011bci na tvo\u0159en\u00ed, \u0161it\u00e9 ko\u0161e a misky, kter\u00e9 si obl\u00edb\u00ed ka\u017ed\u00fd, kdo r\u00e1d ukl\u00e1d\u00e1 v\u011bci bez chaosu \u00a0 Ka\u017ed\u00fd steh v sob\u011b nese smysl pro detail a ka\u017ed\u00e1 l\u00e1tka je vyb\u00edr\u00e1na s citem pro barvu a jednoduchou kr\u00e1su.Na\u0161e spolupr\u00e1ce je jemn\u00e1 jako len a pevn\u00e1 jako nit, kter\u00e1 dr\u017e\u00ed to podstatn\u00e9. Spolupr\u00e1ce s testerkou Ka\u017ed\u00fd nov\u00fd n\u00e1vod, kter\u00fd tvo\u0159\u00edme, nejprve putuje do rukou \u0161ikovn\u00e9 testerky, kter\u00e1 ho zkus\u00ed, projde a up\u0159\u00edmn\u011b zhodnot\u00ed. Je to nesm\u00edrn\u011b cenn\u00e1 sou\u010d\u00e1st procesu \u2013 pom\u00e1h\u00e1 n\u00e1m: vychytat nejasnosti a chyby d\u0159\u00edv, ne\u017e se n\u00e1vod dostane k V\u00e1m, ov\u011b\u0159it, \u017ee se podle n\u011bj tvo\u0159\u00ed hladce a s radost\u00ed tak, aby to zvl\u00e1dl ka\u017ed\u00fd dostat zp\u011btnou vazbu od n\u011bkoho \u201ezven\u010d\u00ed\u201c, kdo m\u00e1 \u0161ikovn\u00e9 ruce a cit pro detail. Spolupracujeme s milou a tvo\u0159ivou pan\u00ed, kter\u00e1 rozum\u00ed nejen h\u00e1\u010dku, ale i tomu, jak m\u00e1 vypadat p\u0159ehledn\u00fd a srozumiteln\u00fd n\u00e1vod.D\u00edky n\u00ed k V\u00e1m putuj\u00ed ov\u011b\u0159en\u00e9 a vylad\u011bn\u00e9 n\u00e1vody, kter\u00e9 V\u00e1s podr\u017e\u00ed od prvn\u00edho sloupku a\u017e po posledn\u00ed uzl\u00edk.<\/p>\n","protected":false},"author":1,"featured_media":0,"parent":0,"menu_order":0,"comment_status":"closed","ping_status":"closed","template":"elementor_header_footer","meta":{"footnotes":""},"class_list":["post-3173","page","type-page","status-publish","hentry"],"aioseo_notices":[],"_links":{"self":[{"href":"https:\/\/www.lecha.cz\/index.php\/wp-json\/wp\/v2\/pages\/3173","targetHints":{"allow":["GET"]}}],"collection":[{"href":"https:\/\/www.lecha.cz\/index.php\/wp-json\/wp\/v2\/pages"}],"about":[{"href":"https:\/\/www.lecha.cz\/index.php\/wp-json\/wp\/v2\/types\/page"}],"author":[{"embeddable":true,"href":"https:\/\/www.lecha.cz\/index.php\/wp-json\/wp\/v2\/users\/1"}],"replies":[{"embeddable":true,"href":"https:\/\/www.lecha.cz\/index.php\/wp-json\/wp\/v2\/comments?post=3173"}],"version-history":[{"count":49,"href":"https:\/\/www.lecha.cz\/index.php\/wp-json\/wp\/v2\/pages\/3173\/revisions"}],"predecessor-version":[{"id":6094,"href":"https:\/\/www.lecha.cz\/index.php\/wp-json\/wp\/v2\/pages\/3173\/revisions\/6094"}],"wp:attachment":[{"href":"https:\/\/www.lecha.cz\/index.php\/wp-json\/wp\/v2\/media?parent=3173"}],"curies":[{"name":"wp","href":"https:\/\/api.w.org\/{rel}","templated":true}]}}