{"id":3146,"date":"2025-06-12T13:58:13","date_gmt":"2025-06-12T11:58:13","guid":{"rendered":"https:\/\/www.lecha.cz\/?page_id=3146"},"modified":"2026-04-09T09:48:28","modified_gmt":"2026-04-09T07:48:28","slug":"doprava-a-platba","status":"publish","type":"page","link":"https:\/\/www.lecha.cz\/index.php\/doprava-a-platba\/","title":{"rendered":"Doprava a platba"},"content":{"rendered":"\t\t<div data-elementor-type=\"wp-page\" data-elementor-id=\"3146\" class=\"elementor elementor-3146\">\n\t\t\t\t<div class=\"elementor-element elementor-element-d355509 e-flex e-con-boxed wpr-particle-no wpr-jarallax-no wpr-parallax-no wpr-sticky-section-no wpr-equal-height-no e-con e-parent\" data-id=\"d355509\" data-element_type=\"container\" data-e-type=\"container\">\n\t\t\t\t\t<div class=\"e-con-inner\">\n\t\t\t\t<div class=\"elementor-element elementor-element-3d5d667 elementor-widget elementor-widget-heading\" data-id=\"3d5d667\" data-element_type=\"widget\" data-e-type=\"widget\" data-widget_type=\"heading.default\">\n\t\t\t\t<div class=\"elementor-widget-container\">\n\t\t\t\t\t<h2 class=\"elementor-heading-title elementor-size-default\">Doprava a platba<\/h2>\t\t\t\t<\/div>\n\t\t\t\t<\/div>\n\t\t\t\t\t<\/div>\n\t\t\t\t<\/div>\n\t\t<div class=\"elementor-element elementor-element-34c8be6 e-flex e-con-boxed wpr-particle-no wpr-jarallax-no wpr-parallax-no wpr-sticky-section-no wpr-equal-height-no e-con e-parent\" data-id=\"34c8be6\" data-element_type=\"container\" data-e-type=\"container\">\n\t\t\t\t\t<div class=\"e-con-inner\">\n\t\t\t\t<div class=\"elementor-element elementor-element-91b3ae8 elementor-widget elementor-widget-text-editor\" data-id=\"91b3ae8\" data-element_type=\"widget\" data-e-type=\"widget\" data-widget_type=\"text-editor.default\">\n\t\t\t\t<div class=\"elementor-widget-container\">\n\t\t\t\t\t\t\t\t\t<p lang=\"cs-CZ\" align=\"justify\"><span style=\"color: #333300;\"><b>DOPRAVA<\/b><\/span><\/p><p lang=\"cs-CZ\" align=\"justify\">Objedn\u00e1vky odes\u00edl\u00e1me v r\u00e1mci \u00fazem\u00ed \u010cesk\u00e9 republiky prost\u0159ednictv\u00edm slu\u017eby <strong>Z\u00e1silkovna<\/strong> nebo <strong>\u010cesk\u00e1 po\u0161ta<\/strong>. Po odesl\u00e1n\u00ed V\u00e1m doraz\u00ed e-mail s potvrzen\u00edm a sledovac\u00edm odkazem, abyste mohli sv\u016fj bal\u00ed\u010dek pohodln\u011b sledovat.<\/p><p lang=\"cs-CZ\" align=\"justify\"><span style=\"text-decoration: underline;\"><span style=\"color: #333300; text-decoration: underline;\">Z\u00c1SILKOVNA &#8211; Z-POINT, Z-BOX<\/span><\/span><\/p><ul><li lang=\"cs-CZ\"><span style=\"color: #333300;\">tato slu\u017eba je zpoplatn\u011bna cenou <strong>89,00 K\u010d<\/strong>,<\/span><\/li><li lang=\"cs-CZ\">doru\u010den\u00ed na v\u00fddejn\u00ed m\u00edsto nebo do Z-boxu dle va\u0161eho v\u00fdb\u011bru,<\/li><li lang=\"cs-CZ\">o p\u0159\u00edchodu z\u00e1silky V\u00e1s Z\u00e1silkovna informuje e-mailem a\/nebo SMS,<\/li><li lang=\"cs-CZ\">obvykl\u00e1 <strong>doba doru\u010den\u00ed: 1-3 pracovn\u00ed dny<\/strong> od odesl\u00e1n\u00ed.<\/li><\/ul><p>\u00a0<\/p><p><span style=\"text-decoration: underline;\">\u010cESK\u00c1 PO\u0160TA &#8211; DORU\u010cEN\u00cd NA ADRESU<\/span><\/p><ul><li>tato slu\u017eba je zpoplatn\u011bna cenou <strong>159, 00 K\u010d<\/strong>,<\/li><li>doru\u010den\u00ed p\u0159\u00edmo na Va\u0161i adresu,<\/li><li>pokud V\u00e1s kur\u00fdr nezastihne, z\u00e1silku je mo\u017en\u00e9 vyzvednout na nejbli\u017e\u0161\u00ed po\u0161t\u011b,<\/li><li>obvykl\u00e1 <strong>doba doru\u010den\u00ed: 2-4 pracovn\u00ed dny<\/strong> od odesl\u00e1n\u00ed.<\/li><\/ul><p>\u00a0<\/p><p><strong>Kone\u010dn\u00e1 cena dopravy<\/strong> se v\u017edy zobraz\u00ed v ko\u0161\u00edku a na str\u00e1nce Pokladny p\u0159ed ukon\u010den\u00edm objedn\u00e1vky.<\/p><p><strong>V p\u0159\u00edpad\u011b objedn\u00e1vky zbo\u017e\u00ed od r\u016fzn\u00fdch tv\u016frc\u016f m\u016f\u017ee b\u00fdt objedn\u00e1vka doru\u010dena ve v\u00edce bal\u00ed\u010dc\u00edch.<\/strong><\/p><p>\u00a0<\/p><p><span style=\"color: #333300;\"><b>PLATBA<\/b><\/span><\/p><p align=\"justify\"><span style=\"text-decoration: underline;\">BANKOVN\u00cd P\u0158EVOD<\/span><\/p><p align=\"justify\">Tento zp\u016fsob platby je <strong>zdarma<\/strong>. Po odesl\u00e1n\u00ed objedn\u00e1vky obdr\u017e\u00edte e-mail s platebn\u00edmi \u00fadaji.<\/p><p align=\"justify\"><strong>Splatnost objedn\u00e1vky je 5 kalend\u00e1\u0159n\u00edch dn\u016f<\/strong>, po tuto dobu je zbo\u017e\u00ed rezervov\u00e1no. Pokud platba nebude do t\u00e9to lh\u016fty p\u0159ips\u00e1na na n\u00e1\u0161 \u00fa\u010det, objedn\u00e1vka bude automaticky zru\u0161ena.<\/p><p align=\"justify\">Zbo\u017e\u00ed odes\u00edl\u00e1me po p\u0159ips\u00e1n\u00ed platby na n\u00e1\u0161 \u00fa\u010det.<\/p><ul><li>pro rychl\u00e9 sp\u00e1rov\u00e1n\u00ed pros\u00edme uve\u010fte spr\u00e1vn\u00fd <strong>variabiln\u00ed symbol<\/strong> (\u010d\u00edslo objedn\u00e1vky)<\/li><\/ul><p>\u00a0<\/p><p><span style=\"text-decoration: underline;\">DOB\u00cdRKA<\/span><\/p><p align=\"justify\">Plat\u00edte p\u0159i p\u0159evzet\u00ed z\u00e1silky (v hotovosti nebo kartou dle mo\u017enost\u00ed dopravce). Tento zp\u016fsob platby je zpoplatn\u011bn p\u0159\u00edplatkem 40,00 K\u010d, kter\u00fd se zobraz\u00ed na str\u00e1nce Pokladny p\u0159ed dokon\u010den\u00edm objedn\u00e1vky.<\/p><p align=\"justify\">\u00a0<\/p><p align=\"justify\"><span style=\"color: #333300;\"><b>DAL\u0160\u00cd INFORMACE<\/b><\/span><\/p><p>Platby p\u0159ipsan\u00e9 na n\u00e1\u0161 \u00fa\u010det kontrolujeme zpravidla 1x denn\u011b, proto m\u016f\u017ee odesl\u00e1n\u00ed zbo\u017e\u00ed prob\u011bhnout s kr\u00e1tk\u00fdm \u010dasov\u00fdm odstupem od p\u0159ijet\u00ed platby.<\/p><p>Objedn\u00e1vky obvykle odes\u00edl\u00e1me:<\/p><ul><li style=\"list-style-type: none;\"><ul><li>u fyzick\u00fdch produkt\u016f do 3-7 pracovn\u00edch dn\u016f od p\u0159ijet\u00ed platby na n\u00e1\u0161 \u00fa\u010det<\/li><li>u digit\u00e1ln\u00edch produkt\u016f do 3 pracovn\u00edch dn\u016f od p\u0159ijet\u00ed platby na n\u00e1\u0161 \u00fa\u010det<\/li><li>u v\u00fdrobk\u016f na zak\u00e1zku dle individu\u00e1ln\u00ed domluvy<\/li><\/ul><\/li><\/ul><p>\u00a0<\/p><p>Pokud se odesl\u00e1n\u00ed z jak\u00e9hokoliv d\u016fvodu zdr\u017e\u00ed, d\u00e1me V\u00e1m v\u011bd\u011bt e-mailem.<\/p><p>U v\u011bt\u0161\u00edch objedn\u00e1vek nebo speci\u00e1ln\u00edch po\u017eadavk\u016f se s V\u00e1mi domluv\u00edme individu\u00e1ln\u011b.<\/p><p>Pokud m\u00e1te jak\u00fdkoliv dotaz k doprav\u011b nebo platb\u011b, nev\u00e1hejte se na n\u00e1s obr\u00e1tit &#8211; r\u00e1di V\u00e1m porad\u00edme.<\/p>\t\t\t\t\t\t\t\t<\/div>\n\t\t\t\t<\/div>\n\t\t\t\t\t<\/div>\n\t\t\t\t<\/div>\n\t\t\t\t<\/div>\n\t\t","protected":false},"excerpt":{"rendered":"<p>Doprava a platba DOPRAVA Objedn\u00e1vky odes\u00edl\u00e1me v r\u00e1mci \u00fazem\u00ed \u010cesk\u00e9 republiky prost\u0159ednictv\u00edm slu\u017eby Z\u00e1silkovna nebo \u010cesk\u00e1 po\u0161ta. Po odesl\u00e1n\u00ed V\u00e1m doraz\u00ed e-mail s potvrzen\u00edm a sledovac\u00edm odkazem, abyste mohli sv\u016fj bal\u00ed\u010dek pohodln\u011b sledovat. Z\u00c1SILKOVNA &#8211; Z-POINT, Z-BOX tato slu\u017eba je zpoplatn\u011bna cenou 89,00 K\u010d, doru\u010den\u00ed na v\u00fddejn\u00ed m\u00edsto nebo do Z-boxu dle va\u0161eho v\u00fdb\u011bru, o p\u0159\u00edchodu z\u00e1silky V\u00e1s Z\u00e1silkovna informuje e-mailem a\/nebo SMS, obvykl\u00e1 doba doru\u010den\u00ed: 1-3 pracovn\u00ed dny od odesl\u00e1n\u00ed. \u00a0 \u010cESK\u00c1 PO\u0160TA &#8211; DORU\u010cEN\u00cd NA ADRESU tato slu\u017eba je zpoplatn\u011bna cenou 159, 00 K\u010d, doru\u010den\u00ed p\u0159\u00edmo na Va\u0161i adresu, pokud V\u00e1s kur\u00fdr nezastihne, z\u00e1silku je mo\u017en\u00e9 vyzvednout na nejbli\u017e\u0161\u00ed po\u0161t\u011b, obvykl\u00e1 doba doru\u010den\u00ed: 2-4 pracovn\u00ed dny od odesl\u00e1n\u00ed. \u00a0 Kone\u010dn\u00e1 cena dopravy se v\u017edy zobraz\u00ed v ko\u0161\u00edku a na str\u00e1nce Pokladny p\u0159ed ukon\u010den\u00edm objedn\u00e1vky. V p\u0159\u00edpad\u011b objedn\u00e1vky zbo\u017e\u00ed od r\u016fzn\u00fdch tv\u016frc\u016f m\u016f\u017ee b\u00fdt objedn\u00e1vka doru\u010dena ve v\u00edce bal\u00ed\u010dc\u00edch. \u00a0 PLATBA BANKOVN\u00cd P\u0158EVOD Tento zp\u016fsob platby je zdarma. Po odesl\u00e1n\u00ed objedn\u00e1vky obdr\u017e\u00edte e-mail s platebn\u00edmi \u00fadaji. Splatnost objedn\u00e1vky je 5 kalend\u00e1\u0159n\u00edch dn\u016f, po tuto dobu je zbo\u017e\u00ed rezervov\u00e1no. Pokud platba nebude do t\u00e9to lh\u016fty p\u0159ips\u00e1na na n\u00e1\u0161 \u00fa\u010det, objedn\u00e1vka bude automaticky zru\u0161ena. Zbo\u017e\u00ed odes\u00edl\u00e1me po p\u0159ips\u00e1n\u00ed platby na n\u00e1\u0161 \u00fa\u010det. pro rychl\u00e9 sp\u00e1rov\u00e1n\u00ed pros\u00edme uve\u010fte spr\u00e1vn\u00fd variabiln\u00ed symbol (\u010d\u00edslo objedn\u00e1vky) \u00a0 DOB\u00cdRKA Plat\u00edte p\u0159i p\u0159evzet\u00ed z\u00e1silky (v hotovosti nebo kartou dle mo\u017enost\u00ed dopravce). Tento zp\u016fsob platby je zpoplatn\u011bn p\u0159\u00edplatkem 40,00 K\u010d, kter\u00fd se zobraz\u00ed na str\u00e1nce Pokladny p\u0159ed dokon\u010den\u00edm objedn\u00e1vky. \u00a0 DAL\u0160\u00cd INFORMACE Platby p\u0159ipsan\u00e9 na n\u00e1\u0161 \u00fa\u010det kontrolujeme zpravidla 1x denn\u011b, proto m\u016f\u017ee odesl\u00e1n\u00ed zbo\u017e\u00ed prob\u011bhnout s kr\u00e1tk\u00fdm \u010dasov\u00fdm odstupem od p\u0159ijet\u00ed platby. Objedn\u00e1vky obvykle odes\u00edl\u00e1me: u fyzick\u00fdch produkt\u016f do 3-7 pracovn\u00edch dn\u016f od p\u0159ijet\u00ed platby na n\u00e1\u0161 \u00fa\u010det u digit\u00e1ln\u00edch produkt\u016f do 3 pracovn\u00edch dn\u016f od p\u0159ijet\u00ed platby na n\u00e1\u0161 \u00fa\u010det u v\u00fdrobk\u016f na zak\u00e1zku dle individu\u00e1ln\u00ed domluvy \u00a0 Pokud se odesl\u00e1n\u00ed z jak\u00e9hokoliv d\u016fvodu zdr\u017e\u00ed, d\u00e1me V\u00e1m v\u011bd\u011bt e-mailem. U v\u011bt\u0161\u00edch objedn\u00e1vek nebo speci\u00e1ln\u00edch po\u017eadavk\u016f se s V\u00e1mi domluv\u00edme individu\u00e1ln\u011b. Pokud m\u00e1te jak\u00fdkoliv dotaz k doprav\u011b nebo platb\u011b, nev\u00e1hejte se na n\u00e1s obr\u00e1tit &#8211; r\u00e1di V\u00e1m porad\u00edme.<\/p>\n","protected":false},"author":1,"featured_media":0,"parent":0,"menu_order":0,"comment_status":"closed","ping_status":"closed","template":"elementor_header_footer","meta":{"footnotes":""},"class_list":["post-3146","page","type-page","status-publish","hentry"],"aioseo_notices":[],"_links":{"self":[{"href":"https:\/\/www.lecha.cz\/index.php\/wp-json\/wp\/v2\/pages\/3146","targetHints":{"allow":["GET"]}}],"collection":[{"href":"https:\/\/www.lecha.cz\/index.php\/wp-json\/wp\/v2\/pages"}],"about":[{"href":"https:\/\/www.lecha.cz\/index.php\/wp-json\/wp\/v2\/types\/page"}],"author":[{"embeddable":true,"href":"https:\/\/www.lecha.cz\/index.php\/wp-json\/wp\/v2\/users\/1"}],"replies":[{"embeddable":true,"href":"https:\/\/www.lecha.cz\/index.php\/wp-json\/wp\/v2\/comments?post=3146"}],"version-history":[{"count":64,"href":"https:\/\/www.lecha.cz\/index.php\/wp-json\/wp\/v2\/pages\/3146\/revisions"}],"predecessor-version":[{"id":7173,"href":"https:\/\/www.lecha.cz\/index.php\/wp-json\/wp\/v2\/pages\/3146\/revisions\/7173"}],"wp:attachment":[{"href":"https:\/\/www.lecha.cz\/index.php\/wp-json\/wp\/v2\/media?parent=3146"}],"curies":[{"name":"wp","href":"https:\/\/api.w.org\/{rel}","templated":true}]}}